{"id":17236,"date":"2021-03-24T10:32:01","date_gmt":"2021-03-24T08:32:01","guid":{"rendered":"https:\/\/galicianparts.com\/shop\/producto\/9567223980-kit-juntas-de-motor-m-1-7-1-8-1-9-d-fiat-citroen-hyundai-peugeot-nuevo-original\/"},"modified":"2021-03-24T10:34:11","modified_gmt":"2021-03-24T08:34:11","slug":"9567223980-kit-juntas-de-motor-m-1-7-1-8-1-9-d-fiat-citroen-hyundai-peugeot-nuevo-original","status":"publish","type":"product","link":"https:\/\/galicianparts.com\/shop\/producto\/9567223980-kit-juntas-de-motor-m-1-7-1-8-1-9-d-fiat-citroen-hyundai-peugeot-nuevo-original\/","title":{"rendered":"9567223980 Kit juntas de motor M 1.7 1.8 1.9 D Fiat \/ Citroen \/ Hyundai \/ Peugeot NUEVO ORIGINAL"},"content":{"rendered":"<p>Juego de descarbonizaci\u00f3n, set de juntas y retenes de motor para los modelos 1700CC, 1800CC y 1900CC (Diesel y turbo di\u00e9sel)<br \/>\nFIAT &#8211; PG ULYSSE (1994-2002)<br \/>\nFIAT PROFESSIONAL &#8211; PE DUCATO&#8217;94 DIESEL (1994-2002)<br \/>\nFIAT PROFESSIONAL &#8211; PL SCUDO (1995-2004)<br \/>\nCITRO\u00cbN Berlingo \/ Berlingo First I (MF, GJK, GFK) (A\u00f1o 07.1996 &#8211; 12.2003, 58 &#8211; 68 , Gas\u00f3leo)<br \/>\nCITRO\u00cbN Berlingo \/ Berlingo First I Furg\u00f3n (M) (A\u00f1o 07.1996 &#8211; 12.2003, 59 &#8211; 70 , Gas\u00f3leo)<br \/>\nCITRO\u00cbN BX Hatchback (A\u00f1o 09.1983 &#8211; 06.1994, 60 &#8211; 122 , Gas\u00f3leo,Gasolina)<br \/>\nCITRO\u00cbN BX Familiar (A\u00f1o 09.1983 &#8211; 12.1994, 60 &#8211; 90 , Gas\u00f3leo)<br \/>\nCITRO\u00cbN C15 Furg\u00f3n (A\u00f1o 07.1986 &#8211; 12.2000, 60 , Gas\u00f3leo)<br \/>\nCITRO\u00cbN C15 Familiar (A\u00f1o 04.1987 &#8211; 08.2000, 60 , Gas\u00f3leo)<br \/>\nCITRO\u00cbN C25 Bus (A\u00f1o 07.1987 &#8211; 02.1994, 69 , Gas\u00f3leo)<br \/>\nCITRO\u00cbN C25 Furg\u00f3n (A\u00f1o 01.1988 &#8211; 01.1994, 69 , Gas\u00f3leo)<br \/>\nCITRO\u00cbN Evasion (22, U6) (A\u00f1o 11.1994 &#8211; 07.2002, 90 &#8211; 92 , Gas\u00f3leo)<br \/>\nCITRO\u00cbN Jumper I Bus (230) (A\u00f1o 01.1999 &#8211; 04.2002, 69 , Gas\u00f3leo)<br \/>\nCITRO\u00cbN Jumper I Cami\u00f3n de plataforma\/Chasis (230) (A\u00f1o 03.1994 &#8211; 04.2002, 90 , Gas\u00f3leo)<br \/>\nCITRO\u00cbN Jumper I Furg\u00f3n (230) (A\u00f1o 02.1994 &#8211; 04.2002, 69 &#8211; 90 , Gas\u00f3leo)<br \/>\nCITRO\u00cbN Jumpy I MPV (A\u00f1o 10.1995 &#8211; 11.2003, 69 &#8211; 92 , Gas\u00f3leo)<br \/>\nCITRO\u00cbN Jumpy I Cami\u00f3n de plataforma\/Chasis (A\u00f1o 10.1999 &#8211; 10.2006, 92 , Gas\u00f3leo)<br \/>\nCITRO\u00cbN Jumpy I Furg\u00f3n (A\u00f1o 10.1995 &#8211; 08.2000, 69 &#8211; 90 , Gas\u00f3leo)<br \/>\nCITRO\u00cbN Visa Hatchback (A\u00f1o 04.1984 &#8211; 03.1991, 60 , Gas\u00f3leo)<br \/>\nCITRO\u00cbN Xantia Familiar (X1, X2) (A\u00f1o 06.1995 &#8211; 01.1998, 75 &#8211; 90 , Gas\u00f3leo)<br \/>\nCITRO\u00cbN Xantia Hatchback (X1, X2) (A\u00f1o 06.1994 &#8211; 01.1998, 68 &#8211; 90 , Gas\u00f3leo)<br \/>\nCITRO\u00cbN Xsara Hatchback (N1) (A\u00f1o 04.1997 &#8211; 09.2000, 58 &#8211; 90 , Gas\u00f3leo)<br \/>\nCITRO\u00cbN Xsara Familiar (N2) (A\u00f1o 10.1997 &#8211; 09.2000, 58 &#8211; 90 , Gas\u00f3leo)<br \/>\nCITRO\u00cbN Xsara Coup\u00e9 (N0) (A\u00f1o 02.1998 &#8211; 09.2000, 68 &#8211; 90 , Gas\u00f3leo)<br \/>\nCITRO\u00cbN Xsara Furg\u00f3n \/ Familiar (A\u00f1o 05.1998 &#8211; 05.1999, 58 , Gas\u00f3leo)<br \/>\nCITRO\u00cbN Xsara Furg\u00f3n \/ Hatchback (N3) (A\u00f1o 05.1998 &#8211; 08.2000, 58 &#8211; 88 , Gas\u00f3leo)<br \/>\nCITRO\u00cbN ZX Hatchback (N2) (A\u00f1o 03.1991 &#8211; 07.1999, 60 &#8211; 92 , Gas\u00f3leo)<br \/>\nCITRO\u00cbN ZX Familiar (N2) (A\u00f1o 10.1993 &#8211; 10.1997, 60 &#8211; 90 , Gas\u00f3leo)<br \/>\nHYUNDAI Lantra II Berlina (J-2) (A\u00f1o 03.1998 &#8211; 09.2000, 68 , Gas\u00f3leo)<br \/>\nHYUNDAI Lantra II Familiar (J-2) (A\u00f1o 03.1998 &#8211; 10.2000, 68 , Gas\u00f3leo)<br \/>\nPEUGEOT 205 XA\/XAD Furg\u00f3n (A\u00f1o 02.1983 &#8211; 07.1990, 60 , Gas\u00f3leo)<br \/>\nPEUGEOT 205 F Furg\u00f3n (A\u00f1o 08.1990 &#8211; 12.1994, 64 &#8211; 79 , Gas\u00f3leo)<br \/>\nPEUGEOT 205 I Hatchback (A\u00f1o 08.1983 &#8211; 10.1987, 60 , Gas\u00f3leo)<br \/>\nPEUGEOT 205 II Hatchback (A\u00f1o 07.1987 &#8211; 09.1998, 60 &#8211; 79 , Gas\u00f3leo)<br \/>\nPEUGEOT 305 II Berlina (A\u00f1o 10.1982 &#8211; 12.1988, 60 &#8211; 65 , Gas\u00f3leo)<br \/>\nPEUGEOT 305 II Familiar (A\u00f1o 10.1982 &#8211; 12.1988, 60 &#8211; 65 , Gas\u00f3leo)<br \/>\nPEUGEOT 306 Berlina (A\u00f1o 02.1994 &#8211; 05.2001, 60 &#8211; 94 , Gas\u00f3leo)<br \/>\nPEUGEOT 306 Familiar (A\u00f1o 03.1997 &#8211; 04.2002, 60 &#8211; 75 , Gas\u00f3leo)<br \/>\nPEUGEOT 306 Hatchback (A\u00f1o 04.1993 &#8211; 05.2001, 58 &#8211; 94 , Gas\u00f3leo)<br \/>\nPEUGEOT 306 Furg\u00f3n \/ Hatchback (A\u00f1o 04.1993 &#8211; 05.1999, 60 &#8211; 68 , Gas\u00f3leo)<br \/>\nPEUGEOT 306 Furg\u00f3n \/ Familiar (A\u00f1o 02.1994 &#8211; 06.2000, 60 &#8211; 94 , Gas\u00f3leo)<br \/>\nPEUGEOT 309 Furg\u00f3n \/ Hatchback (10S, 3S) (A\u00f1o 10.1985 &#8211; 10.1993, 64 , Gas\u00f3leo)<br \/>\nPEUGEOT 309 I Hatchback (A\u00f1o 06.1986 &#8211; 07.1989, 64 , Gas\u00f3leo)<br \/>\nPEUGEOT 309 II Hatchback (A\u00f1o 07.1989 &#8211; 12.1993, 58 &#8211; 78 , Gas\u00f3leo)<br \/>\nPEUGEOT 405 I Berlina (15B) (A\u00f1o 10.1987 &#8211; 12.1992, 64 &#8211; 90 , Gas\u00f3leo)<br \/>\nPEUGEOT 405 I Familiar (15E) (A\u00f1o 10.1988 &#8211; 08.1992, 64 &#8211; 90 , Gas\u00f3leo)<br \/>\nPEUGEOT 405 II Berlina (4B) (A\u00f1o 08.1992 &#8211; 11.1999, 64 &#8211; 94 , Gas\u00f3leo)<br \/>\nPEUGEOT 405 II Familiar (4E) (A\u00f1o 08.1992 &#8211; 10.1998, 64 &#8211; 94 , Gas\u00f3leo)<br \/>\nPEUGEOT 405 II Furg\u00f3n \/ Familiar (4E_) (A\u00f1o 08.1992 &#8211; 12.1995, 69 , Gas\u00f3leo)<br \/>\nPEUGEOT 406 Berlina (A\u00f1o 10.1995 &#8211; 05.2004, 75 &#8211; 94 , Gas\u00f3leo)<br \/>\nPEUGEOT 406 Familiar (A\u00f1o 10.1996 &#8211; 10.2004, 75 &#8211; 90 , Gas\u00f3leo)<br \/>\nPEUGEOT 806 (A\u00f1o 07.1995 &#8211; 08.2002, 90 &#8211; 92 , Gas\u00f3leo)<br \/>\nPEUGEOT Boxer Bus (230) (A\u00f1o 03.1994 &#8211; 04.2002, 69 &#8211; 92 , Gas\u00f3leo)<br \/>\nPEUGEOT Boxer Cami\u00f3n de plataforma\/Chasis (230) (A\u00f1o 06.1994 &#8211; 04.2002, 90 &#8211; 92 , Gas\u00f3leo)<br \/>\nPEUGEOT Boxer Furg\u00f3n (230) (A\u00f1o 03.1994 &#8211; 04.2002, 68 &#8211; 92 , Gas\u00f3leo)<br \/>\nPEUGEOT Expert I (224) (A\u00f1o 02.1996 &#8211; 09.2000, 70 &#8211; 92 , Gas\u00f3leo)<br \/>\nPEUGEOT Expert I Cami\u00f3n de plataforma\/Chasis (A\u00f1o 02.1996 &#8211; 09.2000, 70 &#8211; 92 , Gas\u00f3leo)<br \/>\nPEUGEOT Expert I Furg\u00f3n (A\u00f1o 02.1996 &#8211; 09.2000, 70 &#8211; 92 , Gas\u00f3leo)<br \/>\nPEUGEOT J5 Furg\u00f3n (280) (A\u00f1o 09.1987 &#8211; 08.1990, 69 , Gas\u00f3leo)<br \/>\nPEUGEOT Partner I Combispace (A\u00f1o 05.1996 &#8211; 12.2002, 68 &#8211; 69 , Gas\u00f3leo)<br \/>\nPEUGEOT Partner I Furg\u00f3n (A\u00f1o 05.1996 &#8211; 12.2002, 58 &#8211; 69 , Gas\u00f3leo)<\/p>\n<p>LA PIEZA ES NUEVA Y ORIGINAL.<\/p>\n","protected":false},"excerpt":{"rendered":"<p>Juego de descarbonizaci\u00f3n, set de juntas y retenes de motor para los modelos 1700CC, 1800CC y 1900CC (Diesel y turbo di\u00e9sel) FIAT &#8211; PG ULYSSE (1994-2002) FIAT PROFESSIONAL &#8211; PE DUCATO&#8217;94 DIESEL (1994-2002) FIAT PROFESSIONAL &#8211; PL SCUDO (1995-2004) CITRO\u00cbN Berlingo \/ Berlingo First I (MF, GJK, GFK) (A\u00f1o 07.1996 &#8211; 12.2003, 58 &#8211; 68 [&hellip;]<\/p>\n","protected":false},"featured_media":17237,"template":"","meta":{"_seopress_robots_primary_cat":"","_seopress_titles_title":"","_seopress_titles_desc":"","_seopress_robots_index":""},"product_cat":[235,194,147,149,150,151,189,129,155,130,131,132,23,88,188,156,20,271,157,137,138,300,158,24,104,113,140,141,143,144],"product_tag":[],"class_list":{"0":"post-17236","1":"product","2":"type-product","3":"status-publish","4":"has-post-thumbnail","6":"product_cat-recambios-peugeot-205","7":"product_cat-recambios-peugeot-305","8":"product_cat-recambios-peugeot-306","9":"product_cat-recambios-peugeot-309","10":"product_cat-recambios-peugeot-405","11":"product_cat-recambios-peugeot-406","12":"product_cat-recambios-peugeot-806","13":"product_cat-recambios-citroen-berlingo","14":"product_cat-recambios-peugeot-boxer","15":"product_cat-recambios-citroen-bx","16":"product_cat-recambios-citroen-c15","17":"product_cat-recambios-citroen-c25","18":"product_cat-recambios-citroen","19":"product_cat-recambios-fiat-ducato","20":"product_cat-recambios-citroen-evasion","21":"product_cat-recambios-peugeot-expert","22":"product_cat-recambios-fiat","23":"product_cat-recambios-hyundai","24":"product_cat-recambios-peugeot-j5","25":"product_cat-recambios-citroen-jumper","26":"product_cat-recambios-citroen-jumpy","27":"product_cat-recambios-hyundai-lantra","28":"product_cat-recambios-peugeot-partner","29":"product_cat-recambios-peugeot","30":"product_cat-recambios-fiat-scudo","31":"product_cat-recambios-fiat-ulysse","32":"product_cat-recambios-citroen-visa","33":"product_cat-recambios-citroen-xantia","34":"product_cat-recambios-citroen-xsara","35":"product_cat-recambios-citroen-zx","37":"first","38":"instock","39":"taxable","40":"shipping-taxable","41":"purchasable","42":"product-type-simple"},"_links":{"self":[{"href":"https:\/\/galicianparts.com\/shop\/wp-json\/wp\/v2\/product\/17236"}],"collection":[{"href":"https:\/\/galicianparts.com\/shop\/wp-json\/wp\/v2\/product"}],"about":[{"href":"https:\/\/galicianparts.com\/shop\/wp-json\/wp\/v2\/types\/product"}],"wp:featuredmedia":[{"embeddable":true,"href":"https:\/\/galicianparts.com\/shop\/wp-json\/wp\/v2\/media\/17237"}],"wp:attachment":[{"href":"https:\/\/galicianparts.com\/shop\/wp-json\/wp\/v2\/media?parent=17236"}],"wp:term":[{"taxonomy":"product_cat","embeddable":true,"href":"https:\/\/galicianparts.com\/shop\/wp-json\/wp\/v2\/product_cat?post=17236"},{"taxonomy":"product_tag","embeddable":true,"href":"https:\/\/galicianparts.com\/shop\/wp-json\/wp\/v2\/product_tag?post=17236"}],"curies":[{"name":"wp","href":"https:\/\/api.w.org\/{rel}","templated":true}]}}