{"id":17299,"date":"2021-03-24T13:55:55","date_gmt":"2021-03-24T11:55:55","guid":{"rendered":"https:\/\/galicianparts.com\/shop\/producto\/71740851-tubo-toma-de-deposito-limpiaparabrisas-fiat-linea-2007-nuevo-original\/"},"modified":"2021-03-24T14:00:19","modified_gmt":"2021-03-24T12:00:19","slug":"71740851-tubo-toma-de-deposito-limpiaparabrisas-fiat-linea-2007-nuevo-original","status":"publish","type":"product","link":"https:\/\/galicianparts.com\/shop\/producto\/71740851-tubo-toma-de-deposito-limpiaparabrisas-fiat-linea-2007-nuevo-original\/","title":{"rendered":"71740851 Tubo toma de dep\u00f3sito limpiaparabrisas Fiat Linea (2007-&#8230;) NUEVO ORIGINAL"},"content":{"rendered":"<p>Tubo de llenado del dep\u00f3sito del l\u00edquido de limpiaparabrisas de:<br \/>\nFIAT &#8211; 3M LINEA (2007-&#8230;.)<br \/>\nFIAT &#8211; 0C LINEA INDIA FL2014 (2014-&#8230;.)<\/p>\n<p>LA PIEZA ES NUEVA Y ORIGINAL.<\/p>\n","protected":false},"excerpt":{"rendered":"<p>Tubo de llenado del dep\u00f3sito del l\u00edquido de limpiaparabrisas de: FIAT &#8211; 3M LINEA (2007-&#8230;.) FIAT &#8211; 0C LINEA INDIA FL2014 (2014-&#8230;.) LA PIEZA ES NUEVA Y ORIGINAL.<\/p>\n","protected":false},"featured_media":17300,"template":"","meta":{"_seopress_robots_primary_cat":"","_seopress_titles_title":"","_seopress_titles_desc":"","_seopress_robots_index":""},"product_cat":[20,94],"product_tag":[],"class_list":{"0":"post-17299","1":"product","2":"type-product","3":"status-publish","4":"has-post-thumbnail","6":"product_cat-recambios-fiat","7":"product_cat-recambios-fiat-linea","9":"first","10":"instock","11":"taxable","12":"shipping-taxable","13":"purchasable","14":"product-type-simple"},"_links":{"self":[{"href":"https:\/\/galicianparts.com\/shop\/wp-json\/wp\/v2\/product\/17299"}],"collection":[{"href":"https:\/\/galicianparts.com\/shop\/wp-json\/wp\/v2\/product"}],"about":[{"href":"https:\/\/galicianparts.com\/shop\/wp-json\/wp\/v2\/types\/product"}],"wp:featuredmedia":[{"embeddable":true,"href":"https:\/\/galicianparts.com\/shop\/wp-json\/wp\/v2\/media\/17300"}],"wp:attachment":[{"href":"https:\/\/galicianparts.com\/shop\/wp-json\/wp\/v2\/media?parent=17299"}],"wp:term":[{"taxonomy":"product_cat","embeddable":true,"href":"https:\/\/galicianparts.com\/shop\/wp-json\/wp\/v2\/product_cat?post=17299"},{"taxonomy":"product_tag","embeddable":true,"href":"https:\/\/galicianparts.com\/shop\/wp-json\/wp\/v2\/product_tag?post=17299"}],"curies":[{"name":"wp","href":"https:\/\/api.w.org\/{rel}","templated":true}]}}