{"id":17382,"date":"2021-03-25T10:21:12","date_gmt":"2021-03-25T08:21:12","guid":{"rendered":"https:\/\/galicianparts.com\/shop\/producto\/46400051-polea-distribucion-m-1580-16v-fiat-barva-bravo-marea-lancia-delta-nuevo-original\/"},"modified":"2025-04-02T13:28:57","modified_gmt":"2025-04-02T11:28:57","slug":"46400051-polea-distribucion-m-1580-16v-fiat-barva-bravo-marea-lancia-delta-nuevo-original","status":"publish","type":"product","link":"https:\/\/galicianparts.com\/shop\/producto\/46400051-polea-distribucion-m-1580-16v-fiat-barva-bravo-marea-lancia-delta-nuevo-original\/","title":{"rendered":"46400051 Polea \u00e1rbol de levas M 1.6 16V Lancia Delta II \/Fiat Bravo \/Brava \/Marea ORIGINAL"},"content":{"rendered":"<p>Pi\u00f1\u00f3n, engranaje superior de la correa de distribuci\u00f3n del motor de:<br \/>\nDientes: 48<br \/>\nDi\u00e1metro: 120mm<br \/>\nDi\u00e1metro interior: 12.5mm<br \/>\nEspesor: 32.4mm<\/p>\n<p>FIAT &#8211; 1V BRAVA (1995-1998) 1580 MPI 16V 103CV \/ 1580 MPI 16V 90CV \/ 1580 MPI 16V EM 04<br \/>\nFIAT &#8211; 1U BRAVO (1995-1998) 1580 MPI 16V 103CV \/ 1580 MPI 16V 90CV<br \/>\nFIAT &#8211; PT MAREA BENZINA (1996-1999) 1580 16V 103CV (75 KW) \/ MOTOR 1580 BIPOWER<br \/>\nLANCIA &#8211; SF N.DELTA 1600 (1993-1999) 1580 CEE F2 16V 103CV \/ 1580 CEE F2 16V 90CV<\/p>\n<p>LA PIEZA ES NUEVA Y ORIGINAL.<\/p>\n","protected":false},"excerpt":{"rendered":"<p>Pi\u00f1\u00f3n, engranaje superior de la correa de distribuci\u00f3n del motor de: Dientes: 48 Di\u00e1metro: 120mm Di\u00e1metro interior: 12.5mm Espesor: 32.4mm FIAT &#8211; 1V BRAVA (1995-1998) 1580 MPI 16V 103CV \/ 1580 MPI 16V 90CV \/ 1580 MPI 16V EM 04 FIAT &#8211; 1U BRAVO (1995-1998) 1580 MPI 16V 103CV \/ 1580 MPI 16V 90CV FIAT [&hellip;]<\/p>\n","protected":false},"featured_media":17383,"template":"","meta":{"_seopress_robots_primary_cat":"","_seopress_titles_title":"","_seopress_titles_desc":"","_seopress_robots_index":""},"product_cat":[81,82,118,20,21,95],"product_tag":[],"class_list":{"0":"post-17382","1":"product","2":"type-product","3":"status-publish","4":"has-post-thumbnail","6":"product_cat-recambios-fiat-brava","7":"product_cat-recambios-fiat-bravo","8":"product_cat-recambios-lancia-delta","9":"product_cat-recambios-fiat","10":"product_cat-recambios-lancia","11":"product_cat-recambios-fiat-marea","13":"first","14":"instock","15":"taxable","16":"shipping-taxable","17":"purchasable","18":"product-type-simple"},"_links":{"self":[{"href":"https:\/\/galicianparts.com\/shop\/wp-json\/wp\/v2\/product\/17382"}],"collection":[{"href":"https:\/\/galicianparts.com\/shop\/wp-json\/wp\/v2\/product"}],"about":[{"href":"https:\/\/galicianparts.com\/shop\/wp-json\/wp\/v2\/types\/product"}],"wp:featuredmedia":[{"embeddable":true,"href":"https:\/\/galicianparts.com\/shop\/wp-json\/wp\/v2\/media\/17383"}],"wp:attachment":[{"href":"https:\/\/galicianparts.com\/shop\/wp-json\/wp\/v2\/media?parent=17382"}],"wp:term":[{"taxonomy":"product_cat","embeddable":true,"href":"https:\/\/galicianparts.com\/shop\/wp-json\/wp\/v2\/product_cat?post=17382"},{"taxonomy":"product_tag","embeddable":true,"href":"https:\/\/galicianparts.com\/shop\/wp-json\/wp\/v2\/product_tag?post=17382"}],"curies":[{"name":"wp","href":"https:\/\/api.w.org\/{rel}","templated":true}]}}