{"id":17618,"date":"2021-03-26T13:42:18","date_gmt":"2021-03-26T11:42:18","guid":{"rendered":"https:\/\/galicianparts.com\/shop\/producto\/46429633-capuchon-palier-alfa-romeo-fiat-lancia-nuevo-original\/"},"modified":"2023-10-13T14:09:25","modified_gmt":"2023-10-13T12:09:25","slug":"46429633-capuchon-palier-alfa-romeo-fiat-lancia-nuevo-original","status":"publish","type":"product","link":"https:\/\/galicianparts.com\/shop\/producto\/46429633-capuchon-palier-alfa-romeo-fiat-lancia-nuevo-original\/","title":{"rendered":"46429633 Capuch\u00f3n palier Alfa Romeo \/Fiat \/Lancia NUEVO ORIGINAL"},"content":{"rendered":"<p>Capuch\u00f3n de la junta homocin\u00e9tica de la transmisi\u00f3n de:<br \/>\nDi\u00e1metro barra: 27 mm<br \/>\nDi\u00e1metro junta homocin\u00e9tica: 86 mm<br \/>\nAltura: 99 mm<\/p>\n<p>ALFA ROMEO 145 (930)<br \/>\n1.4 i.e. (930.A3), A\u00f1o 07.1994 &#8211; 12.1996, 1351 ccm, 90 cv<br \/>\n1.4 i.e. 16V T.S. (930.A3A), A\u00f1o 12.1996 &#8211; 01.2001, 1370 ccm, 103 cv<br \/>\n1.6 i.e. (930.A2), A\u00f1o 10.1994 &#8211; 12.1996, 1596 ccm, 103 cv<br \/>\n1.6 i.e. 16V T.S. (930.A2), A\u00f1o 12.1996 &#8211; 01.2001, 1598 ccm, 120 cv<br \/>\n1.7 i.e. 16V (930.A1), A\u00f1o 10.1994 &#8211; 12.1996, 1712 ccm, 129 cv<br \/>\n1.8 i.e. 16V (930.A1A), A\u00f1o 03.1998 &#8211; 01.2001, 1747 ccm, 144 cv<br \/>\n1.8 i.e. 16V T.S. (930.A1A), A\u00f1o 12.1996 &#8211; 12.1998, 1747 ccm, 140 cv<br \/>\n1.9 TD (930.A4), A\u00f1o 10.1994 &#8211; 02.1999, 1929 ccm, 90 cv<br \/>\n2.0 16V (930.A5), A\u00f1o 03.1998 &#8211; 01.2001, 1970 ccm, 155 cv<br \/>\n2.0 16V T.S. (930.A5), A\u00f1o 10.1995 &#8211; 01.2001, 1970 ccm, 150 cv<br \/>\nALFA ROMEO 155 (167)<br \/>\n1.6 16V T.S. (167.A6A), A\u00f1o 05.1996 &#8211; 12.1997, 1598 ccm, 120 cv<br \/>\n1.7 T.S., A\u00f1o 04.1993 &#8211; 04.1996, 1748 ccm, 115 cv<br \/>\n1.7 T.S. (167.A4G), A\u00f1o 04.1993 &#8211; 04.1996, 1748 ccm, 113 cv<br \/>\n1.7 T.S. 16V (167.A4N), A\u00f1o 05.1996 &#8211; 12.1997, 1747 ccm, 140 cv<br \/>\n1.8 T.S. (167.A4C, 167.A), A\u00f1o 02.1992 &#8211; 12.1997, 1756 ccm, 105 cv<br \/>\n1.8 T.S. (167A4), A\u00f1o 02.1992 &#8211; 05.1994, 1773 ccm, 129 cv<br \/>\n1.8 T.S. Sport (167.A4A, 167.A4C, 167.A4E), A\u00f1o 03.1992 &#8211; 12.1996, 1773 ccm, 127 cv<br \/>\n1.9 TD (167.A3B, 167.A3), A\u00f1o 04.1993 &#8211; 12.1997, 1929 ccm, 90 cv<br \/>\n2.0 T.S. (167.A2A, 167.A2D), A\u00f1o 02.1992 &#8211; 05.1995, 1995 ccm, 141 cv<br \/>\n2.0 T.S. (167.A2D), A\u00f1o 02.1992 &#8211; 01.1995, 1995 ccm, 144 cv<br \/>\n2.0 T.S. 16V, A\u00f1o 03.1995 &#8211; 12.1997, 1970 ccm, 150 cv<br \/>\n2.5 V6 (167.A1C, 167.A1), A\u00f1o 03.1992 &#8211; 05.1995, 2492 ccm, 165 cv<br \/>\n2.5 V6 (167.A1C, 167.A1E), A\u00f1o 09.1992 &#8211; 12.1997, 2492 ccm, 163 cv<br \/>\nALFA ROMEO 33 (907A)<br \/>\n1.4 i.e., A\u00f1o 06.1991 &#8211; 09.1994, 1351 ccm, 90 cv<br \/>\n1.7 16V, A\u00f1o 01.1990 &#8211; 09.1994, 1712 ccm, 129 cv<br \/>\nALFA ROMEO 146 (930)<br \/>\n1.4 i.e. (930.B3), A\u00f1o 12.1994 &#8211; 12.1996, 1351 ccm, 90 cv<br \/>\n1.4 i.e. 16V T.S. (930.B3A), A\u00f1o 11.1996 &#8211; 01.2001, 1370 ccm, 103 cv<br \/>\n1.6 i.e. (930.B2), A\u00f1o 12.1994 &#8211; 12.1996, 1596 ccm, 103 cv<br \/>\n1.6 i.e. 16V T.S. (930.B2B, 930.B2C), A\u00f1o 11.1996 &#8211; 10.2001, 1598 ccm, 120 cv<br \/>\n1.7 i.e. 16V (930.B1), A\u00f1o 12.1994 &#8211; 12.1996, 1712 ccm, 129 cv<br \/>\n1.8 i.e. 16V T.S. (930.B1A), A\u00f1o 11.1996 &#8211; 01.2001, 1747 ccm, 140 cv<br \/>\n1.8 i.e. 16V T.S. (930.B1A), A\u00f1o 03.1998 &#8211; 01.2001, 1747 ccm, 144 cv<br \/>\n1.9 TD (930.B4A), A\u00f1o 12.1994 &#8211; 02.1999, 1929 ccm, 90 cv<br \/>\n2.0 16V (930.B5), A\u00f1o 03.1997 &#8211; 10.2001, 1970 ccm, 155 cv<br \/>\n2.0 16V T.S. (930.B5), A\u00f1o 10.1995 &#8211; 01.2001, 1970 ccm, 150 cv<br \/>\nALFA ROMEO GTV (916, 916C)<br \/>\n1.8 16V, A\u00f1o 05.1998 &#8211; 10.2005, 1747 ccm, 144 cv<br \/>\n2.0 JTS (916CXA00), A\u00f1o 04.2003 &#8211; 10.2005, 1970 ccm, 165 cv<br \/>\n2.0 T.SPARK 16V, A\u00f1o 06.1995 &#8211; 10.2005, 1970 ccm, 150 cv<br \/>\n2.0 T.SPARK 16V (916C2C), A\u00f1o 09.1997 &#8211; 03.2003, 1970 ccm, 155 cv<br \/>\n2.0 V6 Turbo, A\u00f1o 06.1995 &#8211; 09.1998, 1996 ccm, 202 cv<br \/>\nALFA ROMEO Spider (916, 916S)<br \/>\n1.8 16V, A\u00f1o 05.1998 &#8211; 04.2005, 1747 ccm, 144 cv<br \/>\n2.0 JTS (916SXA00), A\u00f1o 04.2003 &#8211; 04.2005, 1970 ccm, 165 cv<br \/>\n2.0 T.SPARK 16V, A\u00f1o 05.1998 &#8211; 08.2000, 1970 ccm, 155 cv<br \/>\n2.0 T.SPARK 16V, A\u00f1o 06.1995 &#8211; 04.2005, 1970 ccm, 150 cv<br \/>\n2.0 V6 Turbo, A\u00f1o 05.1998 &#8211; 04.2005, 1996 ccm, 202 cv<br \/>\nALFA ROMEO 156 Berlina (932)<br \/>\n1.6 16V T.SPARK (932.A4, 932.A4100), A\u00f1o 09.1997 &#8211; 09.2005, 1598 ccm, 120 cv<br \/>\n1.8 16V T.SPARK (932.A3), A\u00f1o 09.1997 &#8211; 10.2000, 1747 ccm, 144 cv<br \/>\n1.8 16V T.SPARK (932.A3100), A\u00f1o 09.1997 &#8211; 09.2005, 1747 ccm, 140 cv<br \/>\n2.0 16V T.SPARK, A\u00f1o 09.1997 &#8211; 06.2002, 1970 ccm, 155 cv<br \/>\n2.0 16V T.SPARK, A\u00f1o 10.2000 &#8211; 03.2002, 1970 ccm, 150 cv<br \/>\n2.0 JTS, A\u00f1o 03.2002 &#8211; 09.2005, 1970 ccm, 166 cv<br \/>\n2.4 JTD, A\u00f1o 10.2000 &#8211; 09.2005, 2387 ccm, 140 cv<br \/>\nALFA ROMEO 166 (936)<br \/>\n2.0 T.Spark, A\u00f1o 09.1998 &#8211; 10.2000, 1970 ccm, 155 cv<br \/>\n2.0 T.Spark (936A3B00), A\u00f1o 10.2000 &#8211; 06.2007, 1970 ccm, 150 cv<br \/>\n2.0 V6, A\u00f1o 09.1998 &#8211; 10.2000, 1996 ccm, 205 cv<br \/>\n2.4 JTD, A\u00f1o 09.1998 &#8211; 10.2000, 2387 ccm, 136 cv<br \/>\n2.4 JTD, A\u00f1o 10.2000 &#8211; 06.2007, 2387 ccm, 140 cv<br \/>\n2.5 V6 24V, A\u00f1o 10.2000 &#8211; 06.2007, 2492 ccm, 188 cv<br \/>\n2.5 V6 24V, A\u00f1o 09.1998 &#8211; 12.2006, 2492 ccm, 190 cv<br \/>\n3.0 V6 24V (936A1000, 936A1001), A\u00f1o 09.1998 &#8211; 06.2007, 2959 ccm, 226 cv<br \/>\n3.0 V6 24V, A\u00f1o 10.2000 &#8211; 06.2007, 2959 ccm, 220 cv<br \/>\nALFA ROMEO 156 Sportwagon (932)<br \/>\n1.6 16V T.SPARK. (932B4100), A\u00f1o 05.2000 &#8211; 05.2006, 1598 ccm, 120 cv<br \/>\n1.8 16V T.SPARK, A\u00f1o 05.2000 &#8211; 10.2000, 1747 ccm, 144 cv<br \/>\n1.8 16V T.SPARK (932B31__), A\u00f1o 02.1997 &#8211; 05.2006, 1747 ccm, 140 cv<br \/>\n2.0 16V T.SPARK, A\u00f1o 05.2000 &#8211; 06.2002, 1970 ccm, 155 cv<br \/>\n2.0 16V T.SPARK, A\u00f1o 10.2000 &#8211; 03.2002, 1970 ccm, 150 cv<br \/>\n2.0 JTS, A\u00f1o 03.2002 &#8211; 05.2006, 1970 ccm, 166 cv<br \/>\n2.4 JTD (932.B1B00), A\u00f1o 10.2000 &#8211; 05.2006, 2387 ccm, 140 cv<br \/>\nALFA ROMEO 147 (937)<br \/>\n1.6 16V T.SPARK (937.AXA1A, 937.AXB1A, 937.BXB1A), A\u00f1o 01.2001 &#8211; 03.2010, 1598 ccm, 120 cv<br \/>\n1.6 16V T.SPARK ECO (937.AXA1A, 937.BXA1A), A\u00f1o 01.2001 &#8211; 03.2010, 1598 ccm, 105 cv<br \/>\n1.9 JTD (937.AXF1A, 937.BXF1A), A\u00f1o 06.2003 &#8211; 03.2010, 1910 ccm, 101 cv<br \/>\n2.0 16V T.SPARK (937.AXA1, 937.AXC1, 937.BXC1), A\u00f1o 01.2001 &#8211; 03.2010, 1970 ccm, 150 cv<br \/>\nALFA ROMEO GT (937)<br \/>\n1.8 TS (937CXR1A), A\u00f1o 11.2003 &#8211; 09.2010, 1747 ccm, 140 cv<br \/>\n2.0 JTS (937CXH1A, 937CXH11), A\u00f1o 11.2003 &#8211; 09.2010, 1970 ccm, 165 cv<\/p>\n<p>FIAT Punto I Hatchback (176)<br \/>\n1.4 GT Turbo (176AD_), A\u00f1o 10.1993 &#8211; 03.1997, 1372 ccm, 133 cv<br \/>\n1.4 GT Turbo (176AS_), A\u00f1o 09.1996 &#8211; 07.1999, 1372 ccm, 131 cv<br \/>\n1.7 TD, A\u00f1o 01.1994 &#8211; 09.1999, 1698 ccm, 69 cv<br \/>\n1.7 TD, A\u00f1o 01.1994 &#8211; 09.1999, 1698 ccm, 71 cv<br \/>\n1.7 TD (176AT), A\u00f1o 09.1996 &#8211; 09.1999, 1698 ccm, 63 cv<br \/>\nFIAT Barchetta (183) (A\u00f1o 03.1995 &#8211; 05.2005)<br \/>\n1.8 16V, A\u00f1o 04.1995 &#8211; 05.2005, 1747 ccm, 130 cv<br \/>\nFIAT Bravo I Hatchback (182)<br \/>\n2.0 HGT 20V, A\u00f1o 10.1995 &#8211; 07.1998, 1998 ccm, 147 cv<br \/>\nFIAT Marea Berlina (185)<br \/>\n1.8 115 16V, A\u00f1o 09.1996 &#8211; 05.2002, 1747 ccm, 113 cv<br \/>\n1.9 JTD 105 (185AXN1A), A\u00f1o 12.1998 &#8211; 12.2002, 1910 ccm, 105 cv<br \/>\n1.9 JTD 110 (185AXT1A), A\u00f1o 09.2000 &#8211; 08.2002, 1910 ccm, 110 cv<br \/>\n1.9 TD 100 (185AX_), A\u00f1o 05.1996 &#8211; 12.2002, 1910 ccm, 100 cv<br \/>\n1.9 TD 75, A\u00f1o 09.1996 &#8211; 05.2002, 1910 ccm, 75 cv<br \/>\n2.0 150 20V, A\u00f1o 09.1996 &#8211; 04.1999, 1998 ccm, 147 cv<br \/>\n2.0 150 20V, A\u00f1o 01.2001 &#8211; 05.2002, 1998 ccm, 150 cv<br \/>\n2.0 155 20V, A\u00f1o 04.1999 &#8211; 01.2001, 1998 ccm, 154 cv<br \/>\nFIAT Marea Weekend (185)<br \/>\n1.8 115 16V, A\u00f1o 09.1996 &#8211; 05.2002, 1747 ccm, 113 cv<br \/>\n1.9 JTD 105 (185BXN1A), A\u00f1o 12.1998 &#8211; 12.2002, 1910 ccm, 105 cv<br \/>\n1.9 JTD 110 (185BXT1A), A\u00f1o 09.2000 &#8211; 08.2002, 1910 ccm, 110 cv<br \/>\n1.9 TD 100 (185BX_), A\u00f1o 09.1996 &#8211; 06.2003, 1910 ccm, 100 cv<br \/>\n1.9 TD 75, A\u00f1o 09.1996 &#8211; 05.2002, 1910 ccm, 75 cv<br \/>\n2.0 150 20V, A\u00f1o 09.1996 &#8211; 04.1999, 1998 ccm, 147 cv<br \/>\n2.0 150 20V, A\u00f1o 01.2001 &#8211; 05.2002, 1998 ccm, 150 cv<br \/>\n2.0 155 20V, A\u00f1o 04.1999 &#8211; 02.2003, 1998 ccm, 154 cv<br \/>\nFIAT Coupe (175)<br \/>\n1.8 16V, A\u00f1o 03.1996 &#8211; 08.2000, 1747 ccm, 131 cv<br \/>\n2.0 16V, A\u00f1o 11.1993 &#8211; 08.1996, 1995 ccm, 139 cv<br \/>\n2.0 16V Turbo, A\u00f1o 11.1993 &#8211; 08.1996, 1995 ccm, 190 cv<br \/>\n2.0 20V, A\u00f1o 04.1998 &#8211; 08.2000, 1998 ccm, 154 cv<br \/>\n2.0 20V (175AXC1A), A\u00f1o 08.1996 &#8211; 09.1998, 1998 ccm, 147 cv<br \/>\nFIAT Multipla (186)<br \/>\n1.6 (186AXC1A, 186BMC1A, 186BXC1A), A\u00f1o 09.2000 &#8211; 06.2010, 1596 ccm, 103 cv<br \/>\n1.6 100 16V, A\u00f1o 04.1999 &#8211; 06.2010, 1581 ccm, 103 cv<br \/>\n1.6 16V Bipower, A\u00f1o 04.1999 &#8211; 06.2010, 1581 ccm, 103 cv<br \/>\n1.6 16V Bipower, A\u00f1o 10.2001 &#8211; 06.2010, 1596 ccm, 103 cv<br \/>\n1.6 16V Blupower, A\u00f1o 04.1999 &#8211; 06.2010, 1581 ccm, 95 cv<br \/>\n1.9 JTD, A\u00f1o 04.2002 &#8211; 06.2010, 1910 ccm, 120 cv<br \/>\n1.9 JTD 105 (186AXB1A), A\u00f1o 04.1999 &#8211; 06.2010, 1910 ccm, 105 cv<br \/>\n1.9 JTD 110, A\u00f1o 03.2001 &#8211; 07.2002, 1910 ccm, 110 cv<br \/>\n1.9 JTD 115, A\u00f1o 07.2002 &#8211; 06.2010, 1910 ccm, 115 cv<br \/>\nFIAT Punto II Hatchback (188) (A\u00f1o 09.1999 &#8211; 07.2012)<br \/>\n1.3 JTD 16V, A\u00f1o 06.2003 &#8211; 03.2012, 1248 ccm, 70 cv<br \/>\n1.8 130 HGT, A\u00f1o 09.1999 &#8211; 03.2012, 1747 ccm, 130 cv<br \/>\n1.9 JTD, A\u00f1o 10.2001 &#8211; 03.2012, 1910 ccm, 86 cv<br \/>\n1.9 JTD 80, A\u00f1o 09.1999 &#8211; 03.2012, 1910 ccm, 80 cv<br \/>\nFIAT Stilo Hatchback (192) (A\u00f1o 10.2001 &#8211; 11.2010)<br \/>\n1.8 16V (192AXC1A, 192BXC1A), A\u00f1o 10.2001 &#8211; 04.2007, 1747 ccm, 133 cv<br \/>\nFIAT Stilo Multi Wagon (192)<br \/>\n1.8 16V, A\u00f1o 01.2003 &#8211; 08.2008, 1747 ccm, 133 cv<\/p>\n<p>LANCIA Kappa (838)<br \/>\n2.0 16V Turbo, A\u00f1o 02.1995 &#8211; 10.2001, 1995 ccm, 205 cv<br \/>\n2.0 20V, A\u00f1o 10.1994 &#8211; 10.2001, 1998 ccm, 146 cv<br \/>\n2.0 20V, A\u00f1o 07.1996 &#8211; 10.2001, 1998 ccm, 155 cv<br \/>\n2.0 20V Turbo, A\u00f1o 06.1998 &#8211; 10.2001, 1998 ccm, 220 cv<br \/>\n2.4 20V, A\u00f1o 08.1994 &#8211; 10.2001, 2446 ccm, 175 cv<br \/>\nLANCIA Delta II (836)<br \/>\n1.8 i.e., A\u00f1o 06.1993 &#8211; 08.1999, 1756 ccm, 103 cv<br \/>\n1.8 i.e. 16V GT, A\u00f1o 03.1996 &#8211; 08.1999, 1747 ccm, 131 cv<br \/>\n1.9 TD, A\u00f1o 10.1994 &#8211; 08.1999, 1929 ccm, 90 cv<br \/>\nLANCIA Dedra (835)<br \/>\n1.8 GT 16V, A\u00f1o 03.1996 &#8211; 07.1999, 1747 ccm, 131 cv<br \/>\n2.0 16V, A\u00f1o 07.1994 &#8211; 07.1999, 1995 ccm, 139 cv<br \/>\n2.0 Integrale, A\u00f1o 07.1994 &#8211; 07.1999, 1995 ccm, 139 cv<br \/>\nLANCIA Lybra (839)<br \/>\n1.8 16V, A\u00f1o 07.1999 &#8211; 10.2005, 1747 ccm, 131 cv<br \/>\n2.0 20V, A\u00f1o 07.1999 &#8211; 09.2000, 1998 ccm, 154 cv<br \/>\n2.0 20V, A\u00f1o 09.2000 &#8211; 10.2005, 1998 ccm, 150 cv<\/p>\n<p> LA PIEZA ES NUEVA Y ORIGINAL.<\/p>\n","protected":false},"excerpt":{"rendered":"<p>Capuch\u00f3n de la junta homocin\u00e9tica de la transmisi\u00f3n de: Di\u00e1metro barra: 27 mm Di\u00e1metro junta homocin\u00e9tica: 86 mm Altura: 99 mm ALFA ROMEO 145 (930) 1.4 i.e. (930.A3), A\u00f1o 07.1994 &#8211; 12.1996, 1351 ccm, 90 cv 1.4 i.e. 16V T.S. (930.A3A), A\u00f1o 12.1996 &#8211; 01.2001, 1370 ccm, 103 cv 1.6 i.e. (930.A2), A\u00f1o 10.1994 &#8211; [&hellip;]<\/p>\n","protected":false},"featured_media":17619,"template":"","meta":{"_seopress_robots_primary_cat":"","_seopress_titles_title":"","_seopress_titles_desc":"","_seopress_robots_index":""},"product_cat":[45,46,44,48,49,57,43,16,80,82,85,117,118,20,50,55,119,21,120,95,96,101,56,108],"product_tag":[],"class_list":{"0":"post-17618","1":"product","2":"type-product","3":"status-publish","4":"has-post-thumbnail","6":"product_cat-recambios-alfa-romeo-145","7":"product_cat-recambios-alfa-romeo-146","8":"product_cat-recambios-alfa-romeo-147","9":"product_cat-recambios-alfa-romeo-155","10":"product_cat-recambios-alfa-romeo-156","11":"product_cat-recambios-alfa-romeo-166","12":"product_cat-recambios-alfa-romeo-33","13":"product_cat-recambios-alfa-romeo","14":"product_cat-recambios-fiat-barchetta","15":"product_cat-recambios-fiat-bravo","16":"product_cat-recambios-fiat-coupe","17":"product_cat-recambios-lancia-dedra","18":"product_cat-recambios-lancia-delta","19":"product_cat-recambios-fiat","20":"product_cat-recambios-alfa-romeo-gt","21":"product_cat-recambios-alfa-romeo-gtv","22":"product_cat-recambios-lancia-kappa","23":"product_cat-recambios-lancia","24":"product_cat-recambios-lancia-lybra","25":"product_cat-recambios-fiat-marea","26":"product_cat-recambios-fiat-multipla","27":"product_cat-recambios-fiat-punto","28":"product_cat-recambios-alfa-romeo-spider","29":"product_cat-recambios-fiat-stilo","31":"first","32":"outofstock","33":"taxable","34":"shipping-taxable","35":"purchasable","36":"product-type-simple"},"_links":{"self":[{"href":"https:\/\/galicianparts.com\/shop\/wp-json\/wp\/v2\/product\/17618"}],"collection":[{"href":"https:\/\/galicianparts.com\/shop\/wp-json\/wp\/v2\/product"}],"about":[{"href":"https:\/\/galicianparts.com\/shop\/wp-json\/wp\/v2\/types\/product"}],"wp:featuredmedia":[{"embeddable":true,"href":"https:\/\/galicianparts.com\/shop\/wp-json\/wp\/v2\/media\/17619"}],"wp:attachment":[{"href":"https:\/\/galicianparts.com\/shop\/wp-json\/wp\/v2\/media?parent=17618"}],"wp:term":[{"taxonomy":"product_cat","embeddable":true,"href":"https:\/\/galicianparts.com\/shop\/wp-json\/wp\/v2\/product_cat?post=17618"},{"taxonomy":"product_tag","embeddable":true,"href":"https:\/\/galicianparts.com\/shop\/wp-json\/wp\/v2\/product_tag?post=17618"}],"curies":[{"name":"wp","href":"https:\/\/api.w.org\/{rel}","templated":true}]}}