{"id":17624,"date":"2021-03-26T13:48:25","date_gmt":"2021-03-26T11:48:25","guid":{"rendered":"https:\/\/galicianparts.com\/shop\/producto\/7575315-correa-auxiliar-fiat-lancia-peugeot-citroen-original\/"},"modified":"2023-02-15T19:47:20","modified_gmt":"2023-02-15T17:47:20","slug":"7575315-correa-auxiliar-fiat-lancia-peugeot-citroen-original","status":"publish","type":"product","link":"https:\/\/galicianparts.com\/shop\/producto\/7575315-correa-auxiliar-fiat-lancia-peugeot-citroen-original\/","title":{"rendered":"7575315 Correa auxiliar Fiat \/ Lancia \/ Peugeot \/ Citroen ORIGINAL"},"content":{"rendered":"<p>Correa trapezoidal de instrumentos de:<br \/>\nCITRO\u00cbN CX I Hatchback (A\u00f1o 06.1979 &#8211; 08.1985, 106 , Gasolina)<br \/>\nCITRO\u00cbN CX I Familiar (A\u00f1o 06.1979 &#8211; 08.1985, 106 , Gasolina)<br \/>\nCITRO\u00cbN CX II Hatchback (A\u00f1o 07.1985 &#8211; 12.1992, 106 &#8211; 115 , Gasolina)<br \/>\nCITRO\u00cbN CX II Familiar (A\u00f1o 07.1985 &#8211; 12.1992, 106 &#8211; 115 , Gasolina)<br \/>\nFIAT 127 Hatchback (127) (A\u00f1o 04.1977 &#8211; 12.1986, 50 &#8211; 75 , Gasolina)<br \/>\nFIAT 127 Panorama (127) (A\u00f1o 01.1977 &#8211; 12.1986, 50 , Gasolina)<br \/>\nFIAT Duna Berlina (146) (A\u00f1o 01.1987 &#8211; 12.1991, 58 &#8211; 67 , Gasolina)<br \/>\nFIAT Duna Weekend (146) (A\u00f1o 01.1987 &#8211; 12.1991, 67 , Gasolina)<br \/>\nFIAT &#8211; XP ELBA CSL (1991-1996)<br \/>\nFIAT Fiorino I Furg\u00f3n (147) (A\u00f1o 01.1980 &#8211; 08.1993, 50 &#8211; 67 , Gasolina)<br \/>\nFIAT Fiorino Furg\u00f3n (127) (A\u00f1o 01.1980 &#8211; 12.1987, 50 , Gasolina)<br \/>\nFIAT Fiorino II Furg\u00f3n (146) (A\u00f1o 01.1988 &#8211; 12.1994, 54 &#8211; 67 , Gasolina)<br \/>\nFIAT Fiorino II Pick-up (146) (A\u00f1o 01.1988 &#8211; 12.1994, 67 , Gasolina)<br \/>\nFIAT Fiorino Pick-up (147) (A\u00f1o 06.1982 &#8211; 10.1989, 50 &#8211; 56 , Gasolina)<br \/>\nFIAT Ritmo I Hatchback (138) (A\u00f1o 09.1978 &#8211; 09.1982, 60 , Gasolina)<br \/>\nFIAT Uno Hatchback (146) (A\u00f1o 10.1988 &#8211; 06.2006, 42 &#8211; 58 , Gasolina)<br \/>\nLANCIA Y10 (156) (A\u00f1o 03.1985 &#8211; 12.1995, 56 &#8211; 84 , Gasolina)<br \/>\nPEUGEOT 504 Berlina (A\u00f1o 01.1971 &#8211; 06.1983, 106 , Gasolina)<br \/>\nPEUGEOT 504 Coup\u00e9 (A\u00f1o 10.1974 &#8211; 08.1984, 102 &#8211; 106 , Gasolina)<br \/>\nPEUGEOT 504 Cabrio (A\u00f1o 10.1974 &#8211; 08.1984, 102 &#8211; 106 , Gasolina)<br \/>\nPEUGEOT 505 Berlina (A\u00f1o 08.1979 &#8211; 12.1993, 110 &#8211; 130 , Gasolina)<br \/>\nPEUGEOT 505 Familiar (A\u00f1o 01.1984 &#8211; 12.1993, 110 &#8211; 131 , Gasolina)<br \/>\nPEUGEOT 605 Berlina (A\u00f1o 06.1989 &#8211; 09.1999, 107 &#8211; 147 , Gasolina)<\/p>\n<p> LA PIEZA ES NUEVA Y ORIGINAL.<\/p>\n","protected":false},"excerpt":{"rendered":"<p>Correa trapezoidal de instrumentos de: CITRO\u00cbN CX I Hatchback (A\u00f1o 06.1979 &#8211; 08.1985, 106 , Gasolina) CITRO\u00cbN CX I Familiar (A\u00f1o 06.1979 &#8211; 08.1985, 106 , Gasolina) CITRO\u00cbN CX II Hatchback (A\u00f1o 07.1985 &#8211; 12.1992, 106 &#8211; 115 , Gasolina) CITRO\u00cbN CX II Familiar (A\u00f1o 07.1985 &#8211; 12.1992, 106 &#8211; 115 , Gasolina) FIAT 127 [&hellip;]<\/p>\n","protected":false},"featured_media":17626,"template":"","meta":{"_seopress_robots_primary_cat":"","_seopress_titles_title":"","_seopress_titles_desc":"","_seopress_robots_index":""},"product_cat":[68,195,153,203,23,136,89,90,20,91,21,24,103,114,126],"product_tag":[],"class_list":{"0":"post-17624","1":"product","2":"type-product","3":"status-publish","4":"has-post-thumbnail","6":"product_cat-recambios-fiat-127","7":"product_cat-recambios-peugeot-504","8":"product_cat-recambios-peugeot-505","9":"product_cat-recambios-peugeot-605","10":"product_cat-recambios-citroen","11":"product_cat-recambios-citroen-cx","12":"product_cat-recambios-fiat-duna","13":"product_cat-recambios-fiat-elba","14":"product_cat-recambios-fiat","15":"product_cat-recambios-fiat-fiorino","16":"product_cat-recambios-lancia","17":"product_cat-recambios-peugeot","18":"product_cat-recambios-fiat-ritmo","19":"product_cat-recambios-fiat-uno","20":"product_cat-recambios-lancia-y10","22":"first","23":"outofstock","24":"taxable","25":"shipping-taxable","26":"purchasable","27":"product-type-simple"},"_links":{"self":[{"href":"https:\/\/galicianparts.com\/shop\/wp-json\/wp\/v2\/product\/17624"}],"collection":[{"href":"https:\/\/galicianparts.com\/shop\/wp-json\/wp\/v2\/product"}],"about":[{"href":"https:\/\/galicianparts.com\/shop\/wp-json\/wp\/v2\/types\/product"}],"wp:featuredmedia":[{"embeddable":true,"href":"https:\/\/galicianparts.com\/shop\/wp-json\/wp\/v2\/media\/17626"}],"wp:attachment":[{"href":"https:\/\/galicianparts.com\/shop\/wp-json\/wp\/v2\/media?parent=17624"}],"wp:term":[{"taxonomy":"product_cat","embeddable":true,"href":"https:\/\/galicianparts.com\/shop\/wp-json\/wp\/v2\/product_cat?post=17624"},{"taxonomy":"product_tag","embeddable":true,"href":"https:\/\/galicianparts.com\/shop\/wp-json\/wp\/v2\/product_tag?post=17624"}],"curies":[{"name":"wp","href":"https:\/\/api.w.org\/{rel}","templated":true}]}}