{"id":17750,"date":"2021-03-30T11:32:46","date_gmt":"2021-03-30T09:32:46","guid":{"rendered":"https:\/\/galicianparts.com\/shop\/producto\/55200755-bujia-precalentamiento-m-1-6-2-0d-fiat-lancia-alfa-romeo-citroen-peugeot-original\/"},"modified":"2023-02-19T21:51:17","modified_gmt":"2023-02-19T19:51:17","slug":"55200755-bujia-precalentamiento-m-1-6-2-0d-fiat-lancia-alfa-romeo-citroen-peugeot-original","status":"publish","type":"product","link":"https:\/\/galicianparts.com\/shop\/producto\/55200755-bujia-precalentamiento-m-1-6-2-0d-fiat-lancia-alfa-romeo-citroen-peugeot-original\/","title":{"rendered":"55200755 Buj\u00eda precalentamiento M 1.6-2.0D Fiat \/ Lancia \/ Alfa Romeo NUEVO ORIGINAL"},"content":{"rendered":"<p>Calentador, buj\u00eda de incandescencia BOSCH 0250403011 de los motores 1.6 D \/ 2.0 D de:<br \/>\nALFA ROMEO 159 Berlina (939) (A\u00f1o 05.2009 &#8211; 11.2011, 136 &#8211; 170 CV, Gas\u00f3leo)<br \/>\nALFA ROMEO 159 Sportwagon (939) (A\u00f1o 05.2009 &#8211; 11.2011, 136 &#8211; 170 CV, Gas\u00f3leo)<br \/>\nALFA ROMEO Brera (939) (A\u00f1o 03.2008 &#8211; 06.2010, 163 &#8211; 170 CV, Gas\u00f3leo)<br \/>\nALFA ROMEO Giulietta Hatchback (940) (A\u00f1o 04.2010 &#8211; &#8230;, 105 &#8211; 175 CV, Gas\u00f3leo)<br \/>\nALFA ROMEO Giulietta Furg\u00f3n (940_) (A\u00f1o 04.2011 &#8211; &#8230;, 105 &#8211; 175 CV, Gas\u00f3leo)<br \/>\nALFA ROMEO MiTo (955) (A\u00f1o 09.2008 &#8211; &#8230;, 115 &#8211; 120 CV, Gas\u00f3leo)<br \/>\nALFA ROMEO Spider (939) (A\u00f1o 04.2009 &#8211; 06.2010, 163 &#8211; 170 CV, Gas\u00f3leo)<br \/>\nFIAT 500L (351, 352) (A\u00f1o 09.2012 &#8211; &#8230;, 105 &#8211; 120 CV, Gas\u00f3leo)<br \/>\nFIAT 500X (334) (A\u00f1o 09.2014 &#8211; &#8230;, 114 &#8211; 150 CV, Gas\u00f3leo)<br \/>\nFIAT Bravo II Hatchback (198) (A\u00f1o 09.2007 &#8211; 12.2014, 90 &#8211; 165 CV, Gas\u00f3leo)<br \/>\nFIAT Bravo II Furg\u00f3n (198) (A\u00f1o 03.2008 &#8211; 12.2014, 105 CV, Gas\u00f3leo)<br \/>\nFIAT Doblo II Cami\u00f3n de plataforma\/Chasis (263) (A\u00f1o 02.2010 &#8211; &#8230;, 90 &#8211; 135 CV, Gas\u00f3leo)<br \/>\nFIAT Doblo II Familiar (263) (A\u00f1o 02.2010 &#8211; &#8230;, 90 &#8211; 135 CV, Gas\u00f3leo)<br \/>\nFIAT Doblo II Furg\u00f3n \/ Familiar (263) (A\u00f1o 02.2010 &#8211; &#8230;, 90 &#8211; 135 CV, Gas\u00f3leo)<br \/>\nFIAT Ducato III Bus (250, 290) (A\u00f1o 06.2011 &#8211; &#8230;, 116 CV, Gas\u00f3leo)<br \/>\nFIAT Ducato III Cami\u00f3n de plataforma \/ Chasis (250, 290) (A\u00f1o 06.2011 &#8211; &#8230;, 116 CV, Gas\u00f3leo)<br \/>\nFIAT Ducato III Furg\u00f3n (250, 290) (A\u00f1o 06.2011 &#8211; &#8230;, 116 CV, Gas\u00f3leo)<br \/>\nFIAT Freemont (345) (A\u00f1o 08.2011 &#8211; &#8230;, 136 &#8211; 170 CV, Gas\u00f3leo)<br \/>\nFIAT Grande Punto Hatchback (199) (A\u00f1o 07.2008 &#8211; &#8230;, 120 CV, Gas\u00f3leo)<br \/>\nFIAT Idea (350) (A\u00f1o 05.2008 &#8211; &#8230;, 120 CV, Gas\u00f3leo)<br \/>\nFIAT Linea (323, 110) (A\u00f1o 06.2009 &#8211; &#8230;, 105 CV, Gas\u00f3leo)<br \/>\nFIAT Punto Evo Hatchback (199) (A\u00f1o 10.2009 &#8211; 02.2012, 120 CV, Gas\u00f3leo)<br \/>\nFIAT Sedici (FY) (A\u00f1o 06.2006 &#8211; 10.2014, 135 CV, Gas\u00f3leo)<br \/>\nFIAT Tipo Hatchback (356) (A\u00f1o 03.2016 &#8211; &#8230;, 114 &#8211; 120 CV, Gas\u00f3leo)<br \/>\nFIAT Tipo Familiar (356) (A\u00f1o 03.2016 &#8211; &#8230;, 114 &#8211; 120 CV, Gas\u00f3leo)<br \/>\nFIAT Tipo Berlina (356) (A\u00f1o 10.2015 &#8211; &#8230;, 114 &#8211; 120 CV, Gas\u00f3leo)<br \/>\nLANCIA Delta III (844) (A\u00f1o 08.2008 &#8211; 08.2014, 105 &#8211; 190 CV, Gas\u00f3leo)<br \/>\nLANCIA Musa (350) (A\u00f1o 07.2008 &#8211; 09.2012, 116 &#8211; 120 CV, Gas\u00f3leo)<br \/>\nLANCIA Thema Berlina 3.0 D (LX) (A\u00f1o 09.2011 &#8211; 10.2014, 190 &#8211; 239 CV, Gas\u00f3leo)<\/p>\n<p>LA PIEZA ES NUEVA Y ORIGINAL.<\/p>\n","protected":false},"excerpt":{"rendered":"<p>Calentador, buj\u00eda de incandescencia BOSCH 0250403011 de los motores 1.6 D \/ 2.0 D de: ALFA ROMEO 159 Berlina (939) (A\u00f1o 05.2009 &#8211; 11.2011, 136 &#8211; 170 CV, Gas\u00f3leo) ALFA ROMEO 159 Sportwagon (939) (A\u00f1o 05.2009 &#8211; 11.2011, 136 &#8211; 170 CV, Gas\u00f3leo) ALFA ROMEO Brera (939) (A\u00f1o 03.2008 &#8211; 06.2010, 163 &#8211; 170 CV, [&hellip;]<\/p>\n","protected":false},"featured_media":17752,"template":"","meta":{"_seopress_robots_primary_cat":"","_seopress_titles_title":"","_seopress_titles_desc":"","_seopress_robots_index":""},"product_cat":[51,74,16,82,52,118,87,88,20,191,53,92,93,21,94,47,121,101,105,56,124,112],"product_tag":[],"class_list":{"0":"post-17750","1":"product","2":"type-product","3":"status-publish","4":"has-post-thumbnail","6":"product_cat-recambios-alfa-romeo-159","7":"product_cat-recambios-fiat-500","8":"product_cat-recambios-alfa-romeo","9":"product_cat-recambios-fiat-bravo","10":"product_cat-recambios-alfa-romeo-brera","11":"product_cat-recambios-lancia-delta","12":"product_cat-recambios-fiat-doblo","13":"product_cat-recambios-fiat-ducato","14":"product_cat-recambios-fiat","15":"product_cat-recambios-fiat-freemont","16":"product_cat-recambios-alfa-romeo-giulietta","17":"product_cat-recambios-fiat-grande-punto","18":"product_cat-recambios-fiat-idea","19":"product_cat-recambios-lancia","20":"product_cat-recambios-fiat-linea","21":"product_cat-recambios-alfa-romeo-mito","22":"product_cat-recambios-lancia-musa","23":"product_cat-recambios-fiat-punto","24":"product_cat-recambios-fiat-sedici","25":"product_cat-recambios-alfa-romeo-spider","26":"product_cat-recambios-lancia-thema","27":"product_cat-recambios-fiat-tipo","29":"first","30":"outofstock","31":"taxable","32":"shipping-taxable","33":"purchasable","34":"product-type-simple"},"_links":{"self":[{"href":"https:\/\/galicianparts.com\/shop\/wp-json\/wp\/v2\/product\/17750"}],"collection":[{"href":"https:\/\/galicianparts.com\/shop\/wp-json\/wp\/v2\/product"}],"about":[{"href":"https:\/\/galicianparts.com\/shop\/wp-json\/wp\/v2\/types\/product"}],"wp:featuredmedia":[{"embeddable":true,"href":"https:\/\/galicianparts.com\/shop\/wp-json\/wp\/v2\/media\/17752"}],"wp:attachment":[{"href":"https:\/\/galicianparts.com\/shop\/wp-json\/wp\/v2\/media?parent=17750"}],"wp:term":[{"taxonomy":"product_cat","embeddable":true,"href":"https:\/\/galicianparts.com\/shop\/wp-json\/wp\/v2\/product_cat?post=17750"},{"taxonomy":"product_tag","embeddable":true,"href":"https:\/\/galicianparts.com\/shop\/wp-json\/wp\/v2\/product_tag?post=17750"}],"curies":[{"name":"wp","href":"https:\/\/api.w.org\/{rel}","templated":true}]}}