{"id":18049,"date":"2021-03-31T17:27:04","date_gmt":"2021-03-31T15:27:04","guid":{"rendered":"https:\/\/galicianparts.com\/shop\/producto\/40004930-reten-30x52x7-arbol-de-levas-ciguenal-fiat-lancia-alfa-romeo-citroen-peugeot\/"},"modified":"2022-09-29T14:26:29","modified_gmt":"2022-09-29T12:26:29","slug":"40004930-reten-30x52x7-arbol-de-levas-ciguenal-fiat-lancia-alfa-romeo-citroen-peugeot","status":"publish","type":"product","link":"https:\/\/galicianparts.com\/shop\/producto\/40004930-reten-30x52x7-arbol-de-levas-ciguenal-fiat-lancia-alfa-romeo-citroen-peugeot\/","title":{"rendered":"40004930 Ret\u00e9n 30x52x7 \u00e1rbol de levas\/cig\u00fce\u00f1al Fiat \/ Lancia \/ Alfa Romeo \/ Citroen \/ Peugeot"},"content":{"rendered":"<p>Ret\u00e9n 30x52x7 del \u00e1rbol de levas o del cig\u00fce\u00f1al de:<br \/>\nFIAT &#8211; 1V BRAVA DS (1995-1998)<br \/>\nFIAT &#8211; 1U BRAVO DS (1995-1998)<br \/>\nFIAT &#8211; 2B DUNA BENZINA(1986-1990)<br \/>\nFIAT &#8211; XP ELBA CSL (1991-1996)<br \/>\nFIAT &#8211; XR MILLE (1994-1995)<br \/>\nFIAT &#8211; XS MILLE CLIP (1995-1997)<br \/>\nFIAT &#8211; 1X PALIO 2V EXTRA EUROPA (1997-2002)<br \/>\nFIAT &#8211; 2H PALIO 2V EXTRA EUROPA REST. 2002 (2002-2011)<br \/>\nFIAT &#8211; 3D PALIO 2V REST.2 (2005-2011)<br \/>\nFIAT &#8211; 1Y PALIO WE EXTRA EUROPA (1997-2002)<br \/>\nFIAT &#8211; 2K PALIO WE EXTRA EUROPA REST. 2002 (2002-2008)<br \/>\nFIAT &#8211; 3F PALIO WEEKEND REST.2 (2005-2009)<br \/>\nFIAT &#8211; PY PALIO\/WEEKEND EUROPA (1997-2002)<br \/>\nFIAT &#8211; 2P PANDA DS (1986-1993)<br \/>\nFIAT &#8211; NV PUNTO 1.6 MPI (1993-1997)<br \/>\nFIAT &#8211; 1A PUNTO BZ. GAMMA &#8217;97 (1997-1999)<br \/>\nFIAT &#8211; PF PUNTO CABRIO (1994-1997)<br \/>\nFIAT &#8211; NX PUNTO D-TD (1993-1997)<br \/>\nFIAT &#8211; NW PUNTO GT (1993-1997)<br \/>\nFIAT &#8211; 1B PUNTO TB.DS. GAMMA&#8217;97 (1997-1999)<br \/>\nFIAT &#8211; 2A SIENA EXTRA EUROPA (1997-2002)<br \/>\nFIAT &#8211; 2L SIENA EXTRA EUROPA REST.(2002-2012)<br \/>\nFIAT &#8211; 3E SIENA REST.2 (2005-2011)<br \/>\nFIAT &#8211; MV TEMPRA 1370-1580 (1989-1993)<br \/>\nFIAT &#8211; MX TEMPRA DIESEL-TURBO D.(1989-1993)<br \/>\nFIAT &#8211; NY TEMPRA MAQ.93 1370-1580 (&#8217;93-&#8217;96)<br \/>\nFIAT &#8211; NJ TEMPRA MQ.93 D-TD (1993-1996)<br \/>\nFIAT &#8211; ME TIPO 1100-1370-1580 (1987-1993)<br \/>\nFIAT &#8211; MF TIPO DIESEL-T.DS. (1987-1993)<br \/>\nFIAT &#8211; NT TIPO MAQ.93 D-TD (1993-1995)<br \/>\nFIAT &#8211; NS TIPO MQ.93 1370-1580 (1993-1995)<br \/>\nFIAT &#8211; ML UNO CS (1988-1990)<br \/>\nFIAT &#8211; MU UNO DIESEL R\/89 (1989-1995)<br \/>\nFIAT &#8211; 1D UNO MONDO (1995-2010)<br \/>\nFIAT &#8211; MS UNO R\/89 1.1-1370-1.5 (1989-1995)<br \/>\nFIAT &#8211; MR UNO R\/89 994cc (1989-1995)<br \/>\nFIAT &#8211; MT UNO TURBO R\/89 (1989-1993)<br \/>\nALFA ROMEO &#8211; U1 145 TD (1994-1996)<br \/>\nALFA ROMEO &#8211; T5 145 GAMMA 97 (1997-1999)<br \/>\nALFA ROMEO &#8211; U2 146 DS (1995-1996)<br \/>\nALFA ROMEO &#8211; T6 146 GAMMA 97 (1997-1999)<br \/>\nALFA ROMEO &#8211; T4 155 GAMMA 96 DS (1996-1997)<br \/>\nALFA ROMEO &#8211; U6 155 TURBO DS (1992-1996)<br \/>\nALFA ROMEO &#8211; K2 164 TURBO BZ.(1987-1992)<br \/>\nLANCIA &#8211; RY DEDRA BENZINA (1989-1994)<br \/>\nLANCIA &#8211; SL DEDRA FL.94 1580cc (1994-1999)<br \/>\nLANCIA &#8211; SN DEDRA FL.94 T.DS (1994-1999)<br \/>\nLANCIA &#8211; RJ DEDRA IE.TB.INTEGRALE (1990-1994)<br \/>\nLANCIA &#8211; RZ DEDRA TURBO DIESEL (1989-1994)<br \/>\nLANCIA &#8211; TB DELTA R.86 BZ\/DS (1986-1992)<br \/>\nLANCIA &#8211; SF N.DELTA 1400-1600cc (1993-1999)<br \/>\nLANCIA &#8211; SQ N.DELTA TB\/DS (1994-1999)<br \/>\nLANCIA &#8211; ZL Y10 FL.89 (1988-1992)<br \/>\nFIAT PROFESSIONAL &#8211; PE DUCATO&#8217;94 DIESEL (1994-2002)<br \/>\nFIAT PROFESSIONAL &#8211; 2M FIORINO (1991-1993)<br \/>\nFIAT PROFESSIONAL &#8211; 3A FIORINO EXPORT (2004-2008)<br \/>\nFIAT PROFESSIONAL &#8211; 2N FIORINO RL (1993-2000)<br \/>\nFIAT PROFESSIONAL &#8211; NA NUOVO DUCATO DS.R.90 (1990-1994)<br \/>\nFIAT PROFESSIONAL &#8211; PL SCUDO (1995-2004)<br \/>\nFIAT PROFESSIONAL &#8211; 1G STRADA (1999-2005)<br \/>\nFIAT PROFESSIONAL &#8211; 3G STRADA REST. 2 (2005-2011)<br \/>\nFIAT PROFESSIONAL &#8211; NC TALENTO R.90 (1990-1994)<br \/>\nCITROEN C25<br \/>\nCITROEN JUMPER<br \/>\nPEUGEOT J5<br \/>\nPEUGEOT BOXER<\/p>\n<p>LA PIEZA ES NUEVA Y ORIGINAL.<\/p>\n","protected":false},"excerpt":{"rendered":"<p>Ret\u00e9n 30x52x7 del \u00e1rbol de levas o del cig\u00fce\u00f1al de: FIAT &#8211; 1V BRAVA DS (1995-1998) FIAT &#8211; 1U BRAVO DS (1995-1998) FIAT &#8211; 2B DUNA BENZINA(1986-1990) FIAT &#8211; XP ELBA CSL (1991-1996) FIAT &#8211; XR MILLE (1994-1995) FIAT &#8211; XS MILLE CLIP (1995-1997) FIAT &#8211; 1X PALIO 2V EXTRA EUROPA (1997-2002) FIAT &#8211; 2H [&hellip;]<\/p>\n","protected":false},"featured_media":18050,"template":"","meta":{"_seopress_robots_primary_cat":"","_seopress_titles_title":"","_seopress_titles_desc":"","_seopress_robots_index":""},"product_cat":[45,46,48,54,16,155,81,82,132,23,117,118,88,89,90,20,91,157,137,21,98,99,24,101,104,107,109,110,111,112,114,126],"product_tag":[],"class_list":{"0":"post-18049","1":"product","2":"type-product","3":"status-publish","4":"has-post-thumbnail","6":"product_cat-recambios-alfa-romeo-145","7":"product_cat-recambios-alfa-romeo-146","8":"product_cat-recambios-alfa-romeo-155","9":"product_cat-recambios-alfa-romeo-164","10":"product_cat-recambios-alfa-romeo","11":"product_cat-recambios-peugeot-boxer","12":"product_cat-recambios-fiat-brava","13":"product_cat-recambios-fiat-bravo","14":"product_cat-recambios-citroen-c25","15":"product_cat-recambios-citroen","16":"product_cat-recambios-lancia-dedra","17":"product_cat-recambios-lancia-delta","18":"product_cat-recambios-fiat-ducato","19":"product_cat-recambios-fiat-duna","20":"product_cat-recambios-fiat-elba","21":"product_cat-recambios-fiat","22":"product_cat-recambios-fiat-fiorino","23":"product_cat-recambios-peugeot-j5","24":"product_cat-recambios-citroen-jumper","25":"product_cat-recambios-lancia","26":"product_cat-recambios-fiat-palio","27":"product_cat-recambios-fiat-panda","28":"product_cat-recambios-peugeot","29":"product_cat-recambios-fiat-punto","30":"product_cat-recambios-fiat-scudo","31":"product_cat-recambios-fiat-siena","32":"product_cat-recambios-fiat-strada","33":"product_cat-recambios-fiat-talento","34":"product_cat-recambios-fiat-tempra","35":"product_cat-recambios-fiat-tipo","36":"product_cat-recambios-fiat-uno","37":"product_cat-recambios-lancia-y10","39":"first","40":"outofstock","41":"taxable","42":"shipping-taxable","43":"purchasable","44":"product-type-simple"},"_links":{"self":[{"href":"https:\/\/galicianparts.com\/shop\/wp-json\/wp\/v2\/product\/18049"}],"collection":[{"href":"https:\/\/galicianparts.com\/shop\/wp-json\/wp\/v2\/product"}],"about":[{"href":"https:\/\/galicianparts.com\/shop\/wp-json\/wp\/v2\/types\/product"}],"wp:featuredmedia":[{"embeddable":true,"href":"https:\/\/galicianparts.com\/shop\/wp-json\/wp\/v2\/media\/18050"}],"wp:attachment":[{"href":"https:\/\/galicianparts.com\/shop\/wp-json\/wp\/v2\/media?parent=18049"}],"wp:term":[{"taxonomy":"product_cat","embeddable":true,"href":"https:\/\/galicianparts.com\/shop\/wp-json\/wp\/v2\/product_cat?post=18049"},{"taxonomy":"product_tag","embeddable":true,"href":"https:\/\/galicianparts.com\/shop\/wp-json\/wp\/v2\/product_tag?post=18049"}],"curies":[{"name":"wp","href":"https:\/\/api.w.org\/{rel}","templated":true}]}}