{"id":18243,"date":"2021-04-06T10:17:05","date_gmt":"2021-04-06T08:17:05","guid":{"rendered":"https:\/\/galicianparts.com\/shop\/producto\/55195293-pinon-inferior-distribucion-m-1-3-jtd-fiat-lancia-alfa-romeo-nuevo-original\/"},"modified":"2021-04-06T10:21:55","modified_gmt":"2021-04-06T08:21:55","slug":"55195293-pinon-inferior-distribucion-m-1-3-jtd-fiat-lancia-alfa-romeo-nuevo-original","status":"publish","type":"product","link":"https:\/\/galicianparts.com\/shop\/producto\/55195293-pinon-inferior-distribucion-m-1-3-jtd-fiat-lancia-alfa-romeo-nuevo-original\/","title":{"rendered":"55195293 Pi\u00f1\u00f3n inferior distribuci\u00f3n M 1.3 JTD Fiat \/ Lancia \/ Alfa Romeo NUEVO ORIGINAL"},"content":{"rendered":"<p>Engranaje, pi\u00f1\u00f3n inferior de 21 dientes de la correa de distribuci\u00f3n para motores 1300CC JTD \/ MJTD 16V de:<br \/>\nFIAT &#8211; 83 500 MY2012 (2012-&#8230;.)<br \/>\nFIAT &#8211; 73 500L (2012-&#8230;.)<br \/>\nFIAT &#8211; 2Y GRANDE PUNTO (2005-2008)<br \/>\nFIAT &#8211; 4C GRANDE PUNTO (2008-2009)<br \/>\nFIAT &#8211; 3X GRANDE PUNTO ACTUAL (2009-2013)<br \/>\nFIAT &#8211; 2S IDEA (2003-2008)<br \/>\nFIAT &#8211; 4D IDEA (2008-2012)<br \/>\nFIAT &#8211; 3M LINEA (2007-&#8230;.)<br \/>\nFIAT &#8211; 0C LINEA INDIA FL2014 (2014-&#8230;.)<br \/>\nFIAT &#8211; 3P NUOVA 500 (2007-2012)<br \/>\nFIAT &#8211; 2Q NUOVA PANDA (2003-2009)<br \/>\nFIAT &#8211; 33 NUOVA PANDA (2012-&#8230;.)<br \/>\nFIAT &#8211; 51 NUOVA PUNTO MY2012 (2012-2013)<br \/>\nFIAT &#8211; 2H PALIO 2V EXTRA EUROPA REST. 2002 (2002-2011)<br \/>\nFIAT &#8211; 71 PANDA CLASSIC (2012-2012)<br \/>\nFIAT &#8211; 3U PANDA MY 2009 (2009-2010)<br \/>\nFIAT &#8211; 0X PANDA MY 2011 (2010-2011)<br \/>\nFIAT &#8211; 3J PUNTO EVO (2009-2011)<br \/>\nFIAT &#8211; 2U PUNTO FL.&#8217;03 (2003-2010)<br \/>\nFIAT &#8211; 6U PUNTO MY 2013 (2013-&#8230;.)<br \/>\nFIAT &#8211; 2L SIENA EXTRA EUROPA REST.(2002-2012)<br \/>\nALFA ROMEO &#8211; X6 ALFA MITO (2008-2011)<br \/>\nALFA ROMEO &#8211; QZ MITO MY2011 (2011-2013)<br \/>\nALFA ROMEO &#8211; 10 MITO MY2013 (2013-&#8230;.)<br \/>\nLANCIA &#8211; TG MUSA (2004-2007)<br \/>\nLANCIA &#8211; TJ MUSA (2007-2011)<br \/>\nLANCIA &#8211; 43 MUSA FLL (2011-2012)<br \/>\nLANCIA &#8211; TK NEW YPSILON (2011-&#8230;.)<br \/>\nLANCIA &#8211; TE YPSILON (2003-2009)<br \/>\nLANCIA &#8211; TI YPSILON (2009-2011)<br \/>\nFIAT PROFESSIONAL &#8211; 2W DOBLO MY. 2004 (2004-2005)<br \/>\nFIAT PROFESSIONAL &#8211; 3C DOBLO REST. 2005 (2005-&#8230;.)<br \/>\nFIAT PROFESSIONAL &#8211; 3V NUOVO DOBLO 2009 (2009-&#8230;.)<br \/>\nFIAT PROFESSIONAL &#8211; 3N NUOVO FIORINO-QUBO (2007-&#8230;.)<br \/>\nFIAT PROFESSIONAL &#8211; 52 STRADA 2011 (2011-2014)<br \/>\nFIAT PROFESSIONAL &#8211; 3G STRADA REST. 2 (2005-2011)<\/p>\n<p> LA PIEZA ES NUEVA Y ORIGINAL.<\/p>\n","protected":false},"excerpt":{"rendered":"<p>Engranaje, pi\u00f1\u00f3n inferior de 21 dientes de la correa de distribuci\u00f3n para motores 1300CC JTD \/ MJTD 16V de: FIAT &#8211; 83 500 MY2012 (2012-&#8230;.) FIAT &#8211; 73 500L (2012-&#8230;.) FIAT &#8211; 2Y GRANDE PUNTO (2005-2008) FIAT &#8211; 4C GRANDE PUNTO (2008-2009) FIAT &#8211; 3X GRANDE PUNTO ACTUAL (2009-2013) FIAT &#8211; 2S IDEA (2003-2008) FIAT [&hellip;]<\/p>\n","protected":false},"featured_media":18244,"template":"","meta":{"_seopress_robots_primary_cat":"","_seopress_titles_title":"","_seopress_titles_desc":"","_seopress_robots_index":""},"product_cat":[74,16,87,20,92,93,21,94,47,121,98,99,101,107,109,127],"product_tag":[],"class_list":{"0":"post-18243","1":"product","2":"type-product","3":"status-publish","4":"has-post-thumbnail","6":"product_cat-recambios-fiat-500","7":"product_cat-recambios-alfa-romeo","8":"product_cat-recambios-fiat-doblo","9":"product_cat-recambios-fiat","10":"product_cat-recambios-fiat-grande-punto","11":"product_cat-recambios-fiat-idea","12":"product_cat-recambios-lancia","13":"product_cat-recambios-fiat-linea","14":"product_cat-recambios-alfa-romeo-mito","15":"product_cat-recambios-lancia-musa","16":"product_cat-recambios-fiat-palio","17":"product_cat-recambios-fiat-panda","18":"product_cat-recambios-fiat-punto","19":"product_cat-recambios-fiat-siena","20":"product_cat-recambios-fiat-strada","21":"product_cat-recambios-lancia-ypsilon","23":"first","24":"instock","25":"taxable","26":"shipping-taxable","27":"purchasable","28":"product-type-simple"},"_links":{"self":[{"href":"https:\/\/galicianparts.com\/shop\/wp-json\/wp\/v2\/product\/18243"}],"collection":[{"href":"https:\/\/galicianparts.com\/shop\/wp-json\/wp\/v2\/product"}],"about":[{"href":"https:\/\/galicianparts.com\/shop\/wp-json\/wp\/v2\/types\/product"}],"wp:featuredmedia":[{"embeddable":true,"href":"https:\/\/galicianparts.com\/shop\/wp-json\/wp\/v2\/media\/18244"}],"wp:attachment":[{"href":"https:\/\/galicianparts.com\/shop\/wp-json\/wp\/v2\/media?parent=18243"}],"wp:term":[{"taxonomy":"product_cat","embeddable":true,"href":"https:\/\/galicianparts.com\/shop\/wp-json\/wp\/v2\/product_cat?post=18243"},{"taxonomy":"product_tag","embeddable":true,"href":"https:\/\/galicianparts.com\/shop\/wp-json\/wp\/v2\/product_tag?post=18243"}],"curies":[{"name":"wp","href":"https:\/\/api.w.org\/{rel}","templated":true}]}}