{"id":18386,"date":"2021-04-07T09:36:41","date_gmt":"2021-04-07T07:36:41","guid":{"rendered":"https:\/\/galicianparts.com\/shop\/producto\/46532802-tornillo-llanta-aleacion-delantera-fiat-seicento-sporting-nuevo-original\/"},"modified":"2025-04-21T22:15:39","modified_gmt":"2025-04-21T20:15:39","slug":"46532802-tornillo-llanta-aleacion-delantera-fiat-seicento-sporting-nuevo-original","status":"publish","type":"product","link":"https:\/\/galicianparts.com\/shop\/producto\/46532802-tornillo-llanta-aleacion-delantera-fiat-seicento-sporting-nuevo-original\/","title":{"rendered":"46532802 Tornillo llanta aleaci\u00f3n delantera Fiat Seicento Sporting NUEVO ORIGINAL"},"content":{"rendered":"<p>Esp\u00e1rrago de las llantas de aleaci\u00f3n de las ruedas delanteras de:<br \/>\nM\u00e9trica: 12<br \/>\nLargo total: 63 mm<\/p>\n<p>FIAT &#8211; 1E SEICENTO (1998-2010) SPORTING \/ \u00abSPORTING\u00bb (M.Y.2000) \/ KIT SPORT \/ RUEDAS\u00a0DE\u00a0ALEACI\u00d3N\u00a0LIGERA \/ KIT DEPORTIVO<\/p>\n<p>LA PIEZA ES NUEVA Y ORIGINAL.<\/p>\n","protected":false},"excerpt":{"rendered":"<p>Esp\u00e1rrago de las llantas de aleaci\u00f3n de las ruedas delanteras de: M\u00e9trica: 12 Largo total: 63 mm FIAT &#8211; 1E SEICENTO (1998-2010) SPORTING \/ \u00abSPORTING\u00bb (M.Y.2000) \/ KIT SPORT \/ RUEDAS\u00a0DE\u00a0ALEACI\u00d3N\u00a0LIGERA \/ KIT DEPORTIVO LA PIEZA ES NUEVA Y ORIGINAL.<\/p>\n","protected":false},"featured_media":92924,"template":"","meta":{"_seopress_robots_primary_cat":"","_seopress_titles_title":"","_seopress_titles_desc":"","_seopress_robots_index":""},"product_cat":[20,106],"product_tag":[],"class_list":{"0":"post-18386","1":"product","2":"type-product","3":"status-publish","4":"has-post-thumbnail","6":"product_cat-recambios-fiat","7":"product_cat-recambios-fiat-seicento","9":"first","10":"outofstock","11":"taxable","12":"shipping-taxable","13":"purchasable","14":"product-type-simple"},"_links":{"self":[{"href":"https:\/\/galicianparts.com\/shop\/wp-json\/wp\/v2\/product\/18386"}],"collection":[{"href":"https:\/\/galicianparts.com\/shop\/wp-json\/wp\/v2\/product"}],"about":[{"href":"https:\/\/galicianparts.com\/shop\/wp-json\/wp\/v2\/types\/product"}],"wp:featuredmedia":[{"embeddable":true,"href":"https:\/\/galicianparts.com\/shop\/wp-json\/wp\/v2\/media\/92924"}],"wp:attachment":[{"href":"https:\/\/galicianparts.com\/shop\/wp-json\/wp\/v2\/media?parent=18386"}],"wp:term":[{"taxonomy":"product_cat","embeddable":true,"href":"https:\/\/galicianparts.com\/shop\/wp-json\/wp\/v2\/product_cat?post=18386"},{"taxonomy":"product_tag","embeddable":true,"href":"https:\/\/galicianparts.com\/shop\/wp-json\/wp\/v2\/product_tag?post=18386"}],"curies":[{"name":"wp","href":"https:\/\/api.w.org\/{rel}","templated":true}]}}