{"id":18450,"date":"2021-04-07T11:49:26","date_gmt":"2021-04-07T09:49:26","guid":{"rendered":"https:\/\/galicianparts.com\/shop\/producto\/4152463-platillo-taque-esp-4-25mm-lancia-delta-evo-fiat-punto-gt-alfa-romeo-original\/"},"modified":"2026-02-13T12:13:17","modified_gmt":"2026-02-13T10:13:17","slug":"4152463-platillo-taque-esp-4-25mm-lancia-delta-evo-fiat-punto-gt-alfa-romeo-original","status":"publish","type":"product","link":"https:\/\/galicianparts.com\/shop\/producto\/4152463-platillo-taque-esp-4-25mm-lancia-delta-evo-fiat-punto-gt-alfa-romeo-original\/","title":{"rendered":"4152463 Platillo taqu\u00e9 esp. 4,25mm Lancia Delta Evo \/Fiat Punto GT \/Alfa ORIGINAL"},"content":{"rendered":"<p>Disco de ajuste de los taqu\u00e9s de las v\u00e1lvulas del motor de:<br \/>\nEspesor: 4,25 mm<br \/>\nDi\u00e1metro: 33 mm<\/p>\n<p>FIAT \u2013 1V BRAVA (1995-1998) 1930 DS EM 08<br \/>\nFIAT \u2013 1V BRAVA (1995-1998) 1910 TB\/DS 100CV \/ 1910 TB\/DS 75CV<br \/>\nFIAT \u2013 1M BRAVA G.98 (1998-2001) 1910 TD (75 CV) \/ 1910 TD (100 CV)<br \/>\nFIAT \u2013 1U BRAVO (1995-1998) 1930 DS EM 08-65CV<br \/>\nFIAT \u2013 1U BRAVO (1995-1998) 1910 TB\/DS 100CV \/ 1910 TB\/DS 75CV<br \/>\nFIAT \u2013 1L BRAVO G.98 (1998-2001) 1910 TD (75 CV) \/ 1910 TD (100 CV)<br \/>\nFIAT \u2013 1L BRAVO G.98 (1998-2001) 1910 JTD CF2 (105 CV) \/ 1910 JTD CF3<br \/>\nFIAT \u2013 PC COUPE\u2019 (1994-1996) 2000 ASPIRATO \/ 2000 TURBO \/ 2000 ASP.(BRASILE)<br \/>\nFIAT \u2013 MZ CROMA CHT FL.90 (1990-1992)<br \/>\nFIAT \u2013 MY CROMA IE-IE TB. FL.90 (1990-1996) 2000 8V EM.04 IE WEBER \/ 2000 8V USA\u201983 (MOT.154C3) \/ 2000 8V TURBO EM.04 \/ 2000 8V TURBO USA\u201983 \/ 2000 8V USA\u201983 (MOT.834B) \/ 2000 8V EM.04 IE BOSCH (SA) \/ 2000 8V EM.04 IE BOSCH (CSI-DZ)<br \/>\nFIAT \u2013 MY CROMA IE-IE TB. FL.90 (1990-1996) 2000 16V USA\u201983 \/ 2000 16V 91 RON (CINA)<br \/>\nFIAT \u2013 MJ CROMA TURBO DS FL.90 (1990-1996) 1930 (154C6.000) \/ 1930 (154D1.000)<br \/>\nFIAT \u2013 2B DUNA (1986-1990) 1100 BZ \/ 1300 BZ<br \/>\nFIAT \u2013 2B DUNA (1986-1990) 1700 DS<br \/>\nFIAT \u2013 XP ELBA CSL (1991-1996) 1300 CARB.<br \/>\nFIAT \u2013 XP ELBA CSL (1991-1996) 1500 SPI USA\u201983<br \/>\nFIAT \u2013 XP ELBA CSL (1991-1996) 1372 SPI USA\u201983 (MONOJETRONIC) \/ 1580 SPI USA\u201983 (MONOJETRONIC) \/ 1372 SPI CEE F2 (MONOMOTRONIC) \/ 1580 SPI CEE F2 (MONOMOTRONIC)<br \/>\nFIAT \u2013 XP ELBA CSL (1991-1996) 1697 DS<br \/>\nFIAT \u2013 2Y GRANDE PUNTO (2005-2008) 1910 JTD CF4 8V 115CV\/85KW MENOR POTENCIA BELGICA \/ 1.9 JTD 8V CF4 120CV\/88KW \/ 1.9 JTD 8V CF4 130CV\/95KW<br \/>\nFIAT \u2013 4C GRANDE PUNTO (2008-2009) 1910 \/ DI\u00c9SEL \/ 8 V\u00c1LVULAS<br \/>\nFIAT \u2013 2S IDEA (2003-2008) 1910 8V JTD 100CV\/74KW<br \/>\nFIAT \u2013 4D IDEA (2008-2012) 1800-1899CC<br \/>\nFIAT \u2013 PU MAREA DIESEL (1996-1999) 1910 TD (100CV) \/ 1910 TD SOFT (75CV)<br \/>\nFIAT \u2013 PU MAREA DIESEL (1996-1999) 2400 TD<br \/>\nFIAT \u2013 1R MAREA DS GAMMA\u201999 (1999-2002) 1910 JTD CF2 105CV \/ 1910 JTD CF3 110CV \/ 1910 JTD CF3 100 CV<br \/>\nFIAT \u2013 1R MAREA DS GAMMA\u201999 (1999-2002) 1910 TD 75CV<br \/>\nFIAT \u2013 1R MAREA DS GAMMA\u201999 (1999-2002) 2400 JTD CF2 136CV<br \/>\nFIAT \u2013 XR MILLE (1994-1995) 1000 SPI<br \/>\nFIAT \u2013 XR MILLE (1994-1995) 1697 DS<br \/>\nFIAT \u2013 XS MILLE CLIP (1995-1997) 994 SPI<br \/>\nFIAT \u2013 XS MILLE CLIP (1995-1997) 1372 SPI<br \/>\nFIAT \u2013 XS MILLE CLIP (1995-1997) 1697 DS<br \/>\nFIAT \u2013 1F MULTIPLA (1998-2010) 1910 JTD CF2 \/ 1910 JTD CF3 110 CV\/81KW \/ 1910 JTD CF3 115 CV\/85KW<br \/>\nFIAT \u2013 1F MULTIPLA (1998-2010) 1910 JTD CF4 8V 115CV\/85KW MENOR POTENCIA BELGICA \/ 1.9 JTD 120 CV\/88KW CF4<br \/>\nFIAT \u2013 3L NUOVA BRAVO (2007-2009) 1910 JTD \/ (1.4 MPI) (1.9 90CV) (1.6 90CV) \/ 1400 TRB GS \/1598\/1910 JTD 120CV<br \/>\nFIAT \u2013 3Y NUOVA BRAVO MY 2010 (2010-2014) 1910 \/ 8 V\u00c1LVULAS<br \/>\nFIAT \u2013 1X PALIO 2V EXTRA EUROPA (1997-2002) 1372 SPI EM.04 \/ 1372 SPI CF2(TR)<br \/>\nFIAT \u2013 1X PALIO 2V EXTRA EUROPA (1997-2002) 1697 DS EM.08<br \/>\nFIAT \u2013 2H PALIO 2V EXTRA EUROPA REST. 2002 (2002-2011) 1910 DS CF3 (IND)<br \/>\nFIAT \u2013 2H PALIO 2V EXTRA EUROPA REST. 2002 (2002-2011) 1697 TD CF2<br \/>\nFIAT \u2013 3D PALIO 2V REST.2 (2005-2011) 1697 TB\/DS CF2<br \/>\nFIAT \u2013 2G PALIO WE EUROPA REST. (2002-2004) 1910 DS CF3<br \/>\nFIAT \u2013 2G PALIO WE EUROPA REST. (2002-2004) 1910 JTD CF3<br \/>\nFIAT \u2013 1Y PALIO WE EXTRA EUROPA (1997-2002) 1372 SPI CF2 (PL) \/ 1372 SPI EM.04 \/ 1372 SPI CF2 (TR)<br \/>\nFIAT \u2013 2K PALIO WE EXTRA EUROPA REST. 2002 (2002-2008) 1910 DS CF3 (IND<br \/>\nFIAT \u2013 2K PALIO WE EXTRA EUROPA REST. 2002 (2002-2008) 1910 JTD CF3<br \/>\nFIAT \u2013 2K PALIO WE EXTRA EUROPA REST. 2002 (2002-2008) 1697 TD CF2<br \/>\nFIAT \u2013 3F PALIO WEEKEND REST.2 (2005-2009) 1697 TB\/DS CF2<br \/>\nFIAT \u2013 PY PALIO\/WEEKEND EUROPA (1997-2002) 1697 TDS SW<br \/>\nFIAT \u2013 PY PALIO\/WEEKEND EUROPA (1997-2002) 1.9 DS CF3<br \/>\nFIAT \u2013 2P PANDA DS (1986-1993)<br \/>\nFIAT \u2013 NV PUNTO (1993-1997) 1.6 MPI<br \/>\nFIAT \u2013 1A PUNTO BZ. GAMMA \u201997 (1997-1999) 1372 MPI TURBO<br \/>\nFIAT \u2013 PF PUNTO CABRIO (1994-1997) 1580 MPI<br \/>\nFIAT \u2013 NX PUNTO D-TD (1993-1997)<br \/>\nFIAT \u2013 1P PUNTO DS (1999-2003) 1.9 DS \/ 1.9 JTD 80 CV \/ 1.9 JTD 85 CV<br \/>\nFIAT \u2013 2U PUNTO FL.\u201903 (2003-2010) 1910 JTD 85CV\/63 KW<br \/>\nFIAT \u2013 2U PUNTO FL.\u201903 (2003-2010) 1910 JTD 74 KW\/100CV<br \/>\nFIAT \u2013 NW PUNTO GT (1993-1997)<br \/>\nFIAT \u2013 1B PUNTO TB.DS. GAMMA\u201997 (1997-1999)<br \/>\nFIAT \u2013 2A SIENA EXTRA EUROPA (1997-2002) 1372 SPI CF2(PL) \/ 1372 SPI EM.04 \/ 1372 SPI CF2(TR-ET)<br \/>\nFIAT \u2013 2A SIENA EXTRA EUROPA (1997-2002) 1697 DS EM.08<br \/>\nFIAT \u2013 2L SIENA EXTRA EUROPA REST. (2002-2012) 1910 DS CF3<br \/>\nFIAT \u2013 2L SIENA EXTRA EUROPA REST. (2002-2012) 1697 TD CF2<br \/>\nFIAT \u2013 3E SIENA REST.2 (2005-2011) 1697 TB\/DS CF2<br \/>\nFIAT \u2013 2C STILO (2001-2003) 1.9 JTD 58KW\/80CV \/ 1.9 JTD 85KW\/115CV<br \/>\nFIAT \u2013 2V STILO F.L.L. 2003 (2003-2007) 1.9 JTD 58KW\/80CV \/ 1.9 JTD 8V 100 CV\/74KW \/ 1.9 JTD 85KW\/115CV<br \/>\nFIAT \u2013 2V STILO F.L.L. 2003 (2003-2007) 1.9 JTD 8V CF4 90CV\/66KW MENOR POT. AUSTRIA \/ 1910 JTD CF4 8V 115CV\/85KW MENOR POTENCIA BELGICA \/ 1.9 JTD CF4 8V 120HP 88KW<br \/>\nFIAT \u2013 MV TEMPRA 1370-1580 (1989-1993)<br \/>\nFIAT \u2013 MW TEMPRA 1750-2000 (1989-1993)<br \/>\nFIAT \u2013 MX TEMPRA DIESEL-TURBO D.(1989-1993)<br \/>\nFIAT \u2013 NY TEMPRA MAQ.93 1370-1580 (\u201993-\u201996)<br \/>\nFIAT \u2013 NZ TEMPRA MAQ.93 1750-2000 (\u201993-\u201996)<br \/>\nFIAT \u2013 NJ TEMPRA MQ.93 D-TD (1993-1996)<br \/>\nFIAT \u2013 ME TIPO (1987-1993) 1370 CARB.(69CV) \/ 1370 CARB.(76CV) \/ 1370 CARB.DAV-15 \/ 1370 SPI \/ 1580 CARB.(81CV) \/ 1580 CARB.(85CV) \/ 1580 SPI (78CV) \/ 1580 SPI (75CV)<br \/>\nFIAT \u2013 NG TIPO 1750-2000 (1990-1993)<br \/>\nFIAT \u2013 MF TIPO DIESEL-T.DS. (1987-1993)<br \/>\nFIAT \u2013 NT TIPO MAQ.93 D-TD (1993-1995)<br \/>\nFIAT \u2013 NS TIPO MQ.93 (1993-1995) 1372 SPI MONOJETRONIC \/ 1372 CARB. \/ 1580 SPI \/ 1580 SPI SELECTA \/ 1580 CARB.(95 RON) \/ 1372 SPI MM<br \/>\nFIAT \u2013 NU TIPO MQ.93 (1993-1995) 1750 105CV (77KW) \/ 2000 8V \/ 1750 USA\u201983 90CV (66KW) \/ 2000 8V (BRASIL) \/ 1750 CEE F2 97CV (71KW) \/ 1750 CEE F2 90CV (66KW)<br \/>\nFIAT \u2013 NU TIPO MQ.93 (1993-1995) 2000 16V \/ 2000 16V (BRASIL)<br \/>\nFIAT \u2013 MP TIPO SPORT 16V IE. (1988-1993)<br \/>\nFIAT \u2013 ML UNO CS (1988-1990) 1100 GASOLINA<br \/>\nFIAT \u2013 ML UNO CS (1988-1990) 1700 DIESEL(149) \/ 1700 DIESEL(146)<br \/>\nFIAT \u2013 MU UNO DIESEL R\/89 (1989-1995) 1300 ASPIRADO<br \/>\nFIAT \u2013 MU UNO DIESEL R\/89 (1989-1995) 1367 TURBO<br \/>\nFIAT \u2013 MU UNO DIESEL R\/89 (1989-1995) 1697 ASPIRADO \/ 1930 ASPIRADO<br \/>\nFIAT \u2013 1D UNO MONDO (1995-2010) 1697 ASPIRATED DIESEL<br \/>\nFIAT \u2013 MS UNO R\/89 (1989-1995) 1116 \/ 1370 SPI \/ 1370 SPI USA\u201983 \/ 1370 DAV-15 \/ 1500 SPI USA\u201983 \/ 1370 CARB.<br \/>\nFIAT \u2013 MS UNO R\/89 (1989-1995) 1116 TREND<br \/>\nFIAT \u2013 MR UNO R\/89 (1989-1995) 994 CARB. \/ 994 SPI<br \/>\nFIAT \u2013 MT UNO TURBO R\/89 (1989-1993)<br \/>\nALFA ROMEO \u2013 U1 145 (1994-1996) 1930 TB\/DS EM.08 \/ 1930 TB\/DS CEE FASE 2<br \/>\nALFA ROMEO \u2013 T5 145 GAMMA 97 (1997-1999) 1930 T.DS. CEE FASE 2 \/ 1930 T.DS. EM08 ARGENTINA<br \/>\nALFA ROMEO \u2013 W3 145 M.Y. \u201999 (1999-2000) 1910 JTD CF2<br \/>\nALFA ROMEO \u2013 U2 146 (1995-1996) 1930 T.DS EM 08 \/ 1930 T.DS CEE FASE 2<br \/>\nALFA ROMEO \u2013 T6 146 GAMMA 97 (1997-1999) 1930 T.DS. CEE FASE 2 \/ 1930 T.DS. EM08 ARGENTINA<br \/>\nALFA ROMEO \u2013 W4 146 M.Y. \u201999 (1999-2000) 1910 JTD CF2<br \/>\nALFA ROMEO \u2013 W8 147 (2000-2010) 1910 JTD CF3 8V 100CV\/74 KW \/ 1910 JTD CF3 8V 115CV\/85 KW<br \/>\nALFA ROMEO \u2013 W8 147 (2000-2010) 1910 JTD CF4 8V 115CV\/85KW MENOR POT BEL. \/ 1.9 JTD 8V CF4<br \/>\nALFA ROMEO \u2013 T4 155 GAMMA 96 DS (1996-1997) 1930 TD<br \/>\nALFA ROMEO \u2013 U6 155 TURBO (1992-1996) 1930 TD<br \/>\nALFA ROMEO \u2013 U6 155 TURBO (1992-1996) 2000 TB\/BZ 4X4<br \/>\nALFA ROMEO \u2013 X1 156 M.Y.2002 (2001-2005) 1910 JTD 8V 115CV\/85KW<br \/>\nALFA ROMEO \u2013 X1 156 M.Y.2002 (2001-2005) 2400 JTD 10V 150CV\/110 KW<br \/>\nALFA ROMEO \u2013 T8 156 TD.ID. (1997-2002) 1910 JTD CF2 \/ 1910 JTD CF3 110CV \/ 1910 JTD CF3 115CV<br \/>\nALFA ROMEO \u2013 T8 156 TD.ID. (1997-2002) 2400 JTD CF2 \/ 2400 JTD CF3<br \/>\nALFA ROMEO \u2013 X8 159 MY11 (2010-2011) 1858-1910 CC<br \/>\nALFA ROMEO \u2013 K2 164 TURBO BZ.(1987-1992) 2.0 4 CIL.<br \/>\nALFA ROMEO \u2013 W9 166 (1998-2007) 2400 JTD CF2 140CV\/103KW \/ 2400 JTD CF3 140 CV\/103KW \/ 2400 JTD CF3 150 CV\/110KW<br \/>\nALFA ROMEO \u2013 X3 ALFA 159 (2005-2008) 1910 JTD CF4 8V 115CV\/85KW MENOR POTENCIA BELGICA \/ 1.9 JTD 8V E4<br \/>\nLANCIA \u2013 RY DEDRA BENZINA (1989-1994) 1600 \/ 1600 USA\u201983 MONOJETRONIC \/ 1600 USA\u201983 MONOJMORONIC<br \/>\nLANCIA \u2013 RY DEDRA BENZINA (1989-1994) 1800 \/ 1800 USA\u201983 105CV (77KW) \/ 2000 \/ 2000 USA\u201983 \/ 1800 CC.(USA 83) 90CV (66KW)<br \/>\nLANCIA \u2013 SL DEDRA FL.94 (1994-1999) 1580 MPI 8V \/ 1580 SPI<br \/>\nLANCIA \u2013 SL DEDRA FL.94 (1994-1999) 1750 MPI \/ 2000 MPI C. AUT.<br \/>\nLANCIA \u2013 SM DEDRA FL.94 (1994-1999) 2000 16V<br \/>\nLANCIA \u2013 SN DEDRA FL.94 T.DS (1994-1999)<br \/>\nLANCIA \u2013 RJ DEDRA IE.TB.INTEGRALE (1990-1994)<br \/>\nLANCIA \u2013 RZ DEDRA TURBO DIESEL (1989-1994)<br \/>\nLANCIA \u2013 RT DELTA 4WD (1986-1991) 2000 8V \/ 2000 8V COMP.MIGLIORATA \/ 2000 8V USA 83<br \/>\nLANCIA \u2013 RT DELTA 4WD (1986-1991) 2000 16V<br \/>\nLANCIA \u2013 SA DELTA EVOLUZIONE (1991-1994) 2000 16V \/ 2000 16V USA83<br \/>\nLANCIA \u2013 SA DELTA EVOLUZIONE (1991-1994) 2000 8V USA83<br \/>\nLANCIA \u2013 TB DELTA R.86 (1986-1992) 1100 CARB \/ 1300 CARB \/ 1500 CARB<br \/>\nLANCIA \u2013 TB DELTA R.86 (1986-1992) 1600 MPI \/ 1600 SPI USA 83 \/ 1600 MPI TB \/ 1600 MPI TB USA 83<br \/>\nLANCIA \u2013 TB DELTA R.86 (1986-1992) 1930 TB\/DS<br \/>\nLANCIA \u2013 SV KAPPA COUPE\u2019 (1997-2001) 2000 IE. TB 16V<br \/>\nLANCIA \u2013 SP KAPPA BZ (1994-2001) 2000 IE. TB 16V<br \/>\nLANCIA \u2013 SR KAPPA DIESEL (1994-2001)<br \/>\nLANCIA \u2013 SY LYBRA DS (1999-2005) 2400 JTD CF2 (AR32501) \/ 2400 JTD CF2 (839A5000) \/ 2400 JTD CF3 140 CV\/103KW \/ 2400 JTD CF3 150 CV\/110KW<br \/>\nLANCIA \u2013 TG MUSA (2004-2007) 1910 8V JTD CF4 100CV\/74KW<br \/>\nLANCIA \u2013 TJ MUSA (2007-2011) (1800-1899 CC)<br \/>\nLANCIA \u2013 SF N.DELTA (1993-1999) 1372 SPI\u00bbMJ\u00bb \/ 1580 8V \/ 1372 SPI\u00bbMM\u00bb CEE F2<br \/>\nLANCIA \u2013 SF N.DELTA (1993-1999) 1750 105CV (77KW) \/ 1750 90CV (66KW) \/ 1750 CEE F2 97CV (71KW) \/ 1750 CEE F2 90CV (66KW)<br \/>\nLANCIA \u2013 SG N.DELTA (\u201993-\u201999) 2000 16V ASP. \/ 2000 16V TB USA 83 \/ 2000 16V TB CEE F2<br \/>\nLANCIA \u2013 SQ N.DELTA TB\/DS (1994-1999)<br \/>\nLANCIA \u2013 SZ THEMA R.88 (1988-1992) 2000 16V EM.04 \/ 2000 16V USA\/83 \/ 2000 TB 16V EM.04 \/ 2000 TB 16V USA\/83<br \/>\nLANCIA \u2013 SZ THEMA R.88 (1988-1992) 2000 8V EM.04 \/ 2000 8V USA\/83 \/ 2000 TB 8V USA\/83<br \/>\nLANCIA \u2013 SE THEMA I.E. 8V FL.92 (1992-1994)<br \/>\nLANCIA \u2013 SB THEMA IE. 16V FL.92 (1992-1994)<br \/>\nLANCIA \u2013 SJ THESIS (2001-2007) 2400 JTD 10V 150CV\/110 KW<br \/>\nLANCIA \u2013 ZL Y10 FL.89 (1988-1992) 1300 MPI \/ 1300 MPI USA\u201983<br \/>\nLANCIA \u2013 ZM Y10 R.92 (1992-1995) 1300 MPI<br \/>\nFIAT PROFESSIONAL \u2013 1W DOBLO (2000-2004) 1.9 DS CF3<br \/>\nFIAT PROFESSIONAL \u2013 1W DOBLO (2000-2004) 1910 JTD CF3 \/ 1910 JTD CF3 105 CV<br \/>\nFIAT PROFESSIONAL \u2013 2W DOBLO MY. 2004 (2004-2005) 1.9 DS ASP CF3<br \/>\nFIAT PROFESSIONAL \u2013 2W DOBLO MY. 2004 (2004-2005) 1.9 JTD CF3 105HP<br \/>\nFIAT PROFESSIONAL \u2013 3C DOBLO REST. 2005 (2005-\u2026.) 1910 JTD 8V CF4 105CV\/77KW \/ 1910 JTD 8V CF4 100CV\/74KW \/ 1910 JTD 8V CF4 120CV\/88KW<br \/>\nFIAT PROFESSIONAL \u2013 2M FIORINO (1991-1993) 1116 CARB \/ 1300 CARB<br \/>\nFIAT PROFESSIONAL \u2013 2M FIORINO (1991-1993) 1300 DS<br \/>\nFIAT PROFESSIONAL \u2013 2M FIORINO (1991-1993) 1697 DS(149 B3) \/ 1697 DS(146 B2) \/ 1697 DS USA \u201983<br \/>\nFIAT PROFESSIONAL \u2013 3A FIORINO EXPORT (2004-2008) 1697 ASPIRATED DIESEL<br \/>\nFIAT PROFESSIONAL \u2013 2N FIORINO RL (1993-2000) 1372 SPI \/ 1580 SPI \/ 1372 SPI C.F.2 \/ 1580 SPI C.F.2<br \/>\nFIAT PROFESSIONAL \u2013 2N FIORINO RL (1993-2000) 1301 CARB.<br \/>\nFIAT PROFESSIONAL \u2013 2N FIORINO RL (1993-2000) 1697 DS \/ 1697 TB\/DS<br \/>\nFIAT PROFESSIONAL \u2013 NA NUOVO DUCATO DS.R.90 (1990-1994) 1930 \/ 1930 TURBO<br \/>\nFIAT PROFESSIONAL \u2013 PL SCUDO (1995-2004) 1580 BZ<br \/>\nFIAT PROFESSIONAL \u2013 1G STRADA (1999-2005) 1697 TDS<br \/>\nFIAT PROFESSIONAL \u2013 1G STRADA (1999-2005) 1.9 DS CF3<br \/>\nFIAT PROFESSIONAL \u2013 1G STRADA (1999-2005) 1910 JTD CF3<br \/>\nFIAT PROFESSIONAL \u2013 3G STRADA REST. 2 (2005-2011) 1697 TB\/DS CF2<br \/>\nFIAT PROFESSIONAL \u2013 NC TALENTO R.90 (1990-1994) DI\u00c9SEL<br \/>\nPEUGEOT \u2013 EXPERT<br \/>\nPEUGEOT \u2013 J5<br \/>\nCITROEN \u2013 C25<br \/>\nCITROEN \u2013 JUMPY<\/p>\n<p>LA PIEZA ES NUEVA Y ORIGINAL.<\/p>\n","protected":false},"excerpt":{"rendered":"<p>Disco de ajuste de los taqu\u00e9s de las v\u00e1lvulas del motor de: Espesor: 4,25 mm Di\u00e1metro: 33 mm FIAT \u2013 1V BRAVA (1995-1998) 1930 DS EM 08 FIAT \u2013 1V BRAVA (1995-1998) 1910 TB\/DS 100CV \/ 1910 TB\/DS 75CV FIAT \u2013 1M BRAVA G.98 (1998-2001) 1910 TD (75 CV) \/ 1910 TD (100 CV) FIAT [&hellip;]<\/p>\n","protected":false},"featured_media":100713,"template":"","meta":{"_seopress_robots_primary_cat":"","_seopress_titles_title":"","_seopress_titles_desc":"","_seopress_robots_index":""},"product_cat":[45,46,44,48,49,51,54,57,16,81,82,85,86,117,118,87,88,89,90,20,91,92,93,119,21,120,95,96,121,98,99,101,104,105,107,108,109,110,111,124,125,112,114,126],"product_tag":[],"class_list":{"0":"post-18450","1":"product","2":"type-product","3":"status-publish","4":"has-post-thumbnail","6":"product_cat-recambios-alfa-romeo-145","7":"product_cat-recambios-alfa-romeo-146","8":"product_cat-recambios-alfa-romeo-147","9":"product_cat-recambios-alfa-romeo-155","10":"product_cat-recambios-alfa-romeo-156","11":"product_cat-recambios-alfa-romeo-159","12":"product_cat-recambios-alfa-romeo-164","13":"product_cat-recambios-alfa-romeo-166","14":"product_cat-recambios-alfa-romeo","15":"product_cat-recambios-fiat-brava","16":"product_cat-recambios-fiat-bravo","17":"product_cat-recambios-fiat-coupe","18":"product_cat-recambios-fiat-croma","19":"product_cat-recambios-lancia-dedra","20":"product_cat-recambios-lancia-delta","21":"product_cat-recambios-fiat-doblo","22":"product_cat-recambios-fiat-ducato","23":"product_cat-recambios-fiat-duna","24":"product_cat-recambios-fiat-elba","25":"product_cat-recambios-fiat","26":"product_cat-recambios-fiat-fiorino","27":"product_cat-recambios-fiat-grande-punto","28":"product_cat-recambios-fiat-idea","29":"product_cat-recambios-lancia-kappa","30":"product_cat-recambios-lancia","31":"product_cat-recambios-lancia-lybra","32":"product_cat-recambios-fiat-marea","33":"product_cat-recambios-fiat-multipla","34":"product_cat-recambios-lancia-musa","35":"product_cat-recambios-fiat-palio","36":"product_cat-recambios-fiat-panda","37":"product_cat-recambios-fiat-punto","38":"product_cat-recambios-fiat-scudo","39":"product_cat-recambios-fiat-sedici","40":"product_cat-recambios-fiat-siena","41":"product_cat-recambios-fiat-stilo","42":"product_cat-recambios-fiat-strada","43":"product_cat-recambios-fiat-talento","44":"product_cat-recambios-fiat-tempra","45":"product_cat-recambios-lancia-thema","46":"product_cat-recambios-lancia-thesis","47":"product_cat-recambios-fiat-tipo","48":"product_cat-recambios-fiat-uno","49":"product_cat-recambios-lancia-y10","51":"first","52":"instock","53":"taxable","54":"shipping-taxable","55":"purchasable","56":"product-type-simple"},"_links":{"self":[{"href":"https:\/\/galicianparts.com\/shop\/wp-json\/wp\/v2\/product\/18450"}],"collection":[{"href":"https:\/\/galicianparts.com\/shop\/wp-json\/wp\/v2\/product"}],"about":[{"href":"https:\/\/galicianparts.com\/shop\/wp-json\/wp\/v2\/types\/product"}],"wp:featuredmedia":[{"embeddable":true,"href":"https:\/\/galicianparts.com\/shop\/wp-json\/wp\/v2\/media\/100713"}],"wp:attachment":[{"href":"https:\/\/galicianparts.com\/shop\/wp-json\/wp\/v2\/media?parent=18450"}],"wp:term":[{"taxonomy":"product_cat","embeddable":true,"href":"https:\/\/galicianparts.com\/shop\/wp-json\/wp\/v2\/product_cat?post=18450"},{"taxonomy":"product_tag","embeddable":true,"href":"https:\/\/galicianparts.com\/shop\/wp-json\/wp\/v2\/product_tag?post=18450"}],"curies":[{"name":"wp","href":"https:\/\/api.w.org\/{rel}","templated":true}]}}