{"id":18554,"date":"2021-04-07T18:56:37","date_gmt":"2021-04-07T16:56:37","guid":{"rendered":"https:\/\/galicianparts.com\/shop\/producto\/4459199-pinon-marcha-atras-cambio-fiat-128-x1-9-ritmo-regata-lancia-delta-prisma\/"},"modified":"2021-08-02T12:20:26","modified_gmt":"2021-08-02T10:20:26","slug":"4459199-pinon-marcha-atras-cambio-fiat-128-x1-9-ritmo-regata-lancia-delta-prisma","status":"publish","type":"product","link":"https:\/\/galicianparts.com\/shop\/producto\/4459199-pinon-marcha-atras-cambio-fiat-128-x1-9-ritmo-regata-lancia-delta-prisma\/","title":{"rendered":"4459199 Pi\u00f1\u00f3n marcha atr\u00e1s cambio Fiat 128 \/ X1\/9 \/ Ritmo \/ Regata \/ Lancia Delta \/ Prisma"},"content":{"rendered":"<p>Engranaje de la marcha atr\u00e1s de 31 dientes, D. exterior 66mm, D. interior 16mm Alto 24.6 mm del cambio de:<br \/>\nFIAT 128<br \/>\nFIAT X1\/9<br \/>\nFIAT REGATA<br \/>\nFIAT RITMO<br \/>\nLANCIA DELTA<br \/>\nLANCIA PRISMA<\/p>\n<p>LA PIEZA ES NUEVA Y ORIGINAL.<\/p>\n","protected":false},"excerpt":{"rendered":"<p>Engranaje de la marcha atr\u00e1s de 31 dientes, D. exterior 66mm, D. interior 16mm Alto 24.6 mm del cambio de: FIAT 128 FIAT X1\/9 FIAT REGATA FIAT RITMO LANCIA DELTA LANCIA PRISMA LA PIEZA ES NUEVA Y ORIGINAL.<\/p>\n","protected":false},"featured_media":18555,"template":"","meta":{"_seopress_robots_primary_cat":"","_seopress_titles_title":"","_seopress_titles_desc":"","_seopress_robots_index":""},"product_cat":[69,118,20,21,123,102,103,206],"product_tag":[],"class_list":{"0":"post-18554","1":"product","2":"type-product","3":"status-publish","4":"has-post-thumbnail","6":"product_cat-recambios-fiat-128","7":"product_cat-recambios-lancia-delta","8":"product_cat-recambios-fiat","9":"product_cat-recambios-lancia","10":"product_cat-recambios-lancia-prisma","11":"product_cat-recambios-fiat-regata","12":"product_cat-recambios-fiat-ritmo","13":"product_cat-recambios-fiat-x1-9","15":"first","16":"outofstock","17":"taxable","18":"shipping-taxable","19":"purchasable","20":"product-type-simple"},"_links":{"self":[{"href":"https:\/\/galicianparts.com\/shop\/wp-json\/wp\/v2\/product\/18554"}],"collection":[{"href":"https:\/\/galicianparts.com\/shop\/wp-json\/wp\/v2\/product"}],"about":[{"href":"https:\/\/galicianparts.com\/shop\/wp-json\/wp\/v2\/types\/product"}],"wp:featuredmedia":[{"embeddable":true,"href":"https:\/\/galicianparts.com\/shop\/wp-json\/wp\/v2\/media\/18555"}],"wp:attachment":[{"href":"https:\/\/galicianparts.com\/shop\/wp-json\/wp\/v2\/media?parent=18554"}],"wp:term":[{"taxonomy":"product_cat","embeddable":true,"href":"https:\/\/galicianparts.com\/shop\/wp-json\/wp\/v2\/product_cat?post=18554"},{"taxonomy":"product_tag","embeddable":true,"href":"https:\/\/galicianparts.com\/shop\/wp-json\/wp\/v2\/product_tag?post=18554"}],"curies":[{"name":"wp","href":"https:\/\/api.w.org\/{rel}","templated":true}]}}