{"id":18603,"date":"2021-04-08T11:53:11","date_gmt":"2021-04-08T09:53:11","guid":{"rendered":"https:\/\/galicianparts.com\/shop\/producto\/7601457-kit-2-taco-goma-maletero-lancia-delta-evoluzione-nuevo-original\/"},"modified":"2024-05-16T09:36:21","modified_gmt":"2024-05-16T07:36:21","slug":"7601457-kit-2-taco-goma-maletero-lancia-delta-evoluzione-nuevo-original","status":"publish","type":"product","link":"https:\/\/galicianparts.com\/shop\/producto\/7601457-kit-2-taco-goma-maletero-lancia-delta-evoluzione-nuevo-original\/","title":{"rendered":"7601457 Pack 2 tacos goma maletero Lancia Delta Evo \/Fiat \/Alfa ORIGINAL"},"content":{"rendered":"<p>82439168 Set, juego de dos topes de goma de apoyo del port\u00f3n del maletero y del cap\u00f3 delantero de:<br \/>\nDi\u00e1metro: 22 mm<br \/>\nLargo: 52 mm<\/p>\n<p>FIAT &#8211; 2B DUNA BENZINA\/DIESEL (1986-1990)<br \/>\nFIAT &#8211; 2B DUNA BENZINA\/DIESEL (1986-1990) WEEKEND \/ PENNY\/CITYVAN<br \/>\nFIAT &#8211; XP ELBA CSL (1991-1996) LIMPIA LUNA<br \/>\nFIAT &#8211; XR MILLE (1994-1995)<br \/>\nFIAT &#8211; LV PANDA 4X2 RL\/86(1985-1991)<br \/>\nFIAT &#8211; 2R PANDA 4X4 R\/86 (1985-1991)<br \/>\nFIAT &#8211; 2P PANDA DS (1986-1993)<br \/>\nFIAT &#8211; ML UNO CS (1988-1990)<br \/>\nALFA ROMEO &#8211; U5 155 ASPIRATO (1992-1996)<br \/>\nALFA ROMEO &#8211; T3 155 GAMMA 96 BZ (1996-1997)<br \/>\nALFA ROMEO &#8211; T4 155 GAMMA 96 DS (1996-1997)<br \/>\nALFA ROMEO &#8211; U6 155 TURBO BZ-DS (1992-1996)<br \/>\nLANCIA &#8211; SL DEDRA FL.94 1580-1750 8\/16V 2000 (1994-1999) S.W. LE \/ S.W. LS \/ S.W. &#8217;98<br \/>\nLANCIA &#8211; SM DEDRA FL.94 1750-2.0 (1994-1999) S.W. LS 4X2 \/ S.W. LX 4X2 \/ S.W. LS 4X4 \/ S.W. &#8217;98<br \/>\nLANCIA &#8211; SN DEDRA FL.94 T.DS (1994-1999) S.W. LE \/ S.W. LS \/ S.W. &#8217;98<br \/>\nLANCIA &#8211; RT DELTA 4WD INTEGRALE (1986-1991)<br \/>\nLANCIA &#8211; SA DELTA EVOLUZIONE (1991-1994)<br \/>\nLANCIA &#8211; TB DELTA R.86 BZ\/DS (1986-1992)<br \/>\nLANCIA &#8211; SF N.DELTA 1400-1600-1800 (1993-1999)<br \/>\nLANCIA &#8211; SG N.DELTA 2.0 -1750 132CV (&#8217;93-&#8217;99)<br \/>\nLANCIA &#8211; SQ N.DELTA TB\/DS (1994-1999)<br \/>\nLANCIA &#8211; SD THEMA 3.0 V6 FL.92 (1992-1994) SEDAN LS \/ SEDAN LX<br \/>\nLANCIA &#8211; SZ THEMA BZ\/DS R.88 (1988-1992) BN 8V \/ BN 16V \/ BN TB LX 16V \/ BN TB\/DS \/ BN 6V<br \/>\nLANCIA &#8211; SZ THEMA BZ\/DS R.88 (1988-1992) BN 8.32<br \/>\nLANCIA &#8211; SE THEMA I.E. 8V FL.92 (1992-1994)<br \/>\nLANCIA &#8211; SC THEMA TURBO DS FL.92 (1992-1994) SEDAN TURBO DS EM08 \/ SEDAN LS TURBO DS EM08 \/ SEDAN LE TURBO DS EM08 \/ SEDAN LE TURBO DS USA 87<br \/>\nLANCIA &#8211; ZL Y10 FL.89 (1988-1992)<br \/>\nLANCIA &#8211; ZM Y10 R.92 (1992-1995)<br \/>\nAUTOBIANCHI &#8211; Y10 (1988-1995)<\/p>\n<p>LA PIEZA ES NUEVA Y ORIGINAL.<\/p>\n","protected":false},"excerpt":{"rendered":"<p>82439168 Set, juego de dos topes de goma de apoyo del port\u00f3n del maletero y del cap\u00f3 delantero de: Di\u00e1metro: 22 mm Largo: 52 mm FIAT &#8211; 2B DUNA BENZINA\/DIESEL (1986-1990) FIAT &#8211; 2B DUNA BENZINA\/DIESEL (1986-1990) WEEKEND \/ PENNY\/CITYVAN FIAT &#8211; XP ELBA CSL (1991-1996) LIMPIA LUNA FIAT &#8211; XR MILLE (1994-1995) FIAT &#8211; [&hellip;]<\/p>\n","protected":false},"featured_media":81425,"template":"","meta":{"_seopress_robots_primary_cat":"","_seopress_titles_title":"","_seopress_titles_desc":"","_seopress_robots_index":""},"product_cat":[48,16,25,117,118,89,90,20,21,99,124,114,64,126],"product_tag":[],"class_list":{"0":"post-18603","1":"product","2":"type-product","3":"status-publish","4":"has-post-thumbnail","6":"product_cat-recambios-alfa-romeo-155","7":"product_cat-recambios-alfa-romeo","8":"product_cat-recambios-autobianchi","9":"product_cat-recambios-lancia-dedra","10":"product_cat-recambios-lancia-delta","11":"product_cat-recambios-fiat-duna","12":"product_cat-recambios-fiat-elba","13":"product_cat-recambios-fiat","14":"product_cat-recambios-lancia","15":"product_cat-recambios-fiat-panda","16":"product_cat-recambios-lancia-thema","17":"product_cat-recambios-fiat-uno","18":"product_cat-recambios-autobianchi-y10","19":"product_cat-recambios-lancia-y10","21":"first","22":"instock","23":"taxable","24":"shipping-taxable","25":"purchasable","26":"product-type-simple"},"_links":{"self":[{"href":"https:\/\/galicianparts.com\/shop\/wp-json\/wp\/v2\/product\/18603"}],"collection":[{"href":"https:\/\/galicianparts.com\/shop\/wp-json\/wp\/v2\/product"}],"about":[{"href":"https:\/\/galicianparts.com\/shop\/wp-json\/wp\/v2\/types\/product"}],"wp:featuredmedia":[{"embeddable":true,"href":"https:\/\/galicianparts.com\/shop\/wp-json\/wp\/v2\/media\/81425"}],"wp:attachment":[{"href":"https:\/\/galicianparts.com\/shop\/wp-json\/wp\/v2\/media?parent=18603"}],"wp:term":[{"taxonomy":"product_cat","embeddable":true,"href":"https:\/\/galicianparts.com\/shop\/wp-json\/wp\/v2\/product_cat?post=18603"},{"taxonomy":"product_tag","embeddable":true,"href":"https:\/\/galicianparts.com\/shop\/wp-json\/wp\/v2\/product_tag?post=18603"}],"curies":[{"name":"wp","href":"https:\/\/api.w.org\/{rel}","templated":true}]}}