{"id":18689,"date":"2021-04-08T17:32:37","date_gmt":"2021-04-08T15:32:37","guid":{"rendered":"https:\/\/galicianparts.com\/shop\/producto\/7569404-manguito-filtro-aire-fiat-regata-1-3-1-5-138\/"},"modified":"2024-04-04T09:12:57","modified_gmt":"2024-04-04T07:12:57","slug":"7569404-manguito-filtro-aire-fiat-regata-1-3-1-5-138","status":"publish","type":"product","link":"https:\/\/galicianparts.com\/shop\/producto\/7569404-manguito-filtro-aire-fiat-regata-1-3-1-5-138\/","title":{"rendered":"7569404 Manguito filtro aire Fiat Regata 1.3 \/ 1.5 (138) NUEVO ORIGINAL"},"content":{"rendered":"<p>Tubo flexible de la admisi\u00f3n del filtro de aire de:<br \/>\nDi\u00e1metro: 75 mm<br \/>\nDi\u00e1metro interior: 67mm<br \/>\nLargo: 270 mm<\/p>\n<p>FIAT &#8211; REGATA (138) 1300cc \/ 1500cc.<\/p>\n<p>LA PIEZA ES NUEVA Y ORIGINAL.<\/p>\n","protected":false},"excerpt":{"rendered":"<p>Tubo flexible de la admisi\u00f3n del filtro de aire de: Di\u00e1metro: 75 mm Di\u00e1metro interior: 67mm Largo: 270 mm FIAT &#8211; REGATA (138) 1300cc \/ 1500cc. LA PIEZA ES NUEVA Y ORIGINAL.<\/p>\n","protected":false},"featured_media":79214,"template":"","meta":{"_seopress_robots_primary_cat":"","_seopress_titles_title":"","_seopress_titles_desc":"","_seopress_robots_index":""},"product_cat":[20,102],"product_tag":[],"class_list":{"0":"post-18689","1":"product","2":"type-product","3":"status-publish","4":"has-post-thumbnail","6":"product_cat-recambios-fiat","7":"product_cat-recambios-fiat-regata","9":"first","10":"instock","11":"taxable","12":"shipping-taxable","13":"purchasable","14":"product-type-simple"},"_links":{"self":[{"href":"https:\/\/galicianparts.com\/shop\/wp-json\/wp\/v2\/product\/18689"}],"collection":[{"href":"https:\/\/galicianparts.com\/shop\/wp-json\/wp\/v2\/product"}],"about":[{"href":"https:\/\/galicianparts.com\/shop\/wp-json\/wp\/v2\/types\/product"}],"wp:featuredmedia":[{"embeddable":true,"href":"https:\/\/galicianparts.com\/shop\/wp-json\/wp\/v2\/media\/79214"}],"wp:attachment":[{"href":"https:\/\/galicianparts.com\/shop\/wp-json\/wp\/v2\/media?parent=18689"}],"wp:term":[{"taxonomy":"product_cat","embeddable":true,"href":"https:\/\/galicianparts.com\/shop\/wp-json\/wp\/v2\/product_cat?post=18689"},{"taxonomy":"product_tag","embeddable":true,"href":"https:\/\/galicianparts.com\/shop\/wp-json\/wp\/v2\/product_tag?post=18689"}],"curies":[{"name":"wp","href":"https:\/\/api.w.org\/{rel}","templated":true}]}}