{"id":18755,"date":"2021-04-09T10:16:36","date_gmt":"2021-04-09T08:16:36","guid":{"rendered":"https:\/\/galicianparts.com\/shop\/producto\/5961096-tapa-d-45mm-del-interior-marron-fiat-uno-nuevo-original\/"},"modified":"2021-04-09T10:21:21","modified_gmt":"2021-04-09T08:21:21","slug":"5961096-tapa-d-45mm-del-interior-marron-fiat-uno-nuevo-original","status":"publish","type":"product","link":"https:\/\/galicianparts.com\/shop\/producto\/5961096-tapa-d-45mm-del-interior-marron-fiat-uno-nuevo-original\/","title":{"rendered":"5961096 Tapa D.45mm tapizado marr\u00f3n Fiat Uno NUEVO ORIGINAL"},"content":{"rendered":"<p>Tap\u00f3n de 45mm de di\u00e1metro, tapa color marr\u00f3n del guarnecido de Fiat Uno.<\/p>\n<p>LA PIEZA ES NUEVA Y ORIGINAL.<\/p>\n","protected":false},"excerpt":{"rendered":"<p>Tap\u00f3n de 45mm de di\u00e1metro, tapa color marr\u00f3n del guarnecido de Fiat Uno. LA PIEZA ES NUEVA Y ORIGINAL.<\/p>\n","protected":false},"featured_media":18757,"template":"","meta":{"_seopress_robots_primary_cat":"","_seopress_titles_title":"","_seopress_titles_desc":"","_seopress_robots_index":""},"product_cat":[20,114],"product_tag":[],"class_list":{"0":"post-18755","1":"product","2":"type-product","3":"status-publish","4":"has-post-thumbnail","6":"product_cat-recambios-fiat","7":"product_cat-recambios-fiat-uno","9":"first","10":"instock","11":"taxable","12":"shipping-taxable","13":"purchasable","14":"product-type-simple"},"_links":{"self":[{"href":"https:\/\/galicianparts.com\/shop\/wp-json\/wp\/v2\/product\/18755"}],"collection":[{"href":"https:\/\/galicianparts.com\/shop\/wp-json\/wp\/v2\/product"}],"about":[{"href":"https:\/\/galicianparts.com\/shop\/wp-json\/wp\/v2\/types\/product"}],"wp:featuredmedia":[{"embeddable":true,"href":"https:\/\/galicianparts.com\/shop\/wp-json\/wp\/v2\/media\/18757"}],"wp:attachment":[{"href":"https:\/\/galicianparts.com\/shop\/wp-json\/wp\/v2\/media?parent=18755"}],"wp:term":[{"taxonomy":"product_cat","embeddable":true,"href":"https:\/\/galicianparts.com\/shop\/wp-json\/wp\/v2\/product_cat?post=18755"},{"taxonomy":"product_tag","embeddable":true,"href":"https:\/\/galicianparts.com\/shop\/wp-json\/wp\/v2\/product_tag?post=18755"}],"curies":[{"name":"wp","href":"https:\/\/api.w.org\/{rel}","templated":true}]}}