{"id":18989,"date":"2021-04-13T13:54:59","date_gmt":"2021-04-13T11:54:59","guid":{"rendered":"https:\/\/galicianparts.com\/shop\/producto\/46307584-capuchon-palier-fiat-idea-lancia-musa-alfa-156-nuevo-original\/"},"modified":"2022-07-21T13:21:46","modified_gmt":"2022-07-21T11:21:46","slug":"46307584-capuchon-palier-fiat-idea-lancia-musa-alfa-156-nuevo-original","status":"publish","type":"product","link":"https:\/\/galicianparts.com\/shop\/producto\/46307584-capuchon-palier-fiat-idea-lancia-musa-alfa-156-nuevo-original\/","title":{"rendered":"46307584 Capuch\u00f3n palier Fiat Idea \/ Lancia Musa \/ Alfa 156 NUEVO ORIGINAL"},"content":{"rendered":"<p>Capuch\u00f3n de la junta homocin\u00e9tica de la transmisi\u00f3n de:<br \/>\nFIAT &#8211; 2S IDEA (2003-2008)<br \/>\nALFA ROMEO &#8211; X1 156 1910 JTD 4X4 M.Y.2002 BZ\/DS (2001-2005)<br \/>\nLANCIA &#8211; TG MUSA (2004-2007)<\/p>\n<p> LA PIEZA ES NUEVA Y ORIGINAL.<\/p>\n","protected":false},"excerpt":{"rendered":"<p>Capuch\u00f3n de la junta homocin\u00e9tica de la transmisi\u00f3n de: FIAT &#8211; 2S IDEA (2003-2008) ALFA ROMEO &#8211; X1 156 1910 JTD 4X4 M.Y.2002 BZ\/DS (2001-2005) LANCIA &#8211; TG MUSA (2004-2007) LA PIEZA ES NUEVA Y ORIGINAL.<\/p>\n","protected":false},"featured_media":18990,"template":"","meta":{"_seopress_robots_primary_cat":"","_seopress_titles_title":"","_seopress_titles_desc":"","_seopress_robots_index":""},"product_cat":[49,16,20,93,21,121],"product_tag":[],"class_list":{"0":"post-18989","1":"product","2":"type-product","3":"status-publish","4":"has-post-thumbnail","6":"product_cat-recambios-alfa-romeo-156","7":"product_cat-recambios-alfa-romeo","8":"product_cat-recambios-fiat","9":"product_cat-recambios-fiat-idea","10":"product_cat-recambios-lancia","11":"product_cat-recambios-lancia-musa","13":"first","14":"outofstock","15":"taxable","16":"shipping-taxable","17":"purchasable","18":"product-type-simple"},"_links":{"self":[{"href":"https:\/\/galicianparts.com\/shop\/wp-json\/wp\/v2\/product\/18989"}],"collection":[{"href":"https:\/\/galicianparts.com\/shop\/wp-json\/wp\/v2\/product"}],"about":[{"href":"https:\/\/galicianparts.com\/shop\/wp-json\/wp\/v2\/types\/product"}],"wp:featuredmedia":[{"embeddable":true,"href":"https:\/\/galicianparts.com\/shop\/wp-json\/wp\/v2\/media\/18990"}],"wp:attachment":[{"href":"https:\/\/galicianparts.com\/shop\/wp-json\/wp\/v2\/media?parent=18989"}],"wp:term":[{"taxonomy":"product_cat","embeddable":true,"href":"https:\/\/galicianparts.com\/shop\/wp-json\/wp\/v2\/product_cat?post=18989"},{"taxonomy":"product_tag","embeddable":true,"href":"https:\/\/galicianparts.com\/shop\/wp-json\/wp\/v2\/product_tag?post=18989"}],"curies":[{"name":"wp","href":"https:\/\/api.w.org\/{rel}","templated":true}]}}