{"id":19297,"date":"2021-04-15T11:48:22","date_gmt":"2021-04-15T09:48:22","guid":{"rendered":"https:\/\/galicianparts.com\/shop\/producto\/71785305-junta-homocinetica-fiat-doblo-2001-2016-nuevo-original\/"},"modified":"2021-04-15T11:54:00","modified_gmt":"2021-04-15T09:54:00","slug":"71785305-junta-homocinetica-fiat-doblo-2001-2016-nuevo-original","status":"publish","type":"product","link":"https:\/\/galicianparts.com\/shop\/producto\/71785305-junta-homocinetica-fiat-doblo-2001-2016-nuevo-original\/","title":{"rendered":"71785305 Junta homocin\u00e9tica Fiat Doblo (2001-2016) NUEVO ORIGINAL"},"content":{"rendered":"<p>46308205 Junta homocin\u00e9tica de los palieres de:<br \/>\nFIAT Doblo I Cargo (223) (A\u00f1o 03.2001 &#8211; 07.2009, 63 &#8211; 106 , Gas\u00f3leo,Gasolina,Gasolina\/Gas natural (CNG))<br \/>\n1.2, A\u00f1o 03.2001 &#8211; &#8230;, 1242 , 65<br \/>\n1.2 16V, A\u00f1o 11.2001 &#8211; 01.2006, 1242 , 80<br \/>\n1.4, A\u00f1o 10.2005 &#8211; &#8230;, 1368 , 77<br \/>\n1.6 16V, A\u00f1o 11.2001 &#8211; 08.2003, 1596 , 106<br \/>\n1.6 16V, A\u00f1o 10.2001 &#8211; &#8230;, 1596 , 103<br \/>\n1.6 Natural Power, A\u00f1o 09.2002 &#8211; &#8230;, 1596 , 103<br \/>\n1.6 Natural Power (223WXD1A), A\u00f1o 02.2004 &#8211; 07.2009, 1596 , 92<br \/>\n1.9 D, A\u00f1o 03.2001 &#8211; &#8230;, 1910 , 63<br \/>\nFIAT Doblo I Familiar (119, 223) (A\u00f1o 03.2001 &#8211; 07.2009, 63 &#8211; 106 , Gas\u00f3leo,Gasolina,Gasolina\/Gas natural (CNG))<br \/>\n1.2, A\u00f1o 03.2001 &#8211; &#8230;, 1242 , 65<br \/>\n1.2 16V, A\u00f1o 09.2005 &#8211; &#8230;, 1242 , 80<br \/>\n1.4, A\u00f1o 10.2005 &#8211; &#8230;, 1368 , 77<br \/>\n1.6, A\u00f1o 09.2002 &#8211; &#8230;, 1596 , 92<br \/>\n1.6 16V, A\u00f1o 03.2001 &#8211; 06.2004, 1581 , 106<br \/>\n1.6 16V, A\u00f1o 10.2001 &#8211; &#8230;, 1596 , 103<br \/>\n1.6 Natural Power, A\u00f1o 09.2002 &#8211; &#8230;, 1596 , 103<br \/>\n1.6 Natural Power (223AXD1A), A\u00f1o 11.2005 &#8211; 07.2009, 1596 , 92<br \/>\n1.9 D, A\u00f1o 03.2001 &#8211; &#8230;, 1910 , 63<br \/>\nFIAT Doblo II Familiar (263) (A\u00f1o 11.2009 &#8211; 12.2016, 85 , Gasolina\/Etanol)<br \/>\n1.4 Flex, A\u00f1o 11.2009 &#8211; 12.2016, 1368 , 85<\/p>\n<p> LA PIEZA ES NUEVA Y ORIGINAL.<\/p>\n","protected":false},"excerpt":{"rendered":"<p>46308205 Junta homocin\u00e9tica de los palieres de: FIAT Doblo I Cargo (223) (A\u00f1o 03.2001 &#8211; 07.2009, 63 &#8211; 106 , Gas\u00f3leo,Gasolina,Gasolina\/Gas natural (CNG)) 1.2, A\u00f1o 03.2001 &#8211; &#8230;, 1242 , 65 1.2 16V, A\u00f1o 11.2001 &#8211; 01.2006, 1242 , 80 1.4, A\u00f1o 10.2005 &#8211; &#8230;, 1368 , 77 1.6 16V, A\u00f1o 11.2001 &#8211; 08.2003, 1596 [&hellip;]<\/p>\n","protected":false},"featured_media":19298,"template":"","meta":{"_seopress_robots_primary_cat":"","_seopress_titles_title":"","_seopress_titles_desc":"","_seopress_robots_index":""},"product_cat":[87,20],"product_tag":[],"class_list":{"0":"post-19297","1":"product","2":"type-product","3":"status-publish","4":"has-post-thumbnail","6":"product_cat-recambios-fiat-doblo","7":"product_cat-recambios-fiat","9":"first","10":"instock","11":"taxable","12":"shipping-taxable","13":"purchasable","14":"product-type-simple"},"_links":{"self":[{"href":"https:\/\/galicianparts.com\/shop\/wp-json\/wp\/v2\/product\/19297"}],"collection":[{"href":"https:\/\/galicianparts.com\/shop\/wp-json\/wp\/v2\/product"}],"about":[{"href":"https:\/\/galicianparts.com\/shop\/wp-json\/wp\/v2\/types\/product"}],"wp:featuredmedia":[{"embeddable":true,"href":"https:\/\/galicianparts.com\/shop\/wp-json\/wp\/v2\/media\/19298"}],"wp:attachment":[{"href":"https:\/\/galicianparts.com\/shop\/wp-json\/wp\/v2\/media?parent=19297"}],"wp:term":[{"taxonomy":"product_cat","embeddable":true,"href":"https:\/\/galicianparts.com\/shop\/wp-json\/wp\/v2\/product_cat?post=19297"},{"taxonomy":"product_tag","embeddable":true,"href":"https:\/\/galicianparts.com\/shop\/wp-json\/wp\/v2\/product_tag?post=19297"}],"curies":[{"name":"wp","href":"https:\/\/api.w.org\/{rel}","templated":true}]}}