{"id":19414,"date":"2021-04-16T10:44:33","date_gmt":"2021-04-16T08:44:33","guid":{"rendered":"https:\/\/galicianparts.com\/shop\/producto\/9400127409-kit-2-juntas-70x4-5-apoyo-ciguenal-fiat-lancia-citroen-peugeot-nuevo-original\/"},"modified":"2021-10-22T12:06:23","modified_gmt":"2021-10-22T10:06:23","slug":"9400127409-kit-2-juntas-70x4-5-apoyo-ciguenal-fiat-lancia-citroen-peugeot-nuevo-original","status":"publish","type":"product","link":"https:\/\/galicianparts.com\/shop\/producto\/9400127409-kit-2-juntas-70x4-5-apoyo-ciguenal-fiat-lancia-citroen-peugeot-nuevo-original\/","title":{"rendered":"9400127409 junta 70&#215;4.5 apoyo cig\u00fce\u00f1al Fiat \/ Lancia \/ Citroen \/ Peugeot NUEVO ORIGINAL"},"content":{"rendered":"<p>Junta de goma de 70mm de largo por 4.5mm de di\u00e1metro para el apoyo del cig\u00fce\u00f1al de:<br \/>\nFIAT &#8211; 2F NUOVO ULYSSE (2001-2010)<br \/>\nFIAT &#8211; PG ULYSSE (1994-2002)<br \/>\nLANCIA &#8211; SK \u00abZ\u00bb (1994-2002)<br \/>\nLANCIA &#8211; TC PHEDRA (2001-2010)<br \/>\nFIAT PROFESSIONAL &#8211; PD DUCATO &#8217;94 BENZINA (1994-2002)<br \/>\nFIAT PROFESSIONAL &#8211; ND DUCATO 4X4 R.90 (1990-1994)<br \/>\nFIAT PROFESSIONAL &#8211; 2E DUCATO RESTYL. BZ\/DS (2001-2006)<br \/>\nFIAT PROFESSIONAL &#8211; PE DUCATO&#8217;94 DIESEL (1994-2002)<br \/>\nFIAT PROFESSIONAL &#8211; NB NUOVO DUCATO BZ R.90 (1990-1994)<br \/>\nFIAT PROFESSIONAL &#8211; 3H NUOVO SCUDO (2007-&#8230;.)<br \/>\nFIAT PROFESSIONAL &#8211; PL SCUDO (1995-2004)<br \/>\nFIAT PROFESSIONAL &#8211; 2X SCUDO FL.2004 (2004-2006)<br \/>\nFIAT PROFESSIONAL &#8211; NC TALENTO R.90 (1990-1994)<br \/>\nCITROEN &#8211; C25<br \/>\nCITROEN &#8211; JUMPER<br \/>\nCITROEN &#8211; JUMPY<br \/>\nPEUGEOT &#8211; J5<br \/>\nPEUGEOT &#8211; BOXER<br \/>\nPEUGEOT- ESPERT<\/p>\n<p>LA PIEZA ES NUEVA Y ORIGINAL.<\/p>\n","protected":false},"excerpt":{"rendered":"<p>Junta de goma de 70mm de largo por 4.5mm de di\u00e1metro para el apoyo del cig\u00fce\u00f1al de: FIAT &#8211; 2F NUOVO ULYSSE (2001-2010) FIAT &#8211; PG ULYSSE (1994-2002) LANCIA &#8211; SK \u00abZ\u00bb (1994-2002) LANCIA &#8211; TC PHEDRA (2001-2010) FIAT PROFESSIONAL &#8211; PD DUCATO &#8217;94 BENZINA (1994-2002) FIAT PROFESSIONAL &#8211; ND DUCATO 4X4 R.90 (1990-1994) FIAT [&hellip;]<\/p>\n","protected":false},"featured_media":34511,"template":"","meta":{"_seopress_robots_primary_cat":"","_seopress_titles_title":"","_seopress_titles_desc":"","_seopress_robots_index":""},"product_cat":[155,132,23,88,156,20,157,137,138,21,24,122,104,110,113,128],"product_tag":[],"class_list":{"0":"post-19414","1":"product","2":"type-product","3":"status-publish","4":"has-post-thumbnail","6":"product_cat-recambios-peugeot-boxer","7":"product_cat-recambios-citroen-c25","8":"product_cat-recambios-citroen","9":"product_cat-recambios-fiat-ducato","10":"product_cat-recambios-peugeot-expert","11":"product_cat-recambios-fiat","12":"product_cat-recambios-peugeot-j5","13":"product_cat-recambios-citroen-jumper","14":"product_cat-recambios-citroen-jumpy","15":"product_cat-recambios-lancia","16":"product_cat-recambios-peugeot","17":"product_cat-recambios-lancia-phedra","18":"product_cat-recambios-fiat-scudo","19":"product_cat-recambios-fiat-talento","20":"product_cat-recambios-fiat-ulysse","21":"product_cat-recambios-lancia-z","23":"first","24":"instock","25":"taxable","26":"shipping-taxable","27":"purchasable","28":"product-type-simple"},"_links":{"self":[{"href":"https:\/\/galicianparts.com\/shop\/wp-json\/wp\/v2\/product\/19414"}],"collection":[{"href":"https:\/\/galicianparts.com\/shop\/wp-json\/wp\/v2\/product"}],"about":[{"href":"https:\/\/galicianparts.com\/shop\/wp-json\/wp\/v2\/types\/product"}],"wp:featuredmedia":[{"embeddable":true,"href":"https:\/\/galicianparts.com\/shop\/wp-json\/wp\/v2\/media\/34511"}],"wp:attachment":[{"href":"https:\/\/galicianparts.com\/shop\/wp-json\/wp\/v2\/media?parent=19414"}],"wp:term":[{"taxonomy":"product_cat","embeddable":true,"href":"https:\/\/galicianparts.com\/shop\/wp-json\/wp\/v2\/product_cat?post=19414"},{"taxonomy":"product_tag","embeddable":true,"href":"https:\/\/galicianparts.com\/shop\/wp-json\/wp\/v2\/product_tag?post=19414"}],"curies":[{"name":"wp","href":"https:\/\/api.w.org\/{rel}","templated":true}]}}