{"id":19442,"date":"2021-04-16T11:32:21","date_gmt":"2021-04-16T09:32:21","guid":{"rendered":"https:\/\/galicianparts.com\/shop\/producto\/814677-kit-2-silentblocks-suspension-trasera-fiat-panda-lancia-y10-autobianchi-nuevo-original\/"},"modified":"2026-05-02T15:46:14","modified_gmt":"2026-05-02T13:46:14","slug":"814677-kit-2-silentblocks-suspension-trasera-fiat-panda-lancia-y10-autobianchi-nuevo-original","status":"publish","type":"product","link":"https:\/\/galicianparts.com\/shop\/producto\/814677-kit-2-silentblocks-suspension-trasera-fiat-panda-lancia-y10-autobianchi-nuevo-original\/","title":{"rendered":"814677 Pack 4 silentblocks amortiguador trasero Fiat \/ Lancia \/ Autobianchi AKRON"},"content":{"rendered":"<p>Set, juego de cuatro silentblocks de los amortiguadores da la suspensi\u00f3n trasera de:<br \/>\nDi\u00e1metro interior: 16mm<br \/>\nDi\u00e1metro exterior: 30mm<br \/>\nAltura: 19mm<\/p>\n<p>AUTOBIANCHI A111 Berlina (A\u00f1o 08.1969 &#8211; 11.1972)<br \/>\nFIAT &#8211; 1S PANDA 4X2 MAQ 91 (1991-2003)<br \/>\nFIAT &#8211; LV PANDA 4X2 RL\/86(1985-1991)<br \/>\nFIAT &#8211; 1T PANDA 4X4 MAQ 91 (1991-2003)<br \/>\nFIAT &#8211; 2R PANDA 4X4 R\/86 (1985-1991)<br \/>\nFIAT &#8211; 2P PANDA DS (1986-1993)<br \/>\nFIAT 850 Coup\u00e9 (100) (A\u00f1o 07.1964 &#8211; 12.1972)<br \/>\nFIAT 124 Sport Spider (124) (A\u00f1o 01.1966 &#8211; 11.1985)<br \/>\nFIAT 126 (126) (A\u00f1o 09.1972 &#8211; 09.2000)<br \/>\nFIAT 124 Berlina (124) (A\u00f1o 07.1966 &#8211; 07.1975)<br \/>\nFIAT 124 Familiare (124) (A\u00f1o 04.1967 &#8211; 03.1975)<br \/>\nFIAT 124 Coup\u00e9 (124) (A\u00f1o 06.1967 &#8211; 02.1976)<br \/>\nFIAT 850 Spider (A\u00f1o 10.1965 &#8211; 12.1973)<br \/>\nFIAT 1000-Serie Berlina (A\u00f1o 01.1950 &#8211; 12.1970)<br \/>\nFIAT 125 Berlina (125) (A\u00f1o 07.1967 &#8211; 03.1974)<br \/>\nFIAT 600 Berlina (A\u00f1o 03.1955 &#8211; 02.1971)<br \/>\nFIAT 850 Berlina (A\u00f1o 07.1964 &#8211; 10.1972)<br \/>\nFIAT 1500-2300 Berlina (A\u00f1o 07.1962 &#8211; 12.1970)<br \/>\nFIAT 900 T\/E Pulmino (200_) (A\u00f1o 01.1978 &#8211; 01.1986)<br \/>\nFIAT 900 T\/E Panorama (200_) (A\u00f1o 01.1978 &#8211; 01.1986)<br \/>\nSEAT 133 Hatchback (A\u00f1o 05.1974 &#8211; 11.1979)<br \/>\nSEAT Marbella Hatchback (28) (A\u00f1o 08.1986 &#8211; 10.1998)<br \/>\nSEAT Fura (025A) (A\u00f1o 01.1982 &#8211; 12.1986)<br \/>\nSEAT 600 D Berlina (A\u00f1o 09.1963 &#8211; 04.1970)<br \/>\nSEAT Marbella Furg\u00f3n (028A) (A\u00f1o 11.1986 &#8211; 12.1993)<br \/>\nSEAT Panda (141A) (A\u00f1o 10.1980 &#8211; 12.1986)<br \/>\nSEAT 850 Berlina (A\u00f1o 01.1966 &#8211; 10.1975)<br \/>\nLANCIA &#8211; ZL Y10 4WD FL.89 (1988-1992)<br \/>\nLANCIA &#8211; ZM Y10 4WD R.92 (1992-1995)<br \/>\nAUTOBIANCHI &#8211; Y10 4WD<\/p>\n<p>LA PIEZA ES NUEVA AKRON 2856\/S<\/p>\n","protected":false},"excerpt":{"rendered":"<p>Set, juego de cuatro silentblocks de los amortiguadores da la suspensi\u00f3n trasera de: Di\u00e1metro interior: 16mm Di\u00e1metro exterior: 30mm Altura: 19mm AUTOBIANCHI A111 Berlina (A\u00f1o 08.1969 &#8211; 11.1972) FIAT &#8211; 1S PANDA 4X2 MAQ 91 (1991-2003) FIAT &#8211; LV PANDA 4X2 RL\/86(1985-1991) FIAT &#8211; 1T PANDA 4X4 MAQ 91 (1991-2003) FIAT &#8211; 2R PANDA 4X4 [&hellip;]<\/p>\n","protected":false},"featured_media":32202,"template":"","meta":{"_seopress_robots_primary_cat":"","_seopress_titles_title":"","_seopress_titles_desc":"","_seopress_robots_index":""},"product_cat":[353,65,66,67,187,78,75,168,167,76,186,62,25,20,208,21,207,99,26,64,126],"product_tag":[],"class_list":{"0":"post-19442","1":"product","2":"type-product","3":"status-publish","4":"has-post-thumbnail","6":"product_cat-recambios-fiat-1000","7":"product_cat-recambios-fiat-124","8":"product_cat-recambios-fiat-125","9":"product_cat-recambios-fiat-126","10":"product_cat-recambios-seat-133","11":"product_cat-recambios-fiat-1500","12":"product_cat-recambios-fiat-600","13":"product_cat-recambios-seat-600","14":"product_cat-recambios-seat-850","15":"product_cat-recambios-fiat-850","16":"product_cat-recambios-fiat-900","17":"product_cat-recambios-autobianchi-a111","18":"product_cat-recambios-autobianchi","19":"product_cat-recambios-fiat","20":"product_cat-recambios-seat-fura","21":"product_cat-recambios-lancia","22":"product_cat-recambios-seat-marbella","23":"product_cat-recambios-fiat-panda","24":"product_cat-recambios-seat","25":"product_cat-recambios-autobianchi-y10","26":"product_cat-recambios-lancia-y10","28":"first","29":"instock","30":"taxable","31":"shipping-taxable","32":"purchasable","33":"product-type-simple"},"_links":{"self":[{"href":"https:\/\/galicianparts.com\/shop\/wp-json\/wp\/v2\/product\/19442"}],"collection":[{"href":"https:\/\/galicianparts.com\/shop\/wp-json\/wp\/v2\/product"}],"about":[{"href":"https:\/\/galicianparts.com\/shop\/wp-json\/wp\/v2\/types\/product"}],"wp:featuredmedia":[{"embeddable":true,"href":"https:\/\/galicianparts.com\/shop\/wp-json\/wp\/v2\/media\/32202"}],"wp:attachment":[{"href":"https:\/\/galicianparts.com\/shop\/wp-json\/wp\/v2\/media?parent=19442"}],"wp:term":[{"taxonomy":"product_cat","embeddable":true,"href":"https:\/\/galicianparts.com\/shop\/wp-json\/wp\/v2\/product_cat?post=19442"},{"taxonomy":"product_tag","embeddable":true,"href":"https:\/\/galicianparts.com\/shop\/wp-json\/wp\/v2\/product_tag?post=19442"}],"curies":[{"name":"wp","href":"https:\/\/api.w.org\/{rel}","templated":true}]}}