{"id":19589,"date":"2021-04-19T12:26:54","date_gmt":"2021-04-19T10:26:54","guid":{"rendered":"https:\/\/galicianparts.com\/shop\/producto\/7621245-capuchon-der-palier-fiat-lancia-seat-nuevo-original\/"},"modified":"2023-03-24T18:48:44","modified_gmt":"2023-03-24T16:48:44","slug":"7621245-capuchon-der-palier-fiat-lancia-seat-nuevo-original","status":"publish","type":"product","link":"https:\/\/galicianparts.com\/shop\/producto\/7621245-capuchon-der-palier-fiat-lancia-seat-nuevo-original\/","title":{"rendered":"7621245 Capuch\u00f3n DER. palier Fiat \/ Lancia \/ Seat NUEVO ORIGINAL"},"content":{"rendered":"<p>Capuch\u00f3n de la junta homocin\u00e9tica de la transmisi\u00f3n de:<br \/>\nDi\u00e1metro barra: 30mm<br \/>\nDi\u00e1metro: 64mm<br \/>\nAltura: 85mm<\/p>\n<p>FIAT &#8211; NM CINQUECENTO 899CC 903CC (1992-1998)<br \/>\nFIAT &#8211; 1S PANDA 4X2 MAQ 91 (1991-2003)<br \/>\nFIAT &#8211; LV PANDA 4X2 RL\/86(1985-1991)<br \/>\nFIAT &#8211; 1T PANDA 4X4 MAQ 91 (1991-2003)<br \/>\nFIAT &#8211; 2R PANDA 4X4 R\/86 (1985-1991)<br \/>\nFIAT &#8211; 2P PANDA DS (1986-1993)<br \/>\nFIAT &#8211; MU UNO 1300CC DIESEL R\/89 (1989-1995)<br \/>\nFIAT &#8211; MS UNO R\/89 1116CC (1989-1995)<br \/>\nFIAT &#8211; MR UNO R\/89 900-1.0-1.1 (1989-1995)<br \/>\nFIAT Fiorino I Furg\u00f3n (147) (A\u00f1o 01.1980 &#8211; 12.1987, 50 , Gasolina)<br \/>\nFIAT Fiorino Furg\u00f3n (127) (A\u00f1o 10.1977 &#8211; 12.1987, 45 &#8211; 50 , Gasolina)<br \/>\nFIAT Fiorino Pick-up (147) (A\u00f1o 06.1982 &#8211; 12.1988, 45 &#8211; 50 , Gas\u00f3leo,Gasolina)<br \/>\nFIAT Regata Weekend (A\u00f1o 01.1984 &#8211; 12.1990, 60 &#8211; 101 , Gas\u00f3leo,Gasolina)<br \/>\nFIAT Ritmo I Cabrio (A\u00f1o 03.1983 &#8211; 12.1987, 68 &#8211; 82 , Gasolina)<br \/>\nFIAT Ritmo I Hatchback (138) (A\u00f1o 04.1985 &#8211; 12.1987, 58 &#8211; 80 , Gas\u00f3leo,Gasolina)<br \/>\nFIAT Seicento \/ 600 Hatchback (187) (A\u00f1o 01.1998 &#8211; 01.2010, 39 , Gasolina)<br \/>\nFIAT Seicento \/ 600 Van (287) (A\u00f1o 01.1998 &#8211; 01.2010, 39 , Gasolina)<br \/>\nLANCIA &#8211; TB DELTA 1100CC 1300CC 1500CC R.86 (1986-1992)<br \/>\nLANCIA &#8211; ZL Y10 FL.89 (1988-1992)<br \/>\nLANCIA &#8211; ZM Y10 R.92 (1992-1995)<br \/>\nLANCIA Prisma (831) (A\u00f1o 01.1983 &#8211; 02.1992, 75 &#8211; 80 , Gasolina)<br \/>\nSEAT Ibiza I Hatchback (021A) (A\u00f1o 06.1984 &#8211; 12.1993, 40 &#8211; 85 , Gas\u00f3leo,Gasolina)<br \/>\nSEAT Malaga (023A) (A\u00f1o 05.1985 &#8211; 12.1993, 60 , Gasolina)<br \/>\nSEAT Marbella Hatchback (28) (A\u00f1o 08.1986 &#8211; 11.1996, 34 &#8211; 40 , Gasolina)<br \/>\nSEAT Marbella Furg\u00f3n (028A) (A\u00f1o 01.1987 &#8211; 12.1993, 34 &#8211; 40 , Gasolina)<br \/>\nSEAT Terra Familiar (24) (A\u00f1o 03.1990 &#8211; 12.1995, 45 &#8211; 48 , Gas\u00f3leo)<br \/>\nSEAT Terra Furg\u00f3n (024A) (A\u00f1o 03.1990 &#8211; 02.1992, 45 &#8211; 48 , Gas\u00f3leo)<br \/>\nAUTOBIANCHI &#8211; Y10<\/p>\n<p> LA PIEZA ES NUEVA Y ORIGINAL.<\/p>\n","protected":false},"excerpt":{"rendered":"<p>Capuch\u00f3n de la junta homocin\u00e9tica de la transmisi\u00f3n de: Di\u00e1metro barra: 30mm Di\u00e1metro: 64mm Altura: 85mm FIAT &#8211; NM CINQUECENTO 899CC 903CC (1992-1998) FIAT &#8211; 1S PANDA 4X2 MAQ 91 (1991-2003) FIAT &#8211; LV PANDA 4X2 RL\/86(1985-1991) FIAT &#8211; 1T PANDA 4X4 MAQ 91 (1991-2003) FIAT &#8211; 2R PANDA 4X4 R\/86 (1985-1991) FIAT &#8211; 2P [&hellip;]<\/p>\n","protected":false},"featured_media":19594,"template":"","meta":{"_seopress_robots_primary_cat":"","_seopress_titles_title":"","_seopress_titles_desc":"","_seopress_robots_index":""},"product_cat":[25,84,118,20,91,162,21,164,207,99,123,102,103,26,106,233,114,126,64],"product_tag":[],"class_list":{"0":"post-19589","1":"product","2":"type-product","3":"status-publish","4":"has-post-thumbnail","6":"product_cat-recambios-autobianchi","7":"product_cat-recambios-fiat-cinquecento","8":"product_cat-recambios-lancia-delta","9":"product_cat-recambios-fiat","10":"product_cat-recambios-fiat-fiorino","11":"product_cat-recambios-seat-ibiza","12":"product_cat-recambios-lancia","13":"product_cat-recambios-seat-malaga","14":"product_cat-recambios-seat-marbella","15":"product_cat-recambios-fiat-panda","16":"product_cat-recambios-lancia-prisma","17":"product_cat-recambios-fiat-regata","18":"product_cat-recambios-fiat-ritmo","19":"product_cat-recambios-seat","20":"product_cat-recambios-fiat-seicento","21":"product_cat-recambios-seat-terra","22":"product_cat-recambios-fiat-uno","23":"product_cat-recambios-lancia-y10","24":"product_cat-recambios-autobianchi-y10","26":"first","27":"outofstock","28":"taxable","29":"shipping-taxable","30":"purchasable","31":"product-type-simple"},"_links":{"self":[{"href":"https:\/\/galicianparts.com\/shop\/wp-json\/wp\/v2\/product\/19589"}],"collection":[{"href":"https:\/\/galicianparts.com\/shop\/wp-json\/wp\/v2\/product"}],"about":[{"href":"https:\/\/galicianparts.com\/shop\/wp-json\/wp\/v2\/types\/product"}],"wp:featuredmedia":[{"embeddable":true,"href":"https:\/\/galicianparts.com\/shop\/wp-json\/wp\/v2\/media\/19594"}],"wp:attachment":[{"href":"https:\/\/galicianparts.com\/shop\/wp-json\/wp\/v2\/media?parent=19589"}],"wp:term":[{"taxonomy":"product_cat","embeddable":true,"href":"https:\/\/galicianparts.com\/shop\/wp-json\/wp\/v2\/product_cat?post=19589"},{"taxonomy":"product_tag","embeddable":true,"href":"https:\/\/galicianparts.com\/shop\/wp-json\/wp\/v2\/product_tag?post=19589"}],"curies":[{"name":"wp","href":"https:\/\/api.w.org\/{rel}","templated":true}]}}