{"id":19609,"date":"2021-04-19T12:53:22","date_gmt":"2021-04-19T10:53:22","guid":{"rendered":"https:\/\/galicianparts.com\/shop\/producto\/51774010-silentblock-ballesta-fiat-ducato-doblo-fiorino-strada-talento-citroen-peugeot\/"},"modified":"2023-02-13T10:00:33","modified_gmt":"2023-02-13T08:00:33","slug":"51774010-silentblock-ballesta-fiat-ducato-doblo-fiorino-strada-talento-citroen-peugeot","status":"publish","type":"product","link":"https:\/\/galicianparts.com\/shop\/producto\/51774010-silentblock-ballesta-fiat-ducato-doblo-fiorino-strada-talento-citroen-peugeot\/","title":{"rendered":"51774010 Silentblock ballesta Fiat Ducato \/Doblo \/Fiorino \/Strada \/Talento \/Citro\u00ebn \/Peugeot ORIGINAL"},"content":{"rendered":"<p>7763865 Silentblock de la suspensi\u00f3n trasera de ballesta de:<br \/>\nDi\u00e1metro interior: 18 mm<br \/>\nDi\u00e1metro exterior: 30 mm<br \/>\nAltura: 20 mm<\/p>\n<p>FIAT PROFESSIONAL &#8211; 1W DOBLO (2000-2004)<br \/>\nFIAT PROFESSIONAL &#8211; 2W DOBLO MY. 2004 (2004-2005)<br \/>\nFIAT PROFESSIONAL &#8211; 3C DOBLO REST. 2005 (2005-&#8230;.)<br \/>\nFIAT PROFESSIONAL &#8211; 3A FIORINO EXPORT (2004-2008)<br \/>\nFIAT PROFESSIONAL &#8211; 2N FIORINO RL (1993-2000)<br \/>\nFIAT PROFESSIONAL &#8211; 1G STRADA (1999-2005)<br \/>\nFIAT PROFESSIONAL &#8211; 52 STRADA 2011 (2011-2014)<br \/>\nFIAT PROFESSIONAL &#8211; 3G STRADA REST. 2 (2005-2011)<br \/>\nFIAT PROFESSIONAL &#8211; ND DUCATO 4X4 R.90 (1990-1994)<br \/>\nFIAT PROFESSIONAL &#8211; NB NUOVO DUCATO BZ R.90 (1990-1994)<br \/>\nFIAT PROFESSIONAL &#8211; NA NUOVO DUCATO DS.R.90 (1990-1994)<br \/>\nFIAT PROFESSIONAL &#8211; NC TALENTO R.90 (1990-1994)<br \/>\nCITROEN &#8211; C25<br \/>\nPEUGEOT &#8211; J5<\/p>\n<p> LA PIEZA ES NUEVA Y ORIGINAL.<\/p>\n","protected":false},"excerpt":{"rendered":"<p>7763865 Silentblock de la suspensi\u00f3n trasera de ballesta de: Di\u00e1metro interior: 18 mm Di\u00e1metro exterior: 30 mm Altura: 20 mm FIAT PROFESSIONAL &#8211; 1W DOBLO (2000-2004) FIAT PROFESSIONAL &#8211; 2W DOBLO MY. 2004 (2004-2005) FIAT PROFESSIONAL &#8211; 3C DOBLO REST. 2005 (2005-&#8230;.) FIAT PROFESSIONAL &#8211; 3A FIORINO EXPORT (2004-2008) FIAT PROFESSIONAL &#8211; 2N FIORINO RL [&hellip;]<\/p>\n","protected":false},"featured_media":19610,"template":"","meta":{"_seopress_robots_primary_cat":"","_seopress_titles_title":"","_seopress_titles_desc":"","_seopress_robots_index":""},"product_cat":[132,23,87,88,20,91,157,24,109,110],"product_tag":[],"class_list":{"0":"post-19609","1":"product","2":"type-product","3":"status-publish","4":"has-post-thumbnail","6":"product_cat-recambios-citroen-c25","7":"product_cat-recambios-citroen","8":"product_cat-recambios-fiat-doblo","9":"product_cat-recambios-fiat-ducato","10":"product_cat-recambios-fiat","11":"product_cat-recambios-fiat-fiorino","12":"product_cat-recambios-peugeot-j5","13":"product_cat-recambios-peugeot","14":"product_cat-recambios-fiat-strada","15":"product_cat-recambios-fiat-talento","17":"first","18":"instock","19":"taxable","20":"shipping-taxable","21":"purchasable","22":"product-type-simple"},"_links":{"self":[{"href":"https:\/\/galicianparts.com\/shop\/wp-json\/wp\/v2\/product\/19609"}],"collection":[{"href":"https:\/\/galicianparts.com\/shop\/wp-json\/wp\/v2\/product"}],"about":[{"href":"https:\/\/galicianparts.com\/shop\/wp-json\/wp\/v2\/types\/product"}],"wp:featuredmedia":[{"embeddable":true,"href":"https:\/\/galicianparts.com\/shop\/wp-json\/wp\/v2\/media\/19610"}],"wp:attachment":[{"href":"https:\/\/galicianparts.com\/shop\/wp-json\/wp\/v2\/media?parent=19609"}],"wp:term":[{"taxonomy":"product_cat","embeddable":true,"href":"https:\/\/galicianparts.com\/shop\/wp-json\/wp\/v2\/product_cat?post=19609"},{"taxonomy":"product_tag","embeddable":true,"href":"https:\/\/galicianparts.com\/shop\/wp-json\/wp\/v2\/product_tag?post=19609"}],"curies":[{"name":"wp","href":"https:\/\/api.w.org\/{rel}","templated":true}]}}