{"id":19747,"date":"2021-04-20T11:44:29","date_gmt":"2021-04-20T09:44:29","guid":{"rendered":"https:\/\/galicianparts.com\/shop\/producto\/71740116-disco-freno-delantero-fiat-ducato-talento-citroen-c25-peugeot-j5-alfa-nuevo-original\/"},"modified":"2025-10-20T22:46:52","modified_gmt":"2025-10-20T20:46:52","slug":"71740116-disco-freno-delantero-fiat-ducato-talento-citroen-c25-peugeot-j5-alfa-nuevo-original","status":"publish","type":"product","link":"https:\/\/galicianparts.com\/shop\/producto\/71740116-disco-freno-delantero-fiat-ducato-talento-citroen-c25-peugeot-j5-alfa-nuevo-original\/","title":{"rendered":"71740116 Disco freno delantero Fiat Ducato \/ Talento \/ Citroen C25 \/ Peugeot J5 \/ Alfa NUEVO ORIGINAL"},"content":{"rendered":"<p>Disco de freno delantero macizo de 256mm de di\u00e1metro de:<br \/>\nALFA ROMEO AR6 Bus (280) (A\u00f1o 04.1985 &#8211; 12.1989, 69 , Gas\u00f3leo)<br \/>\nALFA ROMEO AR6 Furg\u00f3n (280) (A\u00f1o 03.1986 &#8211; 12.1989, 75 &#8211; 92 , Gas\u00f3leo)<br \/>\nCITRO\u00cbN C25 Bus (A\u00f1o 09.1981 &#8211; 02.1994, 68 &#8211; 95 , Gas\u00f3leo,Gasolina)<br \/>\nCITRO\u00cbN C25 Cami\u00f3n de plataforma\/Chasis (A\u00f1o 11.1983 &#8211; 03.1994, 69 &#8211; 95 , Gas\u00f3leo,Gasolina)<br \/>\nCITRO\u00cbN C25 Furg\u00f3n (A\u00f1o 09.1981 &#8211; 07.1994, 68 &#8211; 95 , Gas\u00f3leo,Gasolina)<br \/>\nFIAT Ducato I Cami\u00f3n de plataforma\/Chasis (280) (A\u00f1o 07.1982 &#8211; 08.1990, 71 &#8211; 92 , Gas\u00f3leo,Gasolina)<br \/>\nFIAT Ducato I Cami\u00f3n de plataforma\/Chasis (290) (A\u00f1o 03.1989 &#8211; 05.1994, 69 &#8211; 95 , Gas\u00f3leo,Gasolina)<br \/>\nFIAT Ducato I Furg\u00f3n (280) (A\u00f1o 01.1982 &#8211; 08.1990, 67 &#8211; 92 , Gas\u00f3leo,Gasolina)<br \/>\nFIAT Ducato I Furg\u00f3n (290) (A\u00f1o 03.1989 &#8211; 05.1994, 71 &#8211; 95 , Gas\u00f3leo,Gasolina)<br \/>\nFIAT Ducato I Panorama (280) (A\u00f1o 07.1982 &#8211; 08.1990, 67 &#8211; 92 , Gas\u00f3leo,Gasolina)<br \/>\nFIAT Ducato I Panorama (290) (A\u00f1o 06.1990 &#8211; 05.1994, 71 &#8211; 95 , Gas\u00f3leo,Gasolina)<br \/>\nFIAT Talento Bus (290) (A\u00f1o 03.1989 &#8211; 03.1994, 71 &#8211; 75 , Gas\u00f3leo,Gasolina)<br \/>\nFIAT Talento Cami\u00f3n de plataforma\/Chasis (290) (A\u00f1o 03.1989 &#8211; 03.1994, 71 &#8211; 75 , Gas\u00f3leo,Gasolina)<br \/>\nFIAT Talento Furg\u00f3n (290) (A\u00f1o 03.1989 &#8211; 03.1994, 71 &#8211; 75 , Gas\u00f3leo,Gasolina)<br \/>\nPEUGEOT J5 Bus (280) (A\u00f1o 09.1981 &#8211; 09.1990, 73 &#8211; 79 , Gas\u00f3leo,Gasolina)<br \/>\nPEUGEOT J5 Bus (290) (A\u00f1o 10.1990 &#8211; 02.1994, 70 &#8211; 84 , Gas\u00f3leo,Gasolina)<br \/>\nPEUGEOT J5 Cami\u00f3n de plataforma\/Chasis (280) (A\u00f1o 09.1981 &#8211; 09.1990, 69 &#8211; 79 , Gas\u00f3leo,Gasolina)<br \/>\nPEUGEOT J5 Cami\u00f3n de plataforma\/Chasis (290) (A\u00f1o 10.1990 &#8211; 02.1994, 70 &#8211; 84 , Gas\u00f3leo,Gasolina)<br \/>\nPEUGEOT J5 Furg\u00f3n (280) (A\u00f1o 09.1981 &#8211; 08.1990, 69 &#8211; 75 , Gas\u00f3leo,Gasolina)<br \/>\nPEUGEOT J5 Furg\u00f3n (290) (A\u00f1o 09.1990 &#8211; 03.1994, 69 &#8211; 84 , Gas\u00f3leo,Gasolina)<\/p>\n<p>LA PIEZA ES NUEVA Y ORIGINAL.<\/p>\n","protected":false},"excerpt":{"rendered":"<p>Disco de freno delantero macizo de 256mm de di\u00e1metro de: ALFA ROMEO AR6 Bus (280) (A\u00f1o 04.1985 &#8211; 12.1989, 69 , Gas\u00f3leo) ALFA ROMEO AR6 Furg\u00f3n (280) (A\u00f1o 03.1986 &#8211; 12.1989, 75 &#8211; 92 , Gas\u00f3leo) CITRO\u00cbN C25 Bus (A\u00f1o 09.1981 &#8211; 02.1994, 68 &#8211; 95 , Gas\u00f3leo,Gasolina) CITRO\u00cbN C25 Cami\u00f3n de plataforma\/Chasis (A\u00f1o 11.1983 [&hellip;]<\/p>\n","protected":false},"featured_media":19748,"template":"","meta":{"_seopress_robots_primary_cat":"","_seopress_titles_title":"","_seopress_titles_desc":"","_seopress_robots_index":""},"product_cat":[16,184,132,23,88,20,157,24,110],"product_tag":[],"class_list":{"0":"post-19747","1":"product","2":"type-product","3":"status-publish","4":"has-post-thumbnail","6":"product_cat-recambios-alfa-romeo","7":"product_cat-recambios-alfa-romeo-ar6","8":"product_cat-recambios-citroen-c25","9":"product_cat-recambios-citroen","10":"product_cat-recambios-fiat-ducato","11":"product_cat-recambios-fiat","12":"product_cat-recambios-peugeot-j5","13":"product_cat-recambios-peugeot","14":"product_cat-recambios-fiat-talento","16":"first","17":"outofstock","18":"taxable","19":"shipping-taxable","20":"purchasable","21":"product-type-simple"},"_links":{"self":[{"href":"https:\/\/galicianparts.com\/shop\/wp-json\/wp\/v2\/product\/19747"}],"collection":[{"href":"https:\/\/galicianparts.com\/shop\/wp-json\/wp\/v2\/product"}],"about":[{"href":"https:\/\/galicianparts.com\/shop\/wp-json\/wp\/v2\/types\/product"}],"wp:featuredmedia":[{"embeddable":true,"href":"https:\/\/galicianparts.com\/shop\/wp-json\/wp\/v2\/media\/19748"}],"wp:attachment":[{"href":"https:\/\/galicianparts.com\/shop\/wp-json\/wp\/v2\/media?parent=19747"}],"wp:term":[{"taxonomy":"product_cat","embeddable":true,"href":"https:\/\/galicianparts.com\/shop\/wp-json\/wp\/v2\/product_cat?post=19747"},{"taxonomy":"product_tag","embeddable":true,"href":"https:\/\/galicianparts.com\/shop\/wp-json\/wp\/v2\/product_tag?post=19747"}],"curies":[{"name":"wp","href":"https:\/\/api.w.org\/{rel}","templated":true}]}}