{"id":19810,"date":"2021-04-20T14:20:52","date_gmt":"2021-04-20T12:20:52","guid":{"rendered":"https:\/\/galicianparts.com\/shop\/producto\/46307657-capuchon-palier-diam-int-23-8mm-fiat-lancia-autobianchi\/"},"modified":"2023-04-11T17:01:13","modified_gmt":"2023-04-11T15:01:13","slug":"46307657-capuchon-palier-diam-int-23-8mm-fiat-lancia-autobianchi","status":"publish","type":"product","link":"https:\/\/galicianparts.com\/shop\/producto\/46307657-capuchon-palier-diam-int-23-8mm-fiat-lancia-autobianchi\/","title":{"rendered":"46307657 Capuch\u00f3n palier Di\u00e1m. Int. 23.8mm Fiat \/ Lancia \/ Autobianchi NUEVO ORIGINAL"},"content":{"rendered":"<p>Capuch\u00f3n del semieje de 23.8mm de di\u00e1metro interno de:<br \/>\nFIAT Brava Hatchback (182) (A\u00f1o 10.1995 &#8211; 10.2001, 65 &#8211; 80 , Gas\u00f3leo,Gasolina)<br \/>\nFIAT Bravo I Hatchback (182) (A\u00f1o 10.1995 &#8211; 10.2001, 65 , Gas\u00f3leo)<br \/>\nFIAT Cinquecento (170) (A\u00f1o 07.1991 &#8211; 07.1999, 40 &#8211; 41 , Gasolina)<br \/>\nFIAT Elba (A\u00f1o 06.1992 &#8211; 10.1996, 82 , Gasolina)<br \/>\nFIAT Fiorino II Furg\u00f3n (146) (A\u00f1o 01.1988 &#8211; 05.2001, 57 &#8211; 75 , Gas\u00f3leo,Gasolina)<br \/>\nFIAT Fiorino II Pick-up (146) (A\u00f1o 10.1993 &#8211; 05.2001, 57 &#8211; 75 , Gas\u00f3leo,Gasolina)<br \/>\nFIAT Palio I Hatchback (178) (A\u00f1o 07.1997 &#8211; 08.2002, 60 &#8211; 73 , Gasolina)<br \/>\nFIAT Palio I Weekend (178) (A\u00f1o 04.1996 &#8211; 10.2004, 60 &#8211; 100 , Gas\u00f3leo,Gasolina)<br \/>\nFIAT Panda I Hatchback (141) (A\u00f1o 09.1982 &#8211; 07.2004, 34 &#8211; 54 , Gas\u00f3leo,Gasolina)<br \/>\nFIAT Panda Van (141) (A\u00f1o 01.1986 &#8211; 02.2004, 44 &#8211; 54 , Gasolina)<br \/>\nFIAT Tempra Berlina (159) (A\u00f1o 03.1990 &#8211; 08.1996, 69 &#8211; 90 , Gasolina)<br \/>\nFIAT Tempra S.W. (159) (A\u00f1o 10.1990 &#8211; 08.1996, 69 &#8211; 90 , Gasolina)<br \/>\nFIAT Tipo Hatchback (160) (A\u00f1o 07.1987 &#8211; 04.1995, 56 &#8211; 90 , Gas\u00f3leo,Gasolina)<br \/>\nFIAT Uno Furg\u00f3n (146) (A\u00f1o 02.1988 &#8211; 02.1992, 58 , Gas\u00f3leo)<br \/>\nFIAT Uno Hatchback (146) (A\u00f1o 10.1985 &#8211; 06.2006, 56 &#8211; 118 , Gas\u00f3leo,Gasolina)<br \/>\nLANCIA Dedra Berlina (835) (A\u00f1o 08.1989 &#8211; 07.1999, 75 &#8211; 103 , Gasolina)<br \/>\nLANCIA Dedra Familiar (835) (A\u00f1o 10.1994 &#8211; 07.1999, 90 &#8211; 103 , Gasolina)<br \/>\nLANCIA Delta I (831) (A\u00f1o 09.1979 &#8211; 12.1992, 64 &#8211; 86 , Gasolina)<br \/>\nLANCIA Y10 (156) (A\u00f1o 03.1985 &#8211; 12.1995, 44 &#8211; 84 , Gasolina)<br \/>\nAUTOBIANCHI &#8211; Y10<\/p>\n<p> LA PIEZA ES NUEVA Y ORIGINAL.<\/p>\n","protected":false},"excerpt":{"rendered":"<p>Capuch\u00f3n del semieje de 23.8mm de di\u00e1metro interno de: FIAT Brava Hatchback (182) (A\u00f1o 10.1995 &#8211; 10.2001, 65 &#8211; 80 , Gas\u00f3leo,Gasolina) FIAT Bravo I Hatchback (182) (A\u00f1o 10.1995 &#8211; 10.2001, 65 , Gas\u00f3leo) FIAT Cinquecento (170) (A\u00f1o 07.1991 &#8211; 07.1999, 40 &#8211; 41 , Gasolina) FIAT Elba (A\u00f1o 06.1992 &#8211; 10.1996, 82 , Gasolina) [&hellip;]<\/p>\n","protected":false},"featured_media":19811,"template":"","meta":{"_seopress_robots_primary_cat":"","_seopress_titles_title":"","_seopress_titles_desc":"","_seopress_robots_index":""},"product_cat":[25,81,82,84,117,118,90,20,91,21,98,99,111,112,114,126,64],"product_tag":[],"class_list":{"0":"post-19810","1":"product","2":"type-product","3":"status-publish","4":"has-post-thumbnail","6":"product_cat-recambios-autobianchi","7":"product_cat-recambios-fiat-brava","8":"product_cat-recambios-fiat-bravo","9":"product_cat-recambios-fiat-cinquecento","10":"product_cat-recambios-lancia-dedra","11":"product_cat-recambios-lancia-delta","12":"product_cat-recambios-fiat-elba","13":"product_cat-recambios-fiat","14":"product_cat-recambios-fiat-fiorino","15":"product_cat-recambios-lancia","16":"product_cat-recambios-fiat-palio","17":"product_cat-recambios-fiat-panda","18":"product_cat-recambios-fiat-tempra","19":"product_cat-recambios-fiat-tipo","20":"product_cat-recambios-fiat-uno","21":"product_cat-recambios-lancia-y10","22":"product_cat-recambios-autobianchi-y10","24":"first","25":"outofstock","26":"taxable","27":"shipping-taxable","28":"purchasable","29":"product-type-simple"},"_links":{"self":[{"href":"https:\/\/galicianparts.com\/shop\/wp-json\/wp\/v2\/product\/19810"}],"collection":[{"href":"https:\/\/galicianparts.com\/shop\/wp-json\/wp\/v2\/product"}],"about":[{"href":"https:\/\/galicianparts.com\/shop\/wp-json\/wp\/v2\/types\/product"}],"wp:featuredmedia":[{"embeddable":true,"href":"https:\/\/galicianparts.com\/shop\/wp-json\/wp\/v2\/media\/19811"}],"wp:attachment":[{"href":"https:\/\/galicianparts.com\/shop\/wp-json\/wp\/v2\/media?parent=19810"}],"wp:term":[{"taxonomy":"product_cat","embeddable":true,"href":"https:\/\/galicianparts.com\/shop\/wp-json\/wp\/v2\/product_cat?post=19810"},{"taxonomy":"product_tag","embeddable":true,"href":"https:\/\/galicianparts.com\/shop\/wp-json\/wp\/v2\/product_tag?post=19810"}],"curies":[{"name":"wp","href":"https:\/\/api.w.org\/{rel}","templated":true}]}}