{"id":19836,"date":"2021-04-21T11:01:00","date_gmt":"2021-04-21T09:01:00","guid":{"rendered":"https:\/\/galicianparts.com\/shop\/producto\/77362216-kit-pastillas-freno-delanteras-fiat-ducato-citroen-jumper-peugeot-boxer-nuevo-original\/"},"modified":"2024-07-25T09:36:14","modified_gmt":"2024-07-25T07:36:14","slug":"77362216-kit-pastillas-freno-delanteras-fiat-ducato-citroen-jumper-peugeot-boxer-nuevo-original","status":"publish","type":"product","link":"https:\/\/galicianparts.com\/shop\/producto\/77362216-kit-pastillas-freno-delanteras-fiat-ducato-citroen-jumper-peugeot-boxer-nuevo-original\/","title":{"rendered":"77362216 Kit pastillas freno delanteras Fiat Ducato \/ Citroen Jumper \/ Peugeot Boxer NUEVO ORIGINAL"},"content":{"rendered":"<p>Set, juego de pastillas de freno de:<br \/>\nCITRO\u00cbN Jumper I Bus (230) (A\u00f1o 02.1994 &#8211; 04.2002, 69 &#8211; 128 , Gas\u00f3leo,Gasolina)<br \/>\nCITRO\u00cbN Jumper I Bus (244) (A\u00f1o 04.2002 &#8211; &#8230;, 84 &#8211; 128 , Gas\u00f3leo,Gasolina,Gasolina\/Gas natural (CNG))<br \/>\nCITRO\u00cbN Jumper I Cami\u00f3n de plataforma\/Chasis (230) (A\u00f1o 03.1994 &#8211; 04.2002, 86 &#8211; 128 , Gas\u00f3leo,Gasolina)<br \/>\nCITRO\u00cbN Jumper I Cami\u00f3n de plataforma\/Chasis (244) (A\u00f1o 02.2002 &#8211; 06.2006, 84 &#8211; 146 , Gas\u00f3leo)<br \/>\nCITRO\u00cbN Jumper I Furg\u00f3n (230) (A\u00f1o 02.1994 &#8211; 04.2002, 68 &#8211; 128 , Gas\u00f3leo,Gasolina)<br \/>\nCITRO\u00cbN Jumper I Furg\u00f3n (244) (A\u00f1o 04.2002 &#8211; &#8230;, 84 &#8211; 146 , Gas\u00f3leo,Gasolina,Gasolina\/Gas natural (CNG))<br \/>\nFIAT Ducato II Bus (230) (A\u00f1o 03.1994 &#8211; 04.2002, 68 &#8211; 128 , Gas\u00f3leo,Gasolina)<br \/>\nFIAT Ducato II Bus (244) (A\u00f1o 04.2002 &#8211; 07.2006, 84 &#8211; 145 , Gas\u00f3leo,Gasolina,Gasolina\/Gas (LPG),Gasolina\/Gas natural (CNG))<br \/>\nFIAT Ducato II Cami\u00f3n de plataforma\/Chasis (230) (A\u00f1o 03.1994 &#8211; 04.2002, 68 &#8211; 128 , Gas\u00f3leo,Gasolina)<br \/>\nFIAT Ducato II Cami\u00f3n de plataforma\/Chasis (244) (A\u00f1o 04.2002 &#8211; 07.2006, 84 &#8211; 146 , Gas\u00f3leo,Gasolina)<br \/>\nFIAT Ducato II Furg\u00f3n (230L) (A\u00f1o 03.1994 &#8211; 04.2002, 68 &#8211; 128 , Gas\u00f3leo,Gasolina)<br \/>\nFIAT Ducato II Furg\u00f3n (244) (A\u00f1o 04.2002 &#8211; 07.2006, 84 &#8211; 146 , Gas\u00f3leo,Gasolina,Gasolina\/Gas (LPG),Gasolina\/Gas natural (CNG))<br \/>\nPEUGEOT Boxer Bus (230) (A\u00f1o 03.1994 &#8211; 04.2002, 69 &#8211; 128 , Gas\u00f3leo,Gasolina)<br \/>\nPEUGEOT Boxer Bus (244) (A\u00f1o 12.2001 &#8211; 06.2006, 84 &#8211; 145 , Gas\u00f3leo,Gasolina,Gasolina\/Gas (LPG))<br \/>\nPEUGEOT Boxer Cami\u00f3n de plataforma\/Chasis (244) (A\u00f1o 12.2001 &#8211; 06.2006, 84 &#8211; 146 , Gas\u00f3leo,Gasolina\/Gas (LPG))<br \/>\nPEUGEOT Boxer Cami\u00f3n de plataforma\/Chasis (230) (A\u00f1o 03.1994 &#8211; 04.2002, 86 &#8211; 128 , Gas\u00f3leo,Gasolina)<br \/>\nPEUGEOT Boxer Furg\u00f3n (230) (A\u00f1o 03.1994 &#8211; 04.2002, 68 &#8211; 128 , Gas\u00f3leo,Gasolina)<br \/>\nPEUGEOT Boxer Furg\u00f3n (244) (A\u00f1o 12.2001 &#8211; 09.2009, 84 &#8211; 146 , Gas\u00f3leo,Gasolina,Gasolina\/Gas (LPG))<\/p>\n<p> LA PIEZA ES NUEVA Y ORIGINAL.<\/p>\n","protected":false},"excerpt":{"rendered":"<p>Set, juego de pastillas de freno de: CITRO\u00cbN Jumper I Bus (230) (A\u00f1o 02.1994 &#8211; 04.2002, 69 &#8211; 128 , Gas\u00f3leo,Gasolina) CITRO\u00cbN Jumper I Bus (244) (A\u00f1o 04.2002 &#8211; &#8230;, 84 &#8211; 128 , Gas\u00f3leo,Gasolina,Gasolina\/Gas natural (CNG)) CITRO\u00cbN Jumper I Cami\u00f3n de plataforma\/Chasis (230) (A\u00f1o 03.1994 &#8211; 04.2002, 86 &#8211; 128 , Gas\u00f3leo,Gasolina) CITRO\u00cbN Jumper [&hellip;]<\/p>\n","protected":false},"featured_media":19837,"template":"","meta":{"_seopress_robots_primary_cat":"","_seopress_titles_title":"","_seopress_titles_desc":"","_seopress_robots_index":""},"product_cat":[155,23,88,20,137,24],"product_tag":[],"class_list":{"0":"post-19836","1":"product","2":"type-product","3":"status-publish","4":"has-post-thumbnail","6":"product_cat-recambios-peugeot-boxer","7":"product_cat-recambios-citroen","8":"product_cat-recambios-fiat-ducato","9":"product_cat-recambios-fiat","10":"product_cat-recambios-citroen-jumper","11":"product_cat-recambios-peugeot","13":"first","14":"outofstock","15":"taxable","16":"shipping-taxable","17":"purchasable","18":"product-type-simple"},"_links":{"self":[{"href":"https:\/\/galicianparts.com\/shop\/wp-json\/wp\/v2\/product\/19836"}],"collection":[{"href":"https:\/\/galicianparts.com\/shop\/wp-json\/wp\/v2\/product"}],"about":[{"href":"https:\/\/galicianparts.com\/shop\/wp-json\/wp\/v2\/types\/product"}],"wp:featuredmedia":[{"embeddable":true,"href":"https:\/\/galicianparts.com\/shop\/wp-json\/wp\/v2\/media\/19837"}],"wp:attachment":[{"href":"https:\/\/galicianparts.com\/shop\/wp-json\/wp\/v2\/media?parent=19836"}],"wp:term":[{"taxonomy":"product_cat","embeddable":true,"href":"https:\/\/galicianparts.com\/shop\/wp-json\/wp\/v2\/product_cat?post=19836"},{"taxonomy":"product_tag","embeddable":true,"href":"https:\/\/galicianparts.com\/shop\/wp-json\/wp\/v2\/product_tag?post=19836"}],"curies":[{"name":"wp","href":"https:\/\/api.w.org\/{rel}","templated":true}]}}