{"id":19946,"date":"2021-04-21T18:45:55","date_gmt":"2021-04-21T16:45:55","guid":{"rendered":"https:\/\/galicianparts.com\/shop\/producto\/51708059-modulo-electronico-fiat-stilo-sw-2001-2007-nueva-original\/"},"modified":"2021-08-17T11:06:49","modified_gmt":"2021-08-17T09:06:49","slug":"51708059-modulo-electronico-fiat-stilo-sw-2001-2007-nueva-original","status":"publish","type":"product","link":"https:\/\/galicianparts.com\/shop\/producto\/51708059-modulo-electronico-fiat-stilo-sw-2001-2007-nueva-original\/","title":{"rendered":"51708059 M\u00f3dulo electr\u00f3nico Fiat Stilo SW (2001-2007) NUEVA ORIGINAL MAGNETI MARELLI"},"content":{"rendered":"<p>Centralita, m\u00f3dulo electr\u00f3nico con doble apertura de la puerta trasera de:<br \/>\nFIAT &#8211; 2C STILO S.W. ACTUAL 2-ACTIVE \/ DYNAMIC-POWER (2001-2003)<br \/>\nFIAT &#8211; 2V STILO F.L.L. 2003 S.W. ACTUAL 2-ACTIVE \/ DYNAMIC (2003-2007)<\/p>\n<p>LA PIEZA ES NUEVA Y ORIGINAL MAGNETI MARELLI<\/p>\n","protected":false},"excerpt":{"rendered":"<p>Centralita, m\u00f3dulo electr\u00f3nico con doble apertura de la puerta trasera de: FIAT &#8211; 2C STILO S.W. ACTUAL 2-ACTIVE \/ DYNAMIC-POWER (2001-2003) FIAT &#8211; 2V STILO F.L.L. 2003 S.W. ACTUAL 2-ACTIVE \/ DYNAMIC (2003-2007) LA PIEZA ES NUEVA Y ORIGINAL MAGNETI MARELLI<\/p>\n","protected":false},"featured_media":19947,"template":"","meta":{"_seopress_robots_primary_cat":"","_seopress_titles_title":"","_seopress_titles_desc":"","_seopress_robots_index":""},"product_cat":[20,108],"product_tag":[],"class_list":{"0":"post-19946","1":"product","2":"type-product","3":"status-publish","4":"has-post-thumbnail","6":"product_cat-recambios-fiat","7":"product_cat-recambios-fiat-stilo","9":"first","10":"outofstock","11":"taxable","12":"shipping-taxable","13":"purchasable","14":"product-type-simple"},"_links":{"self":[{"href":"https:\/\/galicianparts.com\/shop\/wp-json\/wp\/v2\/product\/19946"}],"collection":[{"href":"https:\/\/galicianparts.com\/shop\/wp-json\/wp\/v2\/product"}],"about":[{"href":"https:\/\/galicianparts.com\/shop\/wp-json\/wp\/v2\/types\/product"}],"wp:featuredmedia":[{"embeddable":true,"href":"https:\/\/galicianparts.com\/shop\/wp-json\/wp\/v2\/media\/19947"}],"wp:attachment":[{"href":"https:\/\/galicianparts.com\/shop\/wp-json\/wp\/v2\/media?parent=19946"}],"wp:term":[{"taxonomy":"product_cat","embeddable":true,"href":"https:\/\/galicianparts.com\/shop\/wp-json\/wp\/v2\/product_cat?post=19946"},{"taxonomy":"product_tag","embeddable":true,"href":"https:\/\/galicianparts.com\/shop\/wp-json\/wp\/v2\/product_tag?post=19946"}],"curies":[{"name":"wp","href":"https:\/\/api.w.org\/{rel}","templated":true}]}}