{"id":20106,"date":"2021-04-22T19:17:33","date_gmt":"2021-04-22T17:17:33","guid":{"rendered":"https:\/\/galicianparts.com\/shop\/producto\/71716692-junta-tapa-ciguenal-m-1-2-fiat-lancia-original\/"},"modified":"2021-04-22T19:21:26","modified_gmt":"2021-04-22T17:21:26","slug":"71716692-junta-tapa-ciguenal-m-1-2-fiat-lancia-original","status":"publish","type":"product","link":"https:\/\/galicianparts.com\/shop\/producto\/71716692-junta-tapa-ciguenal-m-1-2-fiat-lancia-original\/","title":{"rendered":"71716692 Junta tapa cig\u00fce\u00f1al M 1.2 Fiat \/ Lancia ORIGINAL"},"content":{"rendered":"<p>Junta lateral del c\u00e1rter, tapa de apoyo del cig\u00fce\u00f1al de lo motores 1242cc 8v \/ 16v de:<br \/>\nFIAT &#8211; 1M BRAVA G.98 (1998-2001)<br \/>\nFIAT &#8211; 1L BRAVO G.98 (1998-2001)<br \/>\nFIAT &#8211; 1A PUNTO BZ. GAMMA &#8217;97 (1997-1999)<br \/>\nFIAT &#8211; 1C PUNTO CABRIO GAMMA&#8217;97 (1997-2000)<br \/>\nLANCIA &#8211; SU Y (1995-2000)<br \/>\nFIAT &#8211; 1Q MAREA BZ GAMMA&#8217;99 (1999-2002)<br \/>\nFIAT &#8211; 2H PALIO 2V EXTRA EUROPA REST. 2002 (2002-2011)<br \/>\nFIAT &#8211; 2G PALIO WE EUROPA REST. (2002-2004)<br \/>\nFIAT &#8211; 2K PALIO WE EXTRA EUROPA REST. 2002 (2002-2008)<br \/>\nFIAT &#8211; PY PALIO\/WEEKEND EUROPA (1997-2002)<br \/>\nFIAT &#8211; 1N PUNTO BZ (1999-2003)<br \/>\nFIAT &#8211; 2U PUNTO FL.&#8217;03 (2003-2010)<br \/>\nFIAT &#8211; 2L SIENA EXTRA EUROPA REST.(2002-2012)<br \/>\nFIAT PROFESSIONAL &#8211; 1G STRADA (1999-2005)<\/p>\n<p>LA PIEZA ES NUEVA Y ORIGINAL.<\/p>\n","protected":false},"excerpt":{"rendered":"<p>Junta lateral del c\u00e1rter, tapa de apoyo del cig\u00fce\u00f1al de lo motores 1242cc 8v \/ 16v de: FIAT &#8211; 1M BRAVA G.98 (1998-2001) FIAT &#8211; 1L BRAVO G.98 (1998-2001) FIAT &#8211; 1A PUNTO BZ. GAMMA &#8217;97 (1997-1999) FIAT &#8211; 1C PUNTO CABRIO GAMMA&#8217;97 (1997-2000) LANCIA &#8211; SU Y (1995-2000) FIAT &#8211; 1Q MAREA BZ GAMMA&#8217;99 [&hellip;]<\/p>\n","protected":false},"featured_media":20107,"template":"","meta":{"_seopress_robots_primary_cat":"","_seopress_titles_title":"","_seopress_titles_desc":"","_seopress_robots_index":""},"product_cat":[81,82,20,95,98,101,107,109],"product_tag":[],"class_list":{"0":"post-20106","1":"product","2":"type-product","3":"status-publish","4":"has-post-thumbnail","6":"product_cat-recambios-fiat-brava","7":"product_cat-recambios-fiat-bravo","8":"product_cat-recambios-fiat","9":"product_cat-recambios-fiat-marea","10":"product_cat-recambios-fiat-palio","11":"product_cat-recambios-fiat-punto","12":"product_cat-recambios-fiat-siena","13":"product_cat-recambios-fiat-strada","15":"first","16":"instock","17":"taxable","18":"shipping-taxable","19":"purchasable","20":"product-type-simple"},"_links":{"self":[{"href":"https:\/\/galicianparts.com\/shop\/wp-json\/wp\/v2\/product\/20106"}],"collection":[{"href":"https:\/\/galicianparts.com\/shop\/wp-json\/wp\/v2\/product"}],"about":[{"href":"https:\/\/galicianparts.com\/shop\/wp-json\/wp\/v2\/types\/product"}],"wp:featuredmedia":[{"embeddable":true,"href":"https:\/\/galicianparts.com\/shop\/wp-json\/wp\/v2\/media\/20107"}],"wp:attachment":[{"href":"https:\/\/galicianparts.com\/shop\/wp-json\/wp\/v2\/media?parent=20106"}],"wp:term":[{"taxonomy":"product_cat","embeddable":true,"href":"https:\/\/galicianparts.com\/shop\/wp-json\/wp\/v2\/product_cat?post=20106"},{"taxonomy":"product_tag","embeddable":true,"href":"https:\/\/galicianparts.com\/shop\/wp-json\/wp\/v2\/product_tag?post=20106"}],"curies":[{"name":"wp","href":"https:\/\/api.w.org\/{rel}","templated":true}]}}