{"id":20123,"date":"2021-04-23T09:22:42","date_gmt":"2021-04-23T07:22:42","guid":{"rendered":"https:\/\/galicianparts.com\/shop\/producto\/712426673-aireador-calefaccion-delantero-inferior-fiat-punto-gt-nuevo-original\/"},"modified":"2024-03-06T23:04:11","modified_gmt":"2024-03-06T21:04:11","slug":"712426673-aireador-calefaccion-delantero-inferior-fiat-punto-gt-nuevo-original","status":"publish","type":"product","link":"https:\/\/galicianparts.com\/shop\/producto\/712426673-aireador-calefaccion-delantero-inferior-fiat-punto-gt-nuevo-original\/","title":{"rendered":"712426673 Aireador calefacci\u00f3n delantero inferior Fiat Punto GT NUEVO ORIGINAL"},"content":{"rendered":"<p>Difusor color antracita de la calefacci\u00f3n ubicado en el travesa\u00f1o inferior de los asientos delanteros de:<br \/>\nFIAT &#8211; NV PUNTO 55-60-75-90 (1993-1997)<br \/>\nFIAT &#8211; PF PUNTO CABRIO (1994-1997)<br \/>\nFIAT &#8211; 1C PUNTO CABRIO GAMMA&#8217;97 (1997-2000)<br \/>\nFIAT &#8211; NX PUNTO D-TD (1993-1997)<br \/>\nFIAT &#8211; NW PUNTO GT (1993-1997)<br \/>\nLANCIA &#8211; SU Y (1995-2000)<\/p>\n<p>LA PIEZA ES NUEVA Y ORIGINAL.<\/p>\n","protected":false},"excerpt":{"rendered":"<p>Difusor color antracita de la calefacci\u00f3n ubicado en el travesa\u00f1o inferior de los asientos delanteros de: FIAT &#8211; NV PUNTO 55-60-75-90 (1993-1997) FIAT &#8211; PF PUNTO CABRIO (1994-1997) FIAT &#8211; 1C PUNTO CABRIO GAMMA&#8217;97 (1997-2000) FIAT &#8211; NX PUNTO D-TD (1993-1997) FIAT &#8211; NW PUNTO GT (1993-1997) LANCIA &#8211; SU Y (1995-2000) LA PIEZA ES [&hellip;]<\/p>\n","protected":false},"featured_media":20124,"template":"","meta":{"_seopress_robots_primary_cat":"","_seopress_titles_title":"","_seopress_titles_desc":"","_seopress_robots_index":""},"product_cat":[20,21,101,127],"product_tag":[],"class_list":{"0":"post-20123","1":"product","2":"type-product","3":"status-publish","4":"has-post-thumbnail","6":"product_cat-recambios-fiat","7":"product_cat-recambios-lancia","8":"product_cat-recambios-fiat-punto","9":"product_cat-recambios-lancia-ypsilon","11":"first","12":"outofstock","13":"taxable","14":"shipping-taxable","15":"purchasable","16":"product-type-simple"},"_links":{"self":[{"href":"https:\/\/galicianparts.com\/shop\/wp-json\/wp\/v2\/product\/20123"}],"collection":[{"href":"https:\/\/galicianparts.com\/shop\/wp-json\/wp\/v2\/product"}],"about":[{"href":"https:\/\/galicianparts.com\/shop\/wp-json\/wp\/v2\/types\/product"}],"wp:featuredmedia":[{"embeddable":true,"href":"https:\/\/galicianparts.com\/shop\/wp-json\/wp\/v2\/media\/20124"}],"wp:attachment":[{"href":"https:\/\/galicianparts.com\/shop\/wp-json\/wp\/v2\/media?parent=20123"}],"wp:term":[{"taxonomy":"product_cat","embeddable":true,"href":"https:\/\/galicianparts.com\/shop\/wp-json\/wp\/v2\/product_cat?post=20123"},{"taxonomy":"product_tag","embeddable":true,"href":"https:\/\/galicianparts.com\/shop\/wp-json\/wp\/v2\/product_tag?post=20123"}],"curies":[{"name":"wp","href":"https:\/\/api.w.org\/{rel}","templated":true}]}}