{"id":20129,"date":"2021-04-23T09:39:26","date_gmt":"2021-04-23T07:39:26","guid":{"rendered":"https:\/\/galicianparts.com\/shop\/producto\/9659107280-tapon-carter-m14-fiat-ducato-citroen-jumper-peugeot-boxer-nuevo-original\/"},"modified":"2021-04-23T09:43:40","modified_gmt":"2021-04-23T07:43:40","slug":"9659107280-tapon-carter-m14-fiat-ducato-citroen-jumper-peugeot-boxer-nuevo-original","status":"publish","type":"product","link":"https:\/\/galicianparts.com\/shop\/producto\/9659107280-tapon-carter-m14-fiat-ducato-citroen-jumper-peugeot-boxer-nuevo-original\/","title":{"rendered":"9659107280 Tap\u00f3n c\u00e1rter M14 Fiat Ducato \/ Citroen Jumper \/ Peugeot Boxer NUEVO ORIGINAL"},"content":{"rendered":"<p>Tornillo, tap\u00f3n del c\u00e1rter m\u00e9trica 14mm de:<br \/>\nCITRO\u00cbN Jumper II Bus (250) (A\u00f1o 04.2006 &#8211; &#8230;, 101 &#8211; 150 , Gas\u00f3leo)<br \/>\nCITRO\u00cbN Jumper II Cami\u00f3n de plataforma\/Chasis (250) (A\u00f1o 04.2006 &#8211; &#8230;, 101 &#8211; 150 , Gas\u00f3leo)<br \/>\nCITRO\u00cbN Jumper II Furg\u00f3n (250) (A\u00f1o 04.2006 &#8211; 12.2012, 101 &#8211; 150 , Gas\u00f3leo)<br \/>\nFIAT Ducato III Bus (250, 290) (A\u00f1o 07.2006 &#8211; 05.2011, 100 , Gas\u00f3leo)<br \/>\nFIAT Ducato III Cami\u00f3n de plataforma \/ Chasis (250, 290) (A\u00f1o 07.2006 &#8211; &#8230;, 100 , Gas\u00f3leo)<br \/>\nFIAT Ducato III Furg\u00f3n (250, 290) (A\u00f1o 07.2006 &#8211; &#8230;, 100 , Gas\u00f3leo)<br \/>\nPEUGEOT Boxer Bus (250) (A\u00f1o 04.2006 &#8211; &#8230;, 101 &#8211; 150 , Gas\u00f3leo)<br \/>\nPEUGEOT Boxer Cami\u00f3n de plataforma\/Chasis (250) (A\u00f1o 04.2006 &#8211; &#8230;, 101 &#8211; 150 , Gas\u00f3leo)<br \/>\nPEUGEOT Boxer Furg\u00f3n (250) (A\u00f1o 04.2006 &#8211; &#8230;, 101 &#8211; 150 , Gas\u00f3leo)<\/p>\n<p>LA PIEZA ES NUEVA Y ORIGINAL.<\/p>\n","protected":false},"excerpt":{"rendered":"<p>Tornillo, tap\u00f3n del c\u00e1rter m\u00e9trica 14mm de: CITRO\u00cbN Jumper II Bus (250) (A\u00f1o 04.2006 &#8211; &#8230;, 101 &#8211; 150 , Gas\u00f3leo) CITRO\u00cbN Jumper II Cami\u00f3n de plataforma\/Chasis (250) (A\u00f1o 04.2006 &#8211; &#8230;, 101 &#8211; 150 , Gas\u00f3leo) CITRO\u00cbN Jumper II Furg\u00f3n (250) (A\u00f1o 04.2006 &#8211; 12.2012, 101 &#8211; 150 , Gas\u00f3leo) FIAT Ducato III Bus [&hellip;]<\/p>\n","protected":false},"featured_media":20130,"template":"","meta":{"_seopress_robots_primary_cat":"","_seopress_titles_title":"","_seopress_titles_desc":"","_seopress_robots_index":""},"product_cat":[155,23,88,20,137,24],"product_tag":[],"class_list":{"0":"post-20129","1":"product","2":"type-product","3":"status-publish","4":"has-post-thumbnail","6":"product_cat-recambios-peugeot-boxer","7":"product_cat-recambios-citroen","8":"product_cat-recambios-fiat-ducato","9":"product_cat-recambios-fiat","10":"product_cat-recambios-citroen-jumper","11":"product_cat-recambios-peugeot","13":"first","14":"instock","15":"taxable","16":"shipping-taxable","17":"purchasable","18":"product-type-simple"},"_links":{"self":[{"href":"https:\/\/galicianparts.com\/shop\/wp-json\/wp\/v2\/product\/20129"}],"collection":[{"href":"https:\/\/galicianparts.com\/shop\/wp-json\/wp\/v2\/product"}],"about":[{"href":"https:\/\/galicianparts.com\/shop\/wp-json\/wp\/v2\/types\/product"}],"wp:featuredmedia":[{"embeddable":true,"href":"https:\/\/galicianparts.com\/shop\/wp-json\/wp\/v2\/media\/20130"}],"wp:attachment":[{"href":"https:\/\/galicianparts.com\/shop\/wp-json\/wp\/v2\/media?parent=20129"}],"wp:term":[{"taxonomy":"product_cat","embeddable":true,"href":"https:\/\/galicianparts.com\/shop\/wp-json\/wp\/v2\/product_cat?post=20129"},{"taxonomy":"product_tag","embeddable":true,"href":"https:\/\/galicianparts.com\/shop\/wp-json\/wp\/v2\/product_tag?post=20129"}],"curies":[{"name":"wp","href":"https:\/\/api.w.org\/{rel}","templated":true}]}}