{"id":20464,"date":"2021-04-27T11:04:59","date_gmt":"2021-04-27T09:04:59","guid":{"rendered":"https:\/\/galicianparts.com\/shop\/producto\/9939556-rotula-direccion-fiat-croma-lancia-thema-kappa-alfa-164-nuevo-original\/"},"modified":"2022-12-02T19:12:07","modified_gmt":"2022-12-02T17:12:07","slug":"9939556-rotula-direccion-fiat-croma-lancia-thema-kappa-alfa-164-nuevo-original","status":"publish","type":"product","link":"https:\/\/galicianparts.com\/shop\/producto\/9939556-rotula-direccion-fiat-croma-lancia-thema-kappa-alfa-164-nuevo-original\/","title":{"rendered":"9939556 Rotula direcci\u00f3n Fiat Croma \/ Lancia Thema \/ Kappa \/ Alfa 164 NUEVO ORIGINAL"},"content":{"rendered":"<p>Rotula de la cremallera de direcci\u00f3n de:<br \/>\nALFA ROMEO 164 (164) (A\u00f1o 06.1987 &#8211; 09.1998, 114 &#8211; 233 , Gas\u00f3leo,Gasolina)<br \/>\nFIAT Croma I Hatchback (154) (A\u00f1o 12.1985 &#8211; 12.1996, 75 &#8211; 162 , Gas\u00f3leo,Gasolina)<br \/>\nLANCIA Kappa Berlina (838) (A\u00f1o 08.1994 &#8211; 10.2001, 124 &#8211; 220 , Gas\u00f3leo,Gasolina)<br \/>\nLANCIA Kappa Coup\u00e9 (838) (A\u00f1o 11.1996 &#8211; 03.2001, 175 &#8211; 220 , Gasolina)<br \/>\nLANCIA Kappa Familiar (838) (A\u00f1o 07.1996 &#8211; 10.2001, 124 &#8211; 220 , Gas\u00f3leo,Gasolina)<br \/>\nLANCIA Thema Berlina (834) (A\u00f1o 11.1984 &#8211; 07.1994, 101 &#8211; 215 , Gas\u00f3leo,Gasolina)<br \/>\nLANCIA Thema Familiar (834) (A\u00f1o 06.1988 &#8211; 07.1994, 115 &#8211; 201 , Gas\u00f3leo,Gasolina)<br \/>\nLA PIEZA ES NUEVA Y ORIGINAL.<\/p>\n","protected":false},"excerpt":{"rendered":"<p>Rotula de la cremallera de direcci\u00f3n de: ALFA ROMEO 164 (164) (A\u00f1o 06.1987 &#8211; 09.1998, 114 &#8211; 233 , Gas\u00f3leo,Gasolina) FIAT Croma I Hatchback (154) (A\u00f1o 12.1985 &#8211; 12.1996, 75 &#8211; 162 , Gas\u00f3leo,Gasolina) LANCIA Kappa Berlina (838) (A\u00f1o 08.1994 &#8211; 10.2001, 124 &#8211; 220 , Gas\u00f3leo,Gasolina) LANCIA Kappa Coup\u00e9 (838) (A\u00f1o 11.1996 &#8211; 03.2001, [&hellip;]<\/p>\n","protected":false},"featured_media":20465,"template":"","meta":{"_seopress_robots_primary_cat":"","_seopress_titles_title":"","_seopress_titles_desc":"","_seopress_robots_index":""},"product_cat":[54,16,86,20,119,21,124],"product_tag":[],"class_list":{"0":"post-20464","1":"product","2":"type-product","3":"status-publish","4":"has-post-thumbnail","6":"product_cat-recambios-alfa-romeo-164","7":"product_cat-recambios-alfa-romeo","8":"product_cat-recambios-fiat-croma","9":"product_cat-recambios-fiat","10":"product_cat-recambios-lancia-kappa","11":"product_cat-recambios-lancia","12":"product_cat-recambios-lancia-thema","14":"first","15":"outofstock","16":"taxable","17":"shipping-taxable","18":"purchasable","19":"product-type-simple"},"_links":{"self":[{"href":"https:\/\/galicianparts.com\/shop\/wp-json\/wp\/v2\/product\/20464"}],"collection":[{"href":"https:\/\/galicianparts.com\/shop\/wp-json\/wp\/v2\/product"}],"about":[{"href":"https:\/\/galicianparts.com\/shop\/wp-json\/wp\/v2\/types\/product"}],"wp:featuredmedia":[{"embeddable":true,"href":"https:\/\/galicianparts.com\/shop\/wp-json\/wp\/v2\/media\/20465"}],"wp:attachment":[{"href":"https:\/\/galicianparts.com\/shop\/wp-json\/wp\/v2\/media?parent=20464"}],"wp:term":[{"taxonomy":"product_cat","embeddable":true,"href":"https:\/\/galicianparts.com\/shop\/wp-json\/wp\/v2\/product_cat?post=20464"},{"taxonomy":"product_tag","embeddable":true,"href":"https:\/\/galicianparts.com\/shop\/wp-json\/wp\/v2\/product_tag?post=20464"}],"curies":[{"name":"wp","href":"https:\/\/api.w.org\/{rel}","templated":true}]}}