{"id":20717,"date":"2021-04-29T10:07:03","date_gmt":"2021-04-29T08:07:03","guid":{"rendered":"https:\/\/galicianparts.com\/shop\/producto\/5897937-antena-amplificada-parabrisas-l-2250mm-lancia-lineaccessori-original\/"},"modified":"2025-10-15T13:11:52","modified_gmt":"2025-10-15T11:11:52","slug":"5897937-antena-amplificada-parabrisas-l-2250mm-lancia-lineaccessori-original","status":"publish","type":"product","link":"https:\/\/galicianparts.com\/shop\/producto\/5897937-antena-amplificada-parabrisas-l-2250mm-lancia-lineaccessori-original\/","title":{"rendered":"5897937 Antena amplificada parabrisas L. 2250mm Lancia LINEACCESSORI ORIGINAL"},"content":{"rendered":"<p>Antena electr\u00f3nica amplificada del parabrisas de Lancia Lineaccessori.<br \/>\nLargo: 2250mm<br \/>\nAlimentaci\u00f3n: 12v<br \/>\nAbsorci\u00f3n: 8mA<br \/>\nGanancia: 18dB (FM-UKW) 25 dB (AM-LMK)<\/p>\n<p>LA PIEZA ES NUEVA Y ORIGINAL LINEACCESSORI.<\/p>\n","protected":false},"excerpt":{"rendered":"<p>Antena electr\u00f3nica amplificada del parabrisas de Lancia Lineaccessori. Largo: 2250mm Alimentaci\u00f3n: 12v Absorci\u00f3n: 8mA Ganancia: 18dB (FM-UKW) 25 dB (AM-LMK) LA PIEZA ES NUEVA Y ORIGINAL LINEACCESSORI.<\/p>\n","protected":false},"featured_media":20719,"template":"","meta":{"_seopress_robots_primary_cat":"","_seopress_titles_title":"","_seopress_titles_desc":"","_seopress_robots_index":""},"product_cat":[20,21],"product_tag":[],"class_list":{"0":"post-20717","1":"product","2":"type-product","3":"status-publish","4":"has-post-thumbnail","6":"product_cat-recambios-fiat","7":"product_cat-recambios-lancia","9":"first","10":"outofstock","11":"taxable","12":"shipping-taxable","13":"purchasable","14":"product-type-simple"},"_links":{"self":[{"href":"https:\/\/galicianparts.com\/shop\/wp-json\/wp\/v2\/product\/20717"}],"collection":[{"href":"https:\/\/galicianparts.com\/shop\/wp-json\/wp\/v2\/product"}],"about":[{"href":"https:\/\/galicianparts.com\/shop\/wp-json\/wp\/v2\/types\/product"}],"wp:featuredmedia":[{"embeddable":true,"href":"https:\/\/galicianparts.com\/shop\/wp-json\/wp\/v2\/media\/20719"}],"wp:attachment":[{"href":"https:\/\/galicianparts.com\/shop\/wp-json\/wp\/v2\/media?parent=20717"}],"wp:term":[{"taxonomy":"product_cat","embeddable":true,"href":"https:\/\/galicianparts.com\/shop\/wp-json\/wp\/v2\/product_cat?post=20717"},{"taxonomy":"product_tag","embeddable":true,"href":"https:\/\/galicianparts.com\/shop\/wp-json\/wp\/v2\/product_tag?post=20717"}],"curies":[{"name":"wp","href":"https:\/\/api.w.org\/{rel}","templated":true}]}}