{"id":20799,"date":"2021-04-29T19:56:36","date_gmt":"2021-04-29T17:56:36","guid":{"rendered":"https:\/\/galicianparts.com\/shop\/producto\/55190790-volante-motor-bimasa-m-1-9-jtd-fiat-alfa-romeo-valeo\/"},"modified":"2021-08-23T09:15:35","modified_gmt":"2021-08-23T07:15:35","slug":"55190790-volante-motor-bimasa-m-1-9-jtd-fiat-alfa-romeo-valeo","status":"publish","type":"product","link":"https:\/\/galicianparts.com\/shop\/producto\/55190790-volante-motor-bimasa-m-1-9-jtd-fiat-alfa-romeo-valeo\/","title":{"rendered":"55190790 Volante motor bimasa M 1.9 JTD Fiat \/ Alfa Romeo VALEO"},"content":{"rendered":"<p>Volante de motor bimasa, de 289mm de di\u00e1metro de los motores 1.9 JTD:<br \/>\nALFA ROMEO 147 (937) (A\u00f1o 06.2003 &#8211; 03.2010, 101 , Gas\u00f3leo)<br \/>\nFIAT Brava Hatchback (182) (A\u00f1o 12.1998 &#8211; 10.2001, 100 &#8211; 105 , Gas\u00f3leo)<br \/>\nFIAT Bravo I Hatchback (182) (A\u00f1o 12.1998 &#8211; 10.2001, 100 &#8211; 105 , Gas\u00f3leo)<br \/>\nFIAT Doblo I Cargo (223) (A\u00f1o 10.2001 &#8211; &#8230;, 100 &#8211; 120 , Gas\u00f3leo)<br \/>\nFIAT Doblo I Familiar (119, 223) (A\u00f1o 10.2001 &#8211; &#8230;, 100 &#8211; 120 , Gas\u00f3leo)<br \/>\nFIAT Marea Berlina (185) (A\u00f1o 04.1999 &#8211; 12.2007, 105 &#8211; 110 , Gas\u00f3leo)<br \/>\nFIAT Marea Weekend (185) (A\u00f1o 04.1999 &#8211; 05.2002, 105 &#8211; 110 , Gas\u00f3leo)<br \/>\nFIAT Multipla (186) (A\u00f1o 04.1999 &#8211; 06.2010, 105 &#8211; 120 , Gas\u00f3leo)<br \/>\nFIAT Palio I Weekend (178) (A\u00f1o 09.2001 &#8211; &#8230;, 80 , Gas\u00f3leo)<br \/>\nFIAT Punto II Hatchback (188) (A\u00f1o 09.1999 &#8211; 03.2012, 80 &#8211; 86 , Gas\u00f3leo)<br \/>\nFIAT Punto II Van (188) (A\u00f1o 02.2000 &#8211; 10.2009, 86 , Gas\u00f3leo)<br \/>\nFIAT Stilo Hatchback (192) (A\u00f1o 03.2002 &#8211; 11.2006, 80 &#8211; 100 , Gas\u00f3leo)<br \/>\nFIAT Stilo Multi Wagon (192) (A\u00f1o 01.2003 &#8211; 08.2008, 80 &#8211; 100 , Gas\u00f3leo)<br \/>\nFIAT Strada Pick-up (178) (A\u00f1o 04.2003 &#8211; &#8230;, 80 , Gas\u00f3leo)<\/p>\n<p>LA PIEZA ES ORIGINAL VALEO<\/p>\n","protected":false},"excerpt":{"rendered":"<p>Volante de motor bimasa, de 289mm de di\u00e1metro de los motores 1.9 JTD: ALFA ROMEO 147 (937) (A\u00f1o 06.2003 &#8211; 03.2010, 101 , Gas\u00f3leo) FIAT Brava Hatchback (182) (A\u00f1o 12.1998 &#8211; 10.2001, 100 &#8211; 105 , Gas\u00f3leo) FIAT Bravo I Hatchback (182) (A\u00f1o 12.1998 &#8211; 10.2001, 100 &#8211; 105 , Gas\u00f3leo) FIAT Doblo I Cargo [&hellip;]<\/p>\n","protected":false},"featured_media":20800,"template":"","meta":{"_seopress_robots_primary_cat":"","_seopress_titles_title":"","_seopress_titles_desc":"","_seopress_robots_index":""},"product_cat":[44,16,81,82,87,20,95,96,98,101,108,109],"product_tag":[],"class_list":{"0":"post-20799","1":"product","2":"type-product","3":"status-publish","4":"has-post-thumbnail","6":"product_cat-recambios-alfa-romeo-147","7":"product_cat-recambios-alfa-romeo","8":"product_cat-recambios-fiat-brava","9":"product_cat-recambios-fiat-bravo","10":"product_cat-recambios-fiat-doblo","11":"product_cat-recambios-fiat","12":"product_cat-recambios-fiat-marea","13":"product_cat-recambios-fiat-multipla","14":"product_cat-recambios-fiat-palio","15":"product_cat-recambios-fiat-punto","16":"product_cat-recambios-fiat-stilo","17":"product_cat-recambios-fiat-strada","19":"first","20":"outofstock","21":"taxable","22":"shipping-taxable","23":"purchasable","24":"product-type-simple"},"_links":{"self":[{"href":"https:\/\/galicianparts.com\/shop\/wp-json\/wp\/v2\/product\/20799"}],"collection":[{"href":"https:\/\/galicianparts.com\/shop\/wp-json\/wp\/v2\/product"}],"about":[{"href":"https:\/\/galicianparts.com\/shop\/wp-json\/wp\/v2\/types\/product"}],"wp:featuredmedia":[{"embeddable":true,"href":"https:\/\/galicianparts.com\/shop\/wp-json\/wp\/v2\/media\/20800"}],"wp:attachment":[{"href":"https:\/\/galicianparts.com\/shop\/wp-json\/wp\/v2\/media?parent=20799"}],"wp:term":[{"taxonomy":"product_cat","embeddable":true,"href":"https:\/\/galicianparts.com\/shop\/wp-json\/wp\/v2\/product_cat?post=20799"},{"taxonomy":"product_tag","embeddable":true,"href":"https:\/\/galicianparts.com\/shop\/wp-json\/wp\/v2\/product_tag?post=20799"}],"curies":[{"name":"wp","href":"https:\/\/api.w.org\/{rel}","templated":true}]}}