{"id":20866,"date":"2021-04-30T12:04:05","date_gmt":"2021-04-30T10:04:05","guid":{"rendered":"https:\/\/galicianparts.com\/shop\/producto\/9939555-capuchon-cremallera-direccion-fiat-croma-lancia-thema-nuevo-original\/"},"modified":"2022-12-02T19:12:31","modified_gmt":"2022-12-02T17:12:31","slug":"9939555-capuchon-cremallera-direccion-fiat-croma-lancia-thema-nuevo-original","status":"publish","type":"product","link":"https:\/\/galicianparts.com\/shop\/producto\/9939555-capuchon-cremallera-direccion-fiat-croma-lancia-thema-nuevo-original\/","title":{"rendered":"9939555 Capuch\u00f3n cremallera direcci\u00f3n Fiat Croma \/ Lancia Thema NUEVO ORIGINAL"},"content":{"rendered":"<p>Capuch\u00f3n, fuelle de la rotula axial de la caja de servo direcci\u00f3n de:<br \/>\nFIAT Croma I Hatchback (154) (A\u00f1o 12.1985 &#8211; 12.1996, 75 &#8211; 162 , Gas\u00f3leo,Gasolina)<br \/>\n1.6, A\u00f1o 12.1985 &#8211; 12.1990, 1585 , 83<br \/>\n1.9 TD i.d., A\u00f1o 11.1992 &#8211; 12.1996, 1929 , 94<br \/>\n1.9 TD i.d., A\u00f1o 08.1987 &#8211; 10.1992, 1929 , 90<br \/>\n2.0 16V, A\u00f1o 08.1992 &#8211; 08.1996, 1995 , 137<br \/>\n2.0 CHT, A\u00f1o 01.1991 &#8211; 09.1992, 1995 , 100<br \/>\n2.0 CHT, A\u00f1o 12.1985 &#8211; 03.1989, 1995 , 90<br \/>\n2.0 i.e., A\u00f1o 03.1987 &#8211; 09.1992, 1995 , 120<br \/>\n2.0 i.e., A\u00f1o 03.1986 &#8211; 09.1990, 1995 , 113<br \/>\n2.0 i.e., A\u00f1o 10.1987 &#8211; 08.1996, 1995 , 116<br \/>\n2.0 i.e. Turbo, A\u00f1o 11.1986 &#8211; 11.1988, 1995 , 151<br \/>\n2.0 i.e. Turbo, A\u00f1o 12.1985 &#8211; 06.1990, 1995 , 155<br \/>\n2.0 i.e. Turbo, A\u00f1o 06.1987 &#8211; 08.1996, 1995 , 150<br \/>\n2.5 D, A\u00f1o 12.1985 &#8211; 12.1989, 2499 , 75<br \/>\n2.5 TD, A\u00f1o 12.1985 &#8211; 08.1989, 2445 , 101<br \/>\n2.5 TD, A\u00f1o 05.1989 &#8211; 08.1996, 2500 , 115<br \/>\n2.5 TDE, A\u00f1o 12.1991 &#8211; 08.1996, 2500 , 105<br \/>\n2.5 V6, A\u00f1o 06.1993 &#8211; 08.1996, 2492 , 162<br \/>\nLANCIA Thema Berlina (834) (A\u00f1o 11.1984 &#8211; 07.1994, 101 &#8211; 177 , Gas\u00f3leo,Gasolina)<br \/>\n2.0 16V, A\u00f1o 08.1992 &#8211; 12.1993, 1995 , 152<br \/>\n2.0 i.e., A\u00f1o 11.1984 &#8211; 09.1988, 1995 , 120<br \/>\n2.0 i.e., A\u00f1o 09.1987 &#8211; 05.1992, 1995 , 115<br \/>\n2.0 i.e. 16V, A\u00f1o 03.1989 &#8211; 05.1992, 1995 , 141<br \/>\n2.0 i.e. 16V Turbo, A\u00f1o 04.1989 &#8211; 05.1992, 1995 , 177<br \/>\n2.0 i.e. Turbo, A\u00f1o 11.1984 &#8211; 12.1989, 1995 , 166<br \/>\n2.0 i.e.Turbo, A\u00f1o 07.1986 &#8211; 05.1990, 1995 , 150<br \/>\n2.4 2500 Turbo D, A\u00f1o 11.1984 &#8211; 09.1988, 2445 , 101<br \/>\n2.5 Turbo DS, A\u00f1o 06.1988 &#8211; 05.1992, 2499 , 115<br \/>\n2.5 Turbo DS, A\u00f1o 05.1988 &#8211; 07.1992, 2500 , 105<br \/>\n2.8 2850 V6 i.e., A\u00f1o 06.1988 &#8211; 05.1992, 2849 , 147<br \/>\n2.8 2850 V6 i.e., A\u00f1o 11.1984 &#8211; 09.1988, 2849 , 150<br \/>\n3.0 V6, A\u00f1o 08.1992 &#8211; 07.1994, 2959 , 171<\/p>\n<p>LA PIEZA ES NUEVA Y ORIGINAL.<\/p>\n","protected":false},"excerpt":{"rendered":"<p>Capuch\u00f3n, fuelle de la rotula axial de la caja de servo direcci\u00f3n de: FIAT Croma I Hatchback (154) (A\u00f1o 12.1985 &#8211; 12.1996, 75 &#8211; 162 , Gas\u00f3leo,Gasolina) 1.6, A\u00f1o 12.1985 &#8211; 12.1990, 1585 , 83 1.9 TD i.d., A\u00f1o 11.1992 &#8211; 12.1996, 1929 , 94 1.9 TD i.d., A\u00f1o 08.1987 &#8211; 10.1992, 1929 , 90 [&hellip;]<\/p>\n","protected":false},"featured_media":20867,"template":"","meta":{"_seopress_robots_primary_cat":"","_seopress_titles_title":"","_seopress_titles_desc":"","_seopress_robots_index":""},"product_cat":[86,20,21,124],"product_tag":[],"class_list":{"0":"post-20866","1":"product","2":"type-product","3":"status-publish","4":"has-post-thumbnail","6":"product_cat-recambios-fiat-croma","7":"product_cat-recambios-fiat","8":"product_cat-recambios-lancia","9":"product_cat-recambios-lancia-thema","11":"first","12":"instock","13":"taxable","14":"shipping-taxable","15":"purchasable","16":"product-type-simple"},"_links":{"self":[{"href":"https:\/\/galicianparts.com\/shop\/wp-json\/wp\/v2\/product\/20866"}],"collection":[{"href":"https:\/\/galicianparts.com\/shop\/wp-json\/wp\/v2\/product"}],"about":[{"href":"https:\/\/galicianparts.com\/shop\/wp-json\/wp\/v2\/types\/product"}],"wp:featuredmedia":[{"embeddable":true,"href":"https:\/\/galicianparts.com\/shop\/wp-json\/wp\/v2\/media\/20867"}],"wp:attachment":[{"href":"https:\/\/galicianparts.com\/shop\/wp-json\/wp\/v2\/media?parent=20866"}],"wp:term":[{"taxonomy":"product_cat","embeddable":true,"href":"https:\/\/galicianparts.com\/shop\/wp-json\/wp\/v2\/product_cat?post=20866"},{"taxonomy":"product_tag","embeddable":true,"href":"https:\/\/galicianparts.com\/shop\/wp-json\/wp\/v2\/product_tag?post=20866"}],"curies":[{"name":"wp","href":"https:\/\/api.w.org\/{rel}","templated":true}]}}