{"id":20901,"date":"2021-04-30T13:33:05","date_gmt":"2021-04-30T11:33:05","guid":{"rendered":"https:\/\/galicianparts.com\/shop\/producto\/5892549-kit-pastillas-freno-delantero-fiat-lancia-alfa-romeo-autobianchi-nuevo-original\/"},"modified":"2022-06-30T11:47:58","modified_gmt":"2022-06-30T09:47:58","slug":"5892549-kit-pastillas-freno-delantero-fiat-lancia-alfa-romeo-autobianchi-nuevo-original","status":"publish","type":"product","link":"https:\/\/galicianparts.com\/shop\/producto\/5892549-kit-pastillas-freno-delantero-fiat-lancia-alfa-romeo-autobianchi-nuevo-original\/","title":{"rendered":"5892549 Kit pastillas freno delantero Fiat \/ Lancia \/ Alfa Romeo \/ Autobianchi NUEVO ORIGINAL"},"content":{"rendered":"<p>Set, juego de pastillas de freno delanteras avisador de desgaste de:<br \/>\nABARTH Ritmo (138A_) (A\u00f1o 11.1981 &#8211; 12.1987, 125 &#8211; 130 , Gasolina)<br \/>\nFIAT 132 (132_) (A\u00f1o 01.1976 &#8211; 12.1982, 88 &#8211; 122 , Gasolina)<br \/>\nFIAT Argenta (132) (A\u00f1o 06.1978 &#8211; 07.1986, 72 &#8211; 135 , Gas\u00f3leo,Gasolina)<br \/>\nFIAT Barchetta (183) (A\u00f1o 04.1995 &#8211; 05.2005, 130 , Gasolina)<br \/>\nFIAT Croma I Hatchback (154) (A\u00f1o 06.1987 &#8211; 12.1996, 90 &#8211; 150 , Gas\u00f3leo,Gasolina)<br \/>\nFIAT Panda I Hatchback (141) (A\u00f1o 10.1980 &#8211; 07.2004, 30 &#8211; 54 , Gas\u00f3leo,Gasolina)<br \/>\nFIAT Panda Van (141) (A\u00f1o 01.1986 &#8211; 03.2004, 34 &#8211; 54 , Gasolina)<br \/>\nFIAT Punto I Hatchback (176) (A\u00f1o 09.1993 &#8211; 09.1999, 54 &#8211; 133 , Gas\u00f3leo,Gasolina)<br \/>\nFIAT Punto II Hatchback (188) (A\u00f1o 09.1999 &#8211; 03.2012, 60 &#8211; 80 , Gasolina,Gasolina\/Gas natural (CNG))<br \/>\nFIAT Punto I Cabrio (176) (A\u00f1o 04.1994 &#8211; 06.2000, 58 &#8211; 88 , Gasolina)<br \/>\nFIAT Punto I Van (176) (A\u00f1o 04.1996 &#8211; 03.2000, 54 &#8211; 71 , Gas\u00f3leo,Gasolina)<br \/>\nFIAT Punto II Van (188) (A\u00f1o 03.2000 &#8211; 10.2009, 86 , Gas\u00f3leo)<br \/>\nFIAT Regata Berlina (138) (A\u00f1o 09.1983 &#8211; 12.1990, 58 &#8211; 101 , Gas\u00f3leo,Gasolina)<br \/>\nFIAT Regata Weekend (A\u00f1o 01.1984 &#8211; 12.1990, 60 &#8211; 101 , Gas\u00f3leo,Gasolina)<br \/>\nFIAT Ritmo I Cabrio (A\u00f1o 01.1980 &#8211; 07.1989, 68 &#8211; 105 , Gasolina)<br \/>\nFIAT Ritmo I Hatchback (138) (A\u00f1o 05.1981 &#8211; 12.1987, 80 &#8211; 105 , Gas\u00f3leo,Gasolina)<br \/>\nFIAT Seicento \/ 600 Hatchback (187) (A\u00f1o 06.1998 &#8211; 01.2005, 29 &#8211; 41 , El\u00e9ctrico)<br \/>\nFIAT Tempra Berlina (159) (A\u00f1o 03.1990 &#8211; 12.1998, 65 &#8211; 113 , Gas\u00f3leo,Gasolina)<br \/>\nFIAT Tempra S.W. (159) (A\u00f1o 03.1990 &#8211; 08.1996, 65 &#8211; 113 , Gas\u00f3leo,Gasolina)<br \/>\nFIAT Tipo Hatchback (160) (A\u00f1o 07.1987 &#8211; 10.1995, 56 &#8211; 146 , Gas\u00f3leo,Gasolina)<br \/>\nFIAT Uno Furg\u00f3n (146) (A\u00f1o 03.1988 &#8211; 03.1992, 58 , Gas\u00f3leo)<br \/>\nFIAT Uno Hatchback (146) (A\u00f1o 01.1983 &#8211; 06.2006, 42 &#8211; 118 , Gas\u00f3leo,Gasolina)<br \/>\nALFA ROMEO 145 (930) (A\u00f1o 07.1994 &#8211; 01.2001, 90 &#8211; 140 , Gas\u00f3leo,Gasolina)<br \/>\nALFA ROMEO 146 (930) (A\u00f1o 12.1994 &#8211; 01.2001, 90 &#8211; 140 , Gas\u00f3leo,Gasolina)<br \/>\nALFA ROMEO 155 (167) (A\u00f1o 01.1992 &#8211; 12.1997, 90 &#8211; 150 , Gas\u00f3leo,Gasolina)<br \/>\nALFA ROMEO Spider (916, 916S) (A\u00f1o 06.1995 &#8211; 04.2005, 150 &#8211; 202 , Gasolina)<br \/>\nAUTOBIANCHI Y10 Hatchback (A\u00f1o 03.1985 &#8211; 10.1995, 57 &#8211; 85 , Gasolina)<br \/>\nLANCIA Beta Coup\u00e9 (828) (A\u00f1o 07.1977 &#8211; 01.1981, 82 , Gasolina)<br \/>\nLANCIA Dedra Berlina (835) (A\u00f1o 04.1989 &#8211; 07.1999, 75 &#8211; 177 , Gas\u00f3leo,Gasolina)<br \/>\nLANCIA Dedra Familiar (835) (A\u00f1o 07.1994 &#8211; 07.1999, 90 &#8211; 139 , Gas\u00f3leo,Gasolina)<br \/>\nLANCIA Delta I (831) (A\u00f1o 11.1982 &#8211; 05.1993, 80 &#8211; 166 , Gas\u00f3leo,Gasolina)<br \/>\nLANCIA Delta II (836) (A\u00f1o 06.1993 &#8211; 08.1999, 69 &#8211; 131 , Gas\u00f3leo,Gasolina)<br \/>\nLANCIA Prisma (831) (A\u00f1o 01.1983 &#8211; 03.1992, 80 &#8211; 108 , Gas\u00f3leo,Gasolina)<br \/>\nLANCIA Thema Berlina (834) (A\u00f1o 11.1984 &#8211; 08.1992, 117 &#8211; 147 , Gasolina)<br \/>\nLANCIA Y (840) (A\u00f1o 11.1995 &#8211; 09.2003, 54 &#8211; 86 , Gasolina)<br \/>\nLANCIA Y10 (156) (A\u00f1o 03.1985 &#8211; 12.1995, 44 &#8211; 84 , Gasolina)<\/p>\n<p>LA PIEZA ES NUEVA Y ORIGINAL.<\/p>\n","protected":false},"excerpt":{"rendered":"<p>Set, juego de pastillas de freno delanteras avisador de desgaste de: ABARTH Ritmo (138A_) (A\u00f1o 11.1981 &#8211; 12.1987, 125 &#8211; 130 , Gasolina) FIAT 132 (132_) (A\u00f1o 01.1976 &#8211; 12.1982, 88 &#8211; 122 , Gasolina) FIAT Argenta (132) (A\u00f1o 06.1978 &#8211; 07.1986, 72 &#8211; 135 , Gas\u00f3leo,Gasolina) FIAT Barchetta (183) (A\u00f1o 04.1995 &#8211; 05.2005, 130 [&hellip;]<\/p>\n","protected":false},"featured_media":20902,"template":"","meta":{"_seopress_robots_primary_cat":"","_seopress_titles_title":"","_seopress_titles_desc":"","_seopress_robots_index":""},"product_cat":[71,45,46,48,16,79,25,80,116,86,117,118,20,21,99,123,101,102,103,106,56,111,124,112,114,126,64,127],"product_tag":[],"class_list":{"0":"post-20901","1":"product","2":"type-product","3":"status-publish","4":"has-post-thumbnail","6":"product_cat-recambios-fiat-132","7":"product_cat-recambios-alfa-romeo-145","8":"product_cat-recambios-alfa-romeo-146","9":"product_cat-recambios-alfa-romeo-155","10":"product_cat-recambios-alfa-romeo","11":"product_cat-recambios-fiat-argenta","12":"product_cat-recambios-autobianchi","13":"product_cat-recambios-fiat-barchetta","14":"product_cat-recambios-lancia-beta","15":"product_cat-recambios-fiat-croma","16":"product_cat-recambios-lancia-dedra","17":"product_cat-recambios-lancia-delta","18":"product_cat-recambios-fiat","19":"product_cat-recambios-lancia","20":"product_cat-recambios-fiat-panda","21":"product_cat-recambios-lancia-prisma","22":"product_cat-recambios-fiat-punto","23":"product_cat-recambios-fiat-regata","24":"product_cat-recambios-fiat-ritmo","25":"product_cat-recambios-fiat-seicento","26":"product_cat-recambios-alfa-romeo-spider","27":"product_cat-recambios-fiat-tempra","28":"product_cat-recambios-lancia-thema","29":"product_cat-recambios-fiat-tipo","30":"product_cat-recambios-fiat-uno","31":"product_cat-recambios-lancia-y10","32":"product_cat-recambios-autobianchi-y10","33":"product_cat-recambios-lancia-ypsilon","35":"first","36":"outofstock","37":"taxable","38":"shipping-taxable","39":"purchasable","40":"product-type-simple"},"_links":{"self":[{"href":"https:\/\/galicianparts.com\/shop\/wp-json\/wp\/v2\/product\/20901"}],"collection":[{"href":"https:\/\/galicianparts.com\/shop\/wp-json\/wp\/v2\/product"}],"about":[{"href":"https:\/\/galicianparts.com\/shop\/wp-json\/wp\/v2\/types\/product"}],"wp:featuredmedia":[{"embeddable":true,"href":"https:\/\/galicianparts.com\/shop\/wp-json\/wp\/v2\/media\/20902"}],"wp:attachment":[{"href":"https:\/\/galicianparts.com\/shop\/wp-json\/wp\/v2\/media?parent=20901"}],"wp:term":[{"taxonomy":"product_cat","embeddable":true,"href":"https:\/\/galicianparts.com\/shop\/wp-json\/wp\/v2\/product_cat?post=20901"},{"taxonomy":"product_tag","embeddable":true,"href":"https:\/\/galicianparts.com\/shop\/wp-json\/wp\/v2\/product_tag?post=20901"}],"curies":[{"name":"wp","href":"https:\/\/api.w.org\/{rel}","templated":true}]}}