{"id":20952,"date":"2021-05-03T10:04:40","date_gmt":"2021-05-03T08:04:40","guid":{"rendered":"https:\/\/galicianparts.com\/shop\/producto\/51704102-capuchon-palier-fiat-lancia-alfa-romeo-seat-citroen-peugeot-hyundai-kia\/"},"modified":"2023-11-20T20:06:21","modified_gmt":"2023-11-20T18:06:21","slug":"51704102-capuchon-palier-fiat-lancia-alfa-romeo-seat-citroen-peugeot-hyundai-kia","status":"publish","type":"product","link":"https:\/\/galicianparts.com\/shop\/producto\/51704102-capuchon-palier-fiat-lancia-alfa-romeo-seat-citroen-peugeot-hyundai-kia\/","title":{"rendered":"51704102 Capuch\u00f3n palier lado rueda Lancia Ypsilon \/Citroen C2\/ C3 \/Peugeot 1007 ORIGINAL"},"content":{"rendered":"<p>Capuch\u00f3n del semieje de 23mm di\u00e1mentro interno 80mm de di\u00e1metro 117mm de largo de:<br \/>\nDi\u00e1metro 1: 22 mm<br \/>\nDi\u00e1metro 2: 78 mm<br \/>\nLargo: 118 mm<\/p>\n<p>LANCIA &#8211; TE YPSILON (2003-2009) 1300\u00a016V\u00a0MJTD\u00a0CF4\u00a070CV\/51KW \/ 1300 16V MJTD CF4 75CV\/55KW<br \/>\nLANCIA &#8211; TI YPSILON (2009-2011) DI\u00c9SEL \/ 75 CV. \/ LIM.CEE FASE 4 \/ LIM.CEE FASE 5<\/p>\n<p>CITRO\u00cbN C3 I Hatchback (FC, FN)<br \/>\n1.4 16V, A\u00f1o 12.2003 &#8211; &#8230;, 1360 , 88<br \/>\n1.4 HDi, A\u00f1o 05.2005 &#8211; &#8230;, 1398 , 75<br \/>\n1.6 16V, A\u00f1o 02.2002 &#8211; 08.2010, 1587 , 109<br \/>\n1.6 16V, A\u00f1o 05.2003 &#8211; 09.2005, 1587 , 110<br \/>\nCITRO\u00cbN C3 Pluriel<br \/>\n1.4, A\u00f1o 05.2003 &#8211; &#8230;, 1360 , 73<br \/>\n1.4, A\u00f1o 07.2003 &#8211; &#8230;, 1360 , 75<br \/>\nCITRO\u00cbN C2 Hatchback (JM)<br \/>\n1.4 16V, A\u00f1o 06.2006 &#8211; 12.2009, 1360 , 90<br \/>\n1.6, A\u00f1o 09.2003 &#8211; 10.2010, 1587 , 109<br \/>\n1.6 VTS, A\u00f1o 01.2005 &#8211; 12.2009, 1587 , 122<\/p>\n<p>PEUGEOT 1007 Hatchback<br \/>\n1.4 16V, A\u00f1o 10.2005 &#8211; &#8230;, 1360 , 88<br \/>\n1.4 HDi, A\u00f1o 04.2005 &#8211; &#8230;, 1398 , 68<br \/>\n1.6 16V, A\u00f1o 04.2005 &#8211; &#8230;, 1587 , 109<\/p>\n<p>LA PIEZA ES NUEVA Y ORIGINAL.<\/p>\n","protected":false},"excerpt":{"rendered":"<p>Capuch\u00f3n del semieje de 23mm di\u00e1mentro interno 80mm de di\u00e1metro 117mm de largo de: Di\u00e1metro 1: 22 mm Di\u00e1metro 2: 78 mm Largo: 118 mm LANCIA &#8211; TE YPSILON (2003-2009) 1300\u00a016V\u00a0MJTD\u00a0CF4\u00a070CV\/51KW \/ 1300 16V MJTD CF4 75CV\/55KW LANCIA &#8211; TI YPSILON (2009-2011) DI\u00c9SEL \/ 75 CV. \/ LIM.CEE FASE 4 \/ LIM.CEE FASE 5 CITRO\u00cbN [&hellip;]<\/p>\n","protected":false},"featured_media":20953,"template":"","meta":{"_seopress_robots_primary_cat":"","_seopress_titles_title":"","_seopress_titles_desc":"","_seopress_robots_index":""},"product_cat":[176,174,175,23,21,24,127],"product_tag":[],"class_list":{"0":"post-20952","1":"product","2":"type-product","3":"status-publish","4":"has-post-thumbnail","6":"product_cat-recambios-peugeot-1007","7":"product_cat-recambios-citroen-c2","8":"product_cat-recambios-citroen-c3","9":"product_cat-recambios-citroen","10":"product_cat-recambios-lancia","11":"product_cat-recambios-peugeot","12":"product_cat-recambios-lancia-ypsilon","14":"first","15":"instock","16":"taxable","17":"shipping-taxable","18":"purchasable","19":"product-type-simple"},"_links":{"self":[{"href":"https:\/\/galicianparts.com\/shop\/wp-json\/wp\/v2\/product\/20952"}],"collection":[{"href":"https:\/\/galicianparts.com\/shop\/wp-json\/wp\/v2\/product"}],"about":[{"href":"https:\/\/galicianparts.com\/shop\/wp-json\/wp\/v2\/types\/product"}],"wp:featuredmedia":[{"embeddable":true,"href":"https:\/\/galicianparts.com\/shop\/wp-json\/wp\/v2\/media\/20953"}],"wp:attachment":[{"href":"https:\/\/galicianparts.com\/shop\/wp-json\/wp\/v2\/media?parent=20952"}],"wp:term":[{"taxonomy":"product_cat","embeddable":true,"href":"https:\/\/galicianparts.com\/shop\/wp-json\/wp\/v2\/product_cat?post=20952"},{"taxonomy":"product_tag","embeddable":true,"href":"https:\/\/galicianparts.com\/shop\/wp-json\/wp\/v2\/product_tag?post=20952"}],"curies":[{"name":"wp","href":"https:\/\/api.w.org\/{rel}","templated":true}]}}