{"id":21057,"date":"2021-05-03T13:09:08","date_gmt":"2021-05-03T11:09:08","guid":{"rendered":"https:\/\/galicianparts.com\/shop\/producto\/71736110-filtro-combustible-fiat-lancia-alfa-romeo-peugeot-nuevo-original\/"},"modified":"2021-10-20T17:07:44","modified_gmt":"2021-10-20T15:07:44","slug":"71736110-filtro-combustible-fiat-lancia-alfa-romeo-peugeot-nuevo-original","status":"publish","type":"product","link":"https:\/\/galicianparts.com\/shop\/producto\/71736110-filtro-combustible-fiat-lancia-alfa-romeo-peugeot-nuevo-original\/","title":{"rendered":"71736110 Filtro combustible Fiat \/ Lancia \/ Alfa Romeo \/ Peugeot NUEVO ORIGINAL"},"content":{"rendered":"<p>Filtro de gasolina de 74-83mm de di\u00e1metro por 130mm de alto de:<br \/>\nALFA ROMEO 164 (164) (A\u00f1o 06.1987 &#8211; 09.1998, 138 &#8211; 233 , Gasolina)<br \/>\nALFA ROMEO 75 (162B) (A\u00f1o 02.1986 &#8211; 02.1992, 150 &#8211; 155 , Gasolina)<br \/>\nALFA ROMEO GTV (916, 916C) (A\u00f1o 06.1995 &#8211; 10.2005, 150 &#8211; 220 , Gasolina)<br \/>\nALFA ROMEO Spider (916, 916S) (A\u00f1o 06.1995 &#8211; 04.2005, 150 &#8211; 192 , Gasolina)<br \/>\nFIAT Croma I Hatchback (154) (A\u00f1o 12.1985 &#8211; 08.1996, 116 &#8211; 162 , Gasolina)<br \/>\nFIAT Regata Berlina (138) (A\u00f1o 12.1983 &#8211; 07.1989, 75 , Gasolina)<br \/>\nFIAT Uno Hatchback (146) (A\u00f1o 04.1985 &#8211; 12.1996, 99 &#8211; 118 , Gasolina)<br \/>\nLANCIA Kappa Berlina (838) (A\u00f1o 08.1994 &#8211; 10.2001, 146 &#8211; 220 , Gasolina)<br \/>\nLANCIA Kappa Coup\u00e9 (838) (A\u00f1o 11.1996 &#8211; 03.2001, 175 &#8211; 220 , Gasolina)<br \/>\nLANCIA Kappa Familiar (838) (A\u00f1o 07.1996 &#8211; 10.2001, 155 &#8211; 220 , Gasolina)<br \/>\nLANCIA Thema Berlina (834) (A\u00f1o 09.1987 &#8211; 07.1994, 115 &#8211; 201 , Gasolina)<br \/>\nLANCIA Thema Familiar (834) (A\u00f1o 05.1992 &#8211; 07.1994, 152 &#8211; 201 , Gasolina)<br \/>\nPEUGEOT 205 XA\/XAD Furg\u00f3n (A\u00f1o 08.1987 &#8211; 07.1990, 54 , Gasolina)<br \/>\nPEUGEOT 205 I Hatchback (A\u00f1o 02.1983 &#8211; 10.1987, 103 &#8211; 128 , Gasolina)<br \/>\nPEUGEOT 205 Cabrio (A\u00f1o 04.1986 &#8211; 12.1994, 60 &#8211; 125 , Gasolina)<br \/>\nPEUGEOT 205 II Hatchback (A\u00f1o 06.1987 &#8211; 09.1998, 45 &#8211; 131 , Gasolina)<br \/>\nPEUGEOT 305 II Berlina (A\u00f1o 10.1982 &#8211; 12.1988, 73 &#8211; 102 , Gasolina)<br \/>\nPEUGEOT 305 II Familiar (A\u00f1o 09.1983 &#8211; 12.1988, 73 &#8211; 102 , Gasolina)<br \/>\nPEUGEOT 309 I Hatchback (A\u00f1o 10.1985 &#8211; 08.1989, 72 &#8211; 131 , Gasolina)<br \/>\nPEUGEOT 309 II Hatchback (A\u00f1o 07.1989 &#8211; 12.1993, 88 &#8211; 158 , Gasolina)<br \/>\nPEUGEOT 405 I Berlina (15B) (A\u00f1o 07.1987 &#8211; 12.1993, 95 &#8211; 158 , Gasolina)<br \/>\nPEUGEOT 405 I Familiar (15E) (A\u00f1o 10.1988 &#8211; 08.1992, 109 , Gasolina)<br \/>\nPEUGEOT 405 II Berlina (4B) (A\u00f1o 08.1992 &#8211; 10.1995, 121 &#8211; 196 , Gasolina)<br \/>\nPEUGEOT 505 Berlina (A\u00f1o 08.1983 &#8211; 12.1993, 122 &#8211; 155 , Gasolina)<br \/>\nPEUGEOT 505 Familiar (A\u00f1o 09.1985 &#8211; 12.1986, 122 , Gasolina)<\/p>\n<p>LA PIEZA ES NUEVA Y ORIGINAL.<\/p>\n","protected":false},"excerpt":{"rendered":"<p>Filtro de gasolina de 74-83mm de di\u00e1metro por 130mm de alto de: ALFA ROMEO 164 (164) (A\u00f1o 06.1987 &#8211; 09.1998, 138 &#8211; 233 , Gasolina) ALFA ROMEO 75 (162B) (A\u00f1o 02.1986 &#8211; 02.1992, 150 &#8211; 155 , Gasolina) ALFA ROMEO GTV (916, 916C) (A\u00f1o 06.1995 &#8211; 10.2005, 150 &#8211; 220 , Gasolina) ALFA ROMEO Spider [&hellip;]<\/p>\n","protected":false},"featured_media":21058,"template":"","meta":{"_seopress_robots_primary_cat":"","_seopress_titles_title":"","_seopress_titles_desc":"","_seopress_robots_index":""},"product_cat":[54,235,194,149,150,153,58,16,86,20,55,119,21,24,102,56,124,114],"product_tag":[],"class_list":{"0":"post-21057","1":"product","2":"type-product","3":"status-publish","4":"has-post-thumbnail","6":"product_cat-recambios-alfa-romeo-164","7":"product_cat-recambios-peugeot-205","8":"product_cat-recambios-peugeot-305","9":"product_cat-recambios-peugeot-309","10":"product_cat-recambios-peugeot-405","11":"product_cat-recambios-peugeot-505","12":"product_cat-recambios-alfa-romeo-75","13":"product_cat-recambios-alfa-romeo","14":"product_cat-recambios-fiat-croma","15":"product_cat-recambios-fiat","16":"product_cat-recambios-alfa-romeo-gtv","17":"product_cat-recambios-lancia-kappa","18":"product_cat-recambios-lancia","19":"product_cat-recambios-peugeot","20":"product_cat-recambios-fiat-regata","21":"product_cat-recambios-alfa-romeo-spider","22":"product_cat-recambios-lancia-thema","23":"product_cat-recambios-fiat-uno","25":"first","26":"outofstock","27":"taxable","28":"shipping-taxable","29":"purchasable","30":"product-type-simple"},"_links":{"self":[{"href":"https:\/\/galicianparts.com\/shop\/wp-json\/wp\/v2\/product\/21057"}],"collection":[{"href":"https:\/\/galicianparts.com\/shop\/wp-json\/wp\/v2\/product"}],"about":[{"href":"https:\/\/galicianparts.com\/shop\/wp-json\/wp\/v2\/types\/product"}],"wp:featuredmedia":[{"embeddable":true,"href":"https:\/\/galicianparts.com\/shop\/wp-json\/wp\/v2\/media\/21058"}],"wp:attachment":[{"href":"https:\/\/galicianparts.com\/shop\/wp-json\/wp\/v2\/media?parent=21057"}],"wp:term":[{"taxonomy":"product_cat","embeddable":true,"href":"https:\/\/galicianparts.com\/shop\/wp-json\/wp\/v2\/product_cat?post=21057"},{"taxonomy":"product_tag","embeddable":true,"href":"https:\/\/galicianparts.com\/shop\/wp-json\/wp\/v2\/product_tag?post=21057"}],"curies":[{"name":"wp","href":"https:\/\/api.w.org\/{rel}","templated":true}]}}