{"id":21096,"date":"2021-05-03T14:10:52","date_gmt":"2021-05-03T12:10:52","guid":{"rendered":"https:\/\/galicianparts.com\/shop\/producto\/7580779-tapa-distribucion-fiat-uno-1367cc-td-nueva-original\/"},"modified":"2021-05-03T14:16:30","modified_gmt":"2021-05-03T12:16:30","slug":"7580779-tapa-distribucion-fiat-uno-1367cc-td-nueva-original","status":"publish","type":"product","link":"https:\/\/galicianparts.com\/shop\/producto\/7580779-tapa-distribucion-fiat-uno-1367cc-td-nueva-original\/","title":{"rendered":"7580779 Tapa distribuci\u00f3n Fiat Uno 1367cc TD NUEVA ORIGINAL"},"content":{"rendered":"<p>Tapa met\u00e1lica protectora de la distribuci\u00f3n de Fiat Uno 1.4 Turbo diesel.<\/p>\n<p>LA PIEZA ES NUEVA Y ORIGINAL.<\/p>\n","protected":false},"excerpt":{"rendered":"<p>Tapa met\u00e1lica protectora de la distribuci\u00f3n de Fiat Uno 1.4 Turbo diesel. LA PIEZA ES NUEVA Y ORIGINAL.<\/p>\n","protected":false},"featured_media":21097,"template":"","meta":{"_seopress_robots_primary_cat":"","_seopress_titles_title":"","_seopress_titles_desc":"","_seopress_robots_index":""},"product_cat":[20,114],"product_tag":[],"class_list":{"0":"post-21096","1":"product","2":"type-product","3":"status-publish","4":"has-post-thumbnail","6":"product_cat-recambios-fiat","7":"product_cat-recambios-fiat-uno","9":"first","10":"instock","11":"taxable","12":"shipping-taxable","13":"purchasable","14":"product-type-simple"},"_links":{"self":[{"href":"https:\/\/galicianparts.com\/shop\/wp-json\/wp\/v2\/product\/21096"}],"collection":[{"href":"https:\/\/galicianparts.com\/shop\/wp-json\/wp\/v2\/product"}],"about":[{"href":"https:\/\/galicianparts.com\/shop\/wp-json\/wp\/v2\/types\/product"}],"wp:featuredmedia":[{"embeddable":true,"href":"https:\/\/galicianparts.com\/shop\/wp-json\/wp\/v2\/media\/21097"}],"wp:attachment":[{"href":"https:\/\/galicianparts.com\/shop\/wp-json\/wp\/v2\/media?parent=21096"}],"wp:term":[{"taxonomy":"product_cat","embeddable":true,"href":"https:\/\/galicianparts.com\/shop\/wp-json\/wp\/v2\/product_cat?post=21096"},{"taxonomy":"product_tag","embeddable":true,"href":"https:\/\/galicianparts.com\/shop\/wp-json\/wp\/v2\/product_tag?post=21096"}],"curies":[{"name":"wp","href":"https:\/\/api.w.org\/{rel}","templated":true}]}}