{"id":21128,"date":"2021-05-03T17:40:05","date_gmt":"2021-05-03T15:40:05","guid":{"rendered":"https:\/\/galicianparts.com\/shop\/producto\/4371571-filtro-aire-fiat-127-128-panda-ritmo-seat-fura-ronda-autobianchi-original\/"},"modified":"2023-05-04T10:10:40","modified_gmt":"2023-05-04T08:10:40","slug":"4371571-filtro-aire-fiat-127-128-panda-ritmo-seat-fura-ronda-autobianchi-original","status":"publish","type":"product","link":"https:\/\/galicianparts.com\/shop\/producto\/4371571-filtro-aire-fiat-127-128-panda-ritmo-seat-fura-ronda-autobianchi-original\/","title":{"rendered":"4371571 Filtro aire Fiat 127 \/ 128 \/ Panda \/ Ritmo \/ Seat Fura \/ Ronda \/ Autobianchi ORIGINAL"},"content":{"rendered":"<p>Filtro del aire de:<br \/>\nAltura: 58mm<br \/>\nDi\u00e1metro interior: 180mm<br \/>\nDi\u00e1metro: 233mm<\/p>\n<p>AUTOBIANCHI A 112 Hatchback (A\u00f1o 10.1969 &#8211; 12.1985, 42 &#8211; 48 , Gasolina)<br \/>\nFIAT 127 Hatchback (127) (A\u00f1o 06.1971 &#8211; 12.1986, 40 &#8211; 50 , Gasolina)<br \/>\nFIAT 127 Panorama (127) (A\u00f1o 01.1977 &#8211; 12.1986, 50 , Gasolina)<br \/>\nFIAT 128 Berlina (128) (A\u00f1o 03.1969 &#8211; 12.1984, 45 &#8211; 60 , Gasolina)<br \/>\nFIAT 128 Coup\u00e9 (128) (A\u00f1o 03.1972 &#8211; 02.1981, 64 &#8211; 65 , Gasolina)<br \/>\nFIAT 128 Familiare (128) (A\u00f1o 10.1969 &#8211; 10.1982, 45 &#8211; 60 , Gasolina)<br \/>\nFIAT Fiorino I Furg\u00f3n (147) (A\u00f1o 01.1980 &#8211; 04.1988, 50 &#8211; 56 , Gasolina)<br \/>\nFIAT Fiorino Furg\u00f3n (127) (A\u00f1o 10.1977 &#8211; 12.1987, 45 &#8211; 50 , Gasolina)<br \/>\nFIAT Fiorino II Furg\u00f3n (146) (A\u00f1o 05.1988 &#8211; 12.1993, 54 , Gasolina)<br \/>\nFIAT Panda I Hatchback (141) (A\u00f1o 10.1980 &#8211; 06.1994, 34 &#8211; 45 , Gasolina)<br \/>\nFIAT Ritmo I Hatchback (138) (A\u00f1o 09.1978 &#8211; 09.1982, 60 , Gasolina)<br \/>\nFIAT X 1\/9 (128) (A\u00f1o 05.1973 &#8211; 12.1979, 73 &#8211; 75 CV, Gasolina)<br \/>\nSEAT 127 (A\u00f1o 04.1972 &#8211; 12.1982, 52 CV, Gasolina)<br \/>\nSEAT 128 Berlina (A\u00f1o 01.1976 &#8211; 12.1980, 67 &#8211; 77 CV, Gasolina)<br \/>\nSEAT Fura (025A) (A\u00f1o 01.1982 &#8211; 06.1986, 75 CV, Gasolina)<br \/>\nSEAT Ritmo (138) (A\u00f1o 07.1978 &#8211; 09.1983, 77 CV, Gasolina)<br \/>\nSEAT Ronda (022A) (A\u00f1o 06.1982 &#8211; 11.1988, 64 &#8211; 73 CV, Gasolina)<\/p>\n<p>LA PIEZA ES NUEVA Y ORIGINAL.<\/p>\n","protected":false},"excerpt":{"rendered":"<p>Filtro del aire de: Altura: 58mm Di\u00e1metro interior: 180mm Di\u00e1metro: 233mm AUTOBIANCHI A 112 Hatchback (A\u00f1o 10.1969 &#8211; 12.1985, 42 &#8211; 48 , Gasolina) FIAT 127 Hatchback (127) (A\u00f1o 06.1971 &#8211; 12.1986, 40 &#8211; 50 , Gasolina) FIAT 127 Panorama (127) (A\u00f1o 01.1977 &#8211; 12.1986, 50 , Gasolina) FIAT 128 Berlina (128) (A\u00f1o 03.1969 &#8211; [&hellip;]<\/p>\n","protected":false},"featured_media":46092,"template":"","meta":{"_seopress_robots_primary_cat":"","_seopress_titles_title":"","_seopress_titles_desc":"","_seopress_robots_index":""},"product_cat":[179,68,69,234,63,25,20,91,208,99,103,165,26,206],"product_tag":[],"class_list":{"0":"post-21128","1":"product","2":"type-product","3":"status-publish","4":"has-post-thumbnail","6":"product_cat-recambios-seat-127","7":"product_cat-recambios-fiat-127","8":"product_cat-recambios-fiat-128","9":"product_cat-recambios-seat-128","10":"product_cat-recambios-autobianchi-a112","11":"product_cat-recambios-autobianchi","12":"product_cat-recambios-fiat","13":"product_cat-recambios-fiat-fiorino","14":"product_cat-recambios-seat-fura","15":"product_cat-recambios-fiat-panda","16":"product_cat-recambios-fiat-ritmo","17":"product_cat-recambios-seat-ronda","18":"product_cat-recambios-seat","19":"product_cat-recambios-fiat-x1-9","21":"first","22":"outofstock","23":"taxable","24":"shipping-taxable","25":"purchasable","26":"product-type-simple"},"_links":{"self":[{"href":"https:\/\/galicianparts.com\/shop\/wp-json\/wp\/v2\/product\/21128"}],"collection":[{"href":"https:\/\/galicianparts.com\/shop\/wp-json\/wp\/v2\/product"}],"about":[{"href":"https:\/\/galicianparts.com\/shop\/wp-json\/wp\/v2\/types\/product"}],"wp:featuredmedia":[{"embeddable":true,"href":"https:\/\/galicianparts.com\/shop\/wp-json\/wp\/v2\/media\/46092"}],"wp:attachment":[{"href":"https:\/\/galicianparts.com\/shop\/wp-json\/wp\/v2\/media?parent=21128"}],"wp:term":[{"taxonomy":"product_cat","embeddable":true,"href":"https:\/\/galicianparts.com\/shop\/wp-json\/wp\/v2\/product_cat?post=21128"},{"taxonomy":"product_tag","embeddable":true,"href":"https:\/\/galicianparts.com\/shop\/wp-json\/wp\/v2\/product_tag?post=21128"}],"curies":[{"name":"wp","href":"https:\/\/api.w.org\/{rel}","templated":true}]}}