{"id":21226,"date":"2021-05-04T11:07:20","date_gmt":"2021-05-04T09:07:20","guid":{"rendered":"https:\/\/galicianparts.com\/shop\/producto\/4342063-corona-pinon-8x39-diferencial-conico-fiat-500-r-126-nuevo-original\/"},"modified":"2023-05-08T16:28:32","modified_gmt":"2023-05-08T14:28:32","slug":"4342063-corona-pinon-8x39-diferencial-conico-fiat-500-r-126-nuevo-original","status":"publish","type":"product","link":"https:\/\/galicianparts.com\/shop\/producto\/4342063-corona-pinon-8x39-diferencial-conico-fiat-500-r-126-nuevo-original\/","title":{"rendered":"4342063 Corona-pi\u00f1\u00f3n 8&#215;39 diferencial c\u00f3nico Fiat 500 R \/126 NUEVO ORIGINAL"},"content":{"rendered":"<p>Pi\u00f1\u00f3n y corona del grupo diferencial c\u00f3nico, con relaci\u00f3n 8&#215;39 de:<br \/>\nFIAT 500 R<br \/>\nFIAT 126<br \/>\nFIAT 126 P<\/p>\n<p>LA PIEZA ES NUEVA Y ORIGINAL.<\/p>\n","protected":false},"excerpt":{"rendered":"<p>Pi\u00f1\u00f3n y corona del grupo diferencial c\u00f3nico, con relaci\u00f3n 8&#215;39 de: FIAT 500 R FIAT 126 FIAT 126 P LA PIEZA ES NUEVA Y ORIGINAL.<\/p>\n","protected":false},"featured_media":21233,"template":"","meta":{"_seopress_robots_primary_cat":"","_seopress_titles_title":"","_seopress_titles_desc":"","_seopress_robots_index":""},"product_cat":[67,74,20],"product_tag":[],"class_list":{"0":"post-21226","1":"product","2":"type-product","3":"status-publish","4":"has-post-thumbnail","6":"product_cat-recambios-fiat-126","7":"product_cat-recambios-fiat-500","8":"product_cat-recambios-fiat","10":"first","11":"outofstock","12":"taxable","13":"shipping-taxable","14":"purchasable","15":"product-type-simple"},"_links":{"self":[{"href":"https:\/\/galicianparts.com\/shop\/wp-json\/wp\/v2\/product\/21226"}],"collection":[{"href":"https:\/\/galicianparts.com\/shop\/wp-json\/wp\/v2\/product"}],"about":[{"href":"https:\/\/galicianparts.com\/shop\/wp-json\/wp\/v2\/types\/product"}],"wp:featuredmedia":[{"embeddable":true,"href":"https:\/\/galicianparts.com\/shop\/wp-json\/wp\/v2\/media\/21233"}],"wp:attachment":[{"href":"https:\/\/galicianparts.com\/shop\/wp-json\/wp\/v2\/media?parent=21226"}],"wp:term":[{"taxonomy":"product_cat","embeddable":true,"href":"https:\/\/galicianparts.com\/shop\/wp-json\/wp\/v2\/product_cat?post=21226"},{"taxonomy":"product_tag","embeddable":true,"href":"https:\/\/galicianparts.com\/shop\/wp-json\/wp\/v2\/product_tag?post=21226"}],"curies":[{"name":"wp","href":"https:\/\/api.w.org\/{rel}","templated":true}]}}