{"id":21381,"date":"2021-05-04T18:13:22","date_gmt":"2021-05-04T16:13:22","guid":{"rendered":"https:\/\/galicianparts.com\/shop\/producto\/98492581-junta-culata-esp-170-m-2-5d-fiat-ducato-croma-lancia-thema-alfa-ar6-ar8\/"},"modified":"2022-09-20T19:22:26","modified_gmt":"2022-09-20T17:22:26","slug":"98492581-junta-culata-esp-170-m-2-5d-fiat-ducato-croma-lancia-thema-alfa-ar6-ar8","status":"publish","type":"product","link":"https:\/\/galicianparts.com\/shop\/producto\/98492581-junta-culata-esp-170-m-2-5d-fiat-ducato-croma-lancia-thema-alfa-ar6-ar8\/","title":{"rendered":"98492581 Junta culata esp. 1,70 M 2.5D Fiat Ducato \/Croma \/Lancia Thema \/Alfa AR6 \/ AR8"},"content":{"rendered":"<p>Junta de 1,70 de espesor de la culata del motor 2500cc Diesel de:<br \/>\nALFA ROMEO AR6 Furg\u00f3n (280) (A\u00f1o 03.1986 &#8211; 12.1989, 75 , Gas\u00f3leo)<br \/>\nALFA ROMEO AR8 Cami\u00f3n de plataforma\/Chasis (280) (A\u00f1o 09.1986 &#8211; 12.1989, 75 , Gas\u00f3leo)<br \/>\nALFA ROMEO AR8 Furg\u00f3n (280) (A\u00f1o 09.1986 &#8211; 12.1989, 75 , Gas\u00f3leo)<br \/>\nFIAT Croma I Hatchback (154) (A\u00f1o 12.1985 &#8211; 12.1989, 75 , Gas\u00f3leo)<br \/>\nFIAT Ducato II Bus (230) (A\u00f1o 03.1994 &#8211; 04.2002, 75 &#8211; 84 , Gas\u00f3leo)<br \/>\nFIAT Ducato II Cami\u00f3n de plataforma\/Chasis (230) (A\u00f1o 03.1994 &#8211; 04.2002, 84 , Gas\u00f3leo)<br \/>\nFIAT Ducato I Cami\u00f3n de plataforma\/Chasis (280) (A\u00f1o 07.1982 &#8211; 08.1990, 75 , Gas\u00f3leo)<br \/>\nFIAT Ducato I Cami\u00f3n de plataforma\/Chasis (290) (A\u00f1o 03.1989 &#8211; 03.1994, 75 , Gas\u00f3leo)<br \/>\nFIAT Ducato II Furg\u00f3n (230L) (A\u00f1o 03.1994 &#8211; 04.2002, 84 , Gas\u00f3leo)<br \/>\nFIAT Ducato I Furg\u00f3n (280) (A\u00f1o 01.1982 &#8211; 08.1990, 75 , Gas\u00f3leo)<br \/>\nFIAT Ducato I Furg\u00f3n (290) (A\u00f1o 07.1990 &#8211; 03.1994, 75 , Gas\u00f3leo)<br \/>\nFIAT Ducato I Panorama (280) (A\u00f1o 01.1986 &#8211; 08.1990, 75 , Gas\u00f3leo)<br \/>\nFIAT Ducato I Panorama (290) (A\u00f1o 07.1990 &#8211; 03.1994, 75 , Gas\u00f3leo)<br \/>\nLANCIA Thema Berlina (834) (A\u00f1o 06.1988 &#8211; 05.1992, 115 , Gas\u00f3leo)<br \/>\nLANCIA Thema Familiar (834) (A\u00f1o 06.1988 &#8211; 05.1992, 115 , Gas\u00f3leo)<\/p>\n<p>LA PIEZA ES NUEVA Y ORIGINAL.<\/p>\n","protected":false},"excerpt":{"rendered":"<p>Junta de 1,70 de espesor de la culata del motor 2500cc Diesel de: ALFA ROMEO AR6 Furg\u00f3n (280) (A\u00f1o 03.1986 &#8211; 12.1989, 75 , Gas\u00f3leo) ALFA ROMEO AR8 Cami\u00f3n de plataforma\/Chasis (280) (A\u00f1o 09.1986 &#8211; 12.1989, 75 , Gas\u00f3leo) ALFA ROMEO AR8 Furg\u00f3n (280) (A\u00f1o 09.1986 &#8211; 12.1989, 75 , Gas\u00f3leo) FIAT Croma I Hatchback [&hellip;]<\/p>\n","protected":false},"featured_media":21382,"template":"","meta":{"_seopress_robots_primary_cat":"","_seopress_titles_title":"","_seopress_titles_desc":"","_seopress_robots_index":""},"product_cat":[16,184,185,86,88,20,21,124],"product_tag":[],"class_list":{"0":"post-21381","1":"product","2":"type-product","3":"status-publish","4":"has-post-thumbnail","6":"product_cat-recambios-alfa-romeo","7":"product_cat-recambios-alfa-romeo-ar6","8":"product_cat-recambios-alfa-romeo-ar8","9":"product_cat-recambios-fiat-croma","10":"product_cat-recambios-fiat-ducato","11":"product_cat-recambios-fiat","12":"product_cat-recambios-lancia","13":"product_cat-recambios-lancia-thema","15":"first","16":"instock","17":"taxable","18":"shipping-taxable","19":"purchasable","20":"product-type-simple"},"_links":{"self":[{"href":"https:\/\/galicianparts.com\/shop\/wp-json\/wp\/v2\/product\/21381"}],"collection":[{"href":"https:\/\/galicianparts.com\/shop\/wp-json\/wp\/v2\/product"}],"about":[{"href":"https:\/\/galicianparts.com\/shop\/wp-json\/wp\/v2\/types\/product"}],"wp:featuredmedia":[{"embeddable":true,"href":"https:\/\/galicianparts.com\/shop\/wp-json\/wp\/v2\/media\/21382"}],"wp:attachment":[{"href":"https:\/\/galicianparts.com\/shop\/wp-json\/wp\/v2\/media?parent=21381"}],"wp:term":[{"taxonomy":"product_cat","embeddable":true,"href":"https:\/\/galicianparts.com\/shop\/wp-json\/wp\/v2\/product_cat?post=21381"},{"taxonomy":"product_tag","embeddable":true,"href":"https:\/\/galicianparts.com\/shop\/wp-json\/wp\/v2\/product_tag?post=21381"}],"curies":[{"name":"wp","href":"https:\/\/api.w.org\/{rel}","templated":true}]}}