{"id":21423,"date":"2021-05-05T09:43:16","date_gmt":"2021-05-05T07:43:16","guid":{"rendered":"https:\/\/galicianparts.com\/shop\/producto\/46421522-silentblock-trapecio-delantero-fiat-doblo-palio-siena-strada-original\/"},"modified":"2021-05-05T09:52:32","modified_gmt":"2021-05-05T07:52:32","slug":"46421522-silentblock-trapecio-delantero-fiat-doblo-palio-siena-strada-original","status":"publish","type":"product","link":"https:\/\/galicianparts.com\/shop\/producto\/46421522-silentblock-trapecio-delantero-fiat-doblo-palio-siena-strada-original\/","title":{"rendered":"46421522 Silentblock trapecio delantero Fiat Doblo \/ Palio \/ Siena \/ Strada ORIGINAL"},"content":{"rendered":"<p>Silentblock, casquillo del brazo oscilante de la suspensi\u00f3n delantera de:<br \/>\nFIAT Doblo I Cargo (223) (A\u00f1o 03.2001 &#8211; 01.2010, 63 &#8211; 120 , Gas\u00f3leo,Gasolina,Gasolina\/Gas natural (CNG))<br \/>\nFIAT Doblo I Familiar (119, 223) (A\u00f1o 03.2001 &#8211; 05.2005, 63 &#8211; 120 , Gas\u00f3leo,Gasolina,Gasolina\/Gas natural (CNG))<br \/>\nFIAT Palio I Hatchback (178) (A\u00f1o 04.1996 &#8211; 01.2012, 54 &#8211; 100 , Gas\u00f3leo,Gasolina)<br \/>\nFIAT Palio I Weekend (178) (A\u00f1o 07.1997 &#8211; 01.2012, 60 &#8211; 103 , Gas\u00f3leo,Gasolina)<br \/>\nFIAT Siena (178, 172) (A\u00f1o 09.2001 &#8211; 12.2009, 60 &#8211; 80 , Gasolina)<br \/>\nFIAT Strada Pick-up (178) (A\u00f1o 06.1999 &#8211; 12.2006, 60 &#8211; 80 , Gas\u00f3leo,Gasolina)<\/p>\n<p>LA PIEZA ES NUEVA Y ORIGINAL.<\/p>\n","protected":false},"excerpt":{"rendered":"<p>Silentblock, casquillo del brazo oscilante de la suspensi\u00f3n delantera de: FIAT Doblo I Cargo (223) (A\u00f1o 03.2001 &#8211; 01.2010, 63 &#8211; 120 , Gas\u00f3leo,Gasolina,Gasolina\/Gas natural (CNG)) FIAT Doblo I Familiar (119, 223) (A\u00f1o 03.2001 &#8211; 05.2005, 63 &#8211; 120 , Gas\u00f3leo,Gasolina,Gasolina\/Gas natural (CNG)) FIAT Palio I Hatchback (178) (A\u00f1o 04.1996 &#8211; 01.2012, 54 &#8211; 100 [&hellip;]<\/p>\n","protected":false},"featured_media":21425,"template":"","meta":{"_seopress_robots_primary_cat":"","_seopress_titles_title":"","_seopress_titles_desc":"","_seopress_robots_index":""},"product_cat":[87,20,98,107,109],"product_tag":[],"class_list":{"0":"post-21423","1":"product","2":"type-product","3":"status-publish","4":"has-post-thumbnail","6":"product_cat-recambios-fiat-doblo","7":"product_cat-recambios-fiat","8":"product_cat-recambios-fiat-palio","9":"product_cat-recambios-fiat-siena","10":"product_cat-recambios-fiat-strada","12":"first","13":"instock","14":"taxable","15":"shipping-taxable","16":"purchasable","17":"product-type-simple"},"_links":{"self":[{"href":"https:\/\/galicianparts.com\/shop\/wp-json\/wp\/v2\/product\/21423"}],"collection":[{"href":"https:\/\/galicianparts.com\/shop\/wp-json\/wp\/v2\/product"}],"about":[{"href":"https:\/\/galicianparts.com\/shop\/wp-json\/wp\/v2\/types\/product"}],"wp:featuredmedia":[{"embeddable":true,"href":"https:\/\/galicianparts.com\/shop\/wp-json\/wp\/v2\/media\/21425"}],"wp:attachment":[{"href":"https:\/\/galicianparts.com\/shop\/wp-json\/wp\/v2\/media?parent=21423"}],"wp:term":[{"taxonomy":"product_cat","embeddable":true,"href":"https:\/\/galicianparts.com\/shop\/wp-json\/wp\/v2\/product_cat?post=21423"},{"taxonomy":"product_tag","embeddable":true,"href":"https:\/\/galicianparts.com\/shop\/wp-json\/wp\/v2\/product_tag?post=21423"}],"curies":[{"name":"wp","href":"https:\/\/api.w.org\/{rel}","templated":true}]}}