{"id":21560,"date":"2021-05-05T17:33:40","date_gmt":"2021-05-05T15:33:40","guid":{"rendered":"https:\/\/galicianparts.com\/shop\/producto\/7585115-cable-acelerador-l-870mm-fiat-regata-1-6-nuevo-original\/"},"modified":"2023-10-20T09:03:02","modified_gmt":"2023-10-20T07:03:02","slug":"7585115-cable-acelerador-l-870mm-fiat-regata-1-6-nuevo-original","status":"publish","type":"product","link":"https:\/\/galicianparts.com\/shop\/producto\/7585115-cable-acelerador-l-870mm-fiat-regata-1-6-nuevo-original\/","title":{"rendered":"7585115 Cable acelerador L 870mm Fiat Regata 1.6 NUEVO ORIGINAL"},"content":{"rendered":"<p>Cable del acelerador de:<br \/>\nLargo: 870 mm<\/p>\n<p>FIAT Regata (138)<br \/>\n1.6 Super 100, A\u00f1o 10.1983 &#8211; 07.1989, 1585 ccm, 95 cv<br \/>\n1.6 Super 100, A\u00f1o 10.1983 &#8211; 12.1990, 1585 ccm, 101 cv<br \/>\n1.6 85, A\u00f1o 10.1983 &#8211; 06.1990, 1585 ccm, 82 cv<br \/>\n1.6 i.e. 90, A\u00f1o 01.1987 &#8211; 07.1989, 1595 ccm, 90 cv<\/p>\n<p>LA PIEZA ES NUEVA Y ORIGINAL.<\/p>\n","protected":false},"excerpt":{"rendered":"<p>Cable del acelerador de: Largo: 870 mm FIAT Regata (138) 1.6 Super 100, A\u00f1o 10.1983 &#8211; 07.1989, 1585 ccm, 95 cv 1.6 Super 100, A\u00f1o 10.1983 &#8211; 12.1990, 1585 ccm, 101 cv 1.6 85, A\u00f1o 10.1983 &#8211; 06.1990, 1585 ccm, 82 cv 1.6 i.e. 90, A\u00f1o 01.1987 &#8211; 07.1989, 1595 ccm, 90 cv LA PIEZA [&hellip;]<\/p>\n","protected":false},"featured_media":21561,"template":"","meta":{"_seopress_robots_primary_cat":"","_seopress_titles_title":"","_seopress_titles_desc":"","_seopress_robots_index":""},"product_cat":[20,102],"product_tag":[],"class_list":{"0":"post-21560","1":"product","2":"type-product","3":"status-publish","4":"has-post-thumbnail","6":"product_cat-recambios-fiat","7":"product_cat-recambios-fiat-regata","9":"first","10":"instock","11":"taxable","12":"shipping-taxable","13":"purchasable","14":"product-type-simple"},"_links":{"self":[{"href":"https:\/\/galicianparts.com\/shop\/wp-json\/wp\/v2\/product\/21560"}],"collection":[{"href":"https:\/\/galicianparts.com\/shop\/wp-json\/wp\/v2\/product"}],"about":[{"href":"https:\/\/galicianparts.com\/shop\/wp-json\/wp\/v2\/types\/product"}],"wp:featuredmedia":[{"embeddable":true,"href":"https:\/\/galicianparts.com\/shop\/wp-json\/wp\/v2\/media\/21561"}],"wp:attachment":[{"href":"https:\/\/galicianparts.com\/shop\/wp-json\/wp\/v2\/media?parent=21560"}],"wp:term":[{"taxonomy":"product_cat","embeddable":true,"href":"https:\/\/galicianparts.com\/shop\/wp-json\/wp\/v2\/product_cat?post=21560"},{"taxonomy":"product_tag","embeddable":true,"href":"https:\/\/galicianparts.com\/shop\/wp-json\/wp\/v2\/product_tag?post=21560"}],"curies":[{"name":"wp","href":"https:\/\/api.w.org\/{rel}","templated":true}]}}