{"id":21565,"date":"2021-05-05T18:25:10","date_gmt":"2021-05-05T16:25:10","guid":{"rendered":"https:\/\/galicianparts.com\/shop\/producto\/4239460-eje-sin-fin-l-314mm-caja-direccion-fiat-nuevo-original\/"},"modified":"2021-05-05T18:28:45","modified_gmt":"2021-05-05T16:28:45","slug":"4239460-eje-sin-fin-l-314mm-caja-direccion-fiat-nuevo-original","status":"publish","type":"product","link":"https:\/\/galicianparts.com\/shop\/producto\/4239460-eje-sin-fin-l-314mm-caja-direccion-fiat-nuevo-original\/","title":{"rendered":"4239460 Eje sin fin L 314mm caja direcci\u00f3n Fiat NUEVO ORIGINAL"},"content":{"rendered":"<p>Eje sin fin L 314mm de la caja de direcci\u00f3n de Fiat cl\u00e1sico.<\/p>\n<p>LA PIEZA ES NUEVA Y ORIGINAL.<\/p>\n","protected":false},"excerpt":{"rendered":"<p>Eje sin fin L 314mm de la caja de direcci\u00f3n de Fiat cl\u00e1sico. LA PIEZA ES NUEVA Y ORIGINAL.<\/p>\n","protected":false},"featured_media":21566,"template":"","meta":{"_seopress_robots_primary_cat":"","_seopress_titles_title":"","_seopress_titles_desc":"","_seopress_robots_index":""},"product_cat":[65,170,20],"product_tag":[],"class_list":{"0":"post-21565","1":"product","2":"type-product","3":"status-publish","4":"has-post-thumbnail","6":"product_cat-recambios-fiat-124","7":"product_cat-recambios-fiat-dino","8":"product_cat-recambios-fiat","10":"first","11":"instock","12":"taxable","13":"shipping-taxable","14":"purchasable","15":"product-type-simple"},"_links":{"self":[{"href":"https:\/\/galicianparts.com\/shop\/wp-json\/wp\/v2\/product\/21565"}],"collection":[{"href":"https:\/\/galicianparts.com\/shop\/wp-json\/wp\/v2\/product"}],"about":[{"href":"https:\/\/galicianparts.com\/shop\/wp-json\/wp\/v2\/types\/product"}],"wp:featuredmedia":[{"embeddable":true,"href":"https:\/\/galicianparts.com\/shop\/wp-json\/wp\/v2\/media\/21566"}],"wp:attachment":[{"href":"https:\/\/galicianparts.com\/shop\/wp-json\/wp\/v2\/media?parent=21565"}],"wp:term":[{"taxonomy":"product_cat","embeddable":true,"href":"https:\/\/galicianparts.com\/shop\/wp-json\/wp\/v2\/product_cat?post=21565"},{"taxonomy":"product_tag","embeddable":true,"href":"https:\/\/galicianparts.com\/shop\/wp-json\/wp\/v2\/product_tag?post=21565"}],"curies":[{"name":"wp","href":"https:\/\/api.w.org\/{rel}","templated":true}]}}