{"id":21786,"date":"2021-05-07T12:58:04","date_gmt":"2021-05-07T10:58:04","guid":{"rendered":"https:\/\/galicianparts.com\/shop\/producto\/9601560980-manguito-recuperacion-inyectores-fiat-lancia-citroen-peugeot-nuevo-original\/"},"modified":"2021-05-07T13:02:28","modified_gmt":"2021-05-07T11:02:28","slug":"9601560980-manguito-recuperacion-inyectores-fiat-lancia-citroen-peugeot-nuevo-original","status":"publish","type":"product","link":"https:\/\/galicianparts.com\/shop\/producto\/9601560980-manguito-recuperacion-inyectores-fiat-lancia-citroen-peugeot-nuevo-original\/","title":{"rendered":"9601560980 Manguito recuperaci\u00f3n inyectores Fiat \/ Lancia \/ Citroen \/ Peugeot NUEVO ORIGINAL"},"content":{"rendered":"<p>9401564948 Tubos de recuperaci\u00f3n de los inyectores de combustible de de los motores di\u00e9sel de 272mm de largo por 3mm de di\u00e1metro interno de:<br \/>\nFIAT &#8211; PG ULYSSE (1994-2002)<br \/>\nLANCIA &#8211; SK \u00abZ\u00bb (1994-2002)<br \/>\nFIAT PROFESSIONAL &#8211; PE DUCATO&#8217;94 DIESEL (1994-2002)<br \/>\nFIAT PROFESSIONAL &#8211; PL SCUDO (1995-2004)<br \/>\nFIAT PROFESSIONAL &#8211; 2X SCUDO FL.2004 (2004-2006)<br \/>\nCITROEN &#8211; JUMPER<br \/>\nCITROEN &#8211; JUMPY<br \/>\nPEUGETO &#8211; BOXER<br \/>\nPEUGEOT &#8211; EXPERT<\/p>\n<p>LA PIEZA ES NUEVA Y ORIGINAL.<\/p>\n","protected":false},"excerpt":{"rendered":"<p>9401564948 Tubos de recuperaci\u00f3n de los inyectores de combustible de de los motores di\u00e9sel de 272mm de largo por 3mm de di\u00e1metro interno de: FIAT &#8211; PG ULYSSE (1994-2002) LANCIA &#8211; SK \u00abZ\u00bb (1994-2002) FIAT PROFESSIONAL &#8211; PE DUCATO&#8217;94 DIESEL (1994-2002) FIAT PROFESSIONAL &#8211; PL SCUDO (1995-2004) FIAT PROFESSIONAL &#8211; 2X SCUDO FL.2004 (2004-2006) CITROEN [&hellip;]<\/p>\n","protected":false},"featured_media":21787,"template":"","meta":{"_seopress_robots_primary_cat":"","_seopress_titles_title":"","_seopress_titles_desc":"","_seopress_robots_index":""},"product_cat":[155,23,88,156,20,137,138,21,24,104,113,128],"product_tag":[],"class_list":{"0":"post-21786","1":"product","2":"type-product","3":"status-publish","4":"has-post-thumbnail","6":"product_cat-recambios-peugeot-boxer","7":"product_cat-recambios-citroen","8":"product_cat-recambios-fiat-ducato","9":"product_cat-recambios-peugeot-expert","10":"product_cat-recambios-fiat","11":"product_cat-recambios-citroen-jumper","12":"product_cat-recambios-citroen-jumpy","13":"product_cat-recambios-lancia","14":"product_cat-recambios-peugeot","15":"product_cat-recambios-fiat-scudo","16":"product_cat-recambios-fiat-ulysse","17":"product_cat-recambios-lancia-z","19":"first","20":"instock","21":"taxable","22":"shipping-taxable","23":"purchasable","24":"product-type-simple"},"_links":{"self":[{"href":"https:\/\/galicianparts.com\/shop\/wp-json\/wp\/v2\/product\/21786"}],"collection":[{"href":"https:\/\/galicianparts.com\/shop\/wp-json\/wp\/v2\/product"}],"about":[{"href":"https:\/\/galicianparts.com\/shop\/wp-json\/wp\/v2\/types\/product"}],"wp:featuredmedia":[{"embeddable":true,"href":"https:\/\/galicianparts.com\/shop\/wp-json\/wp\/v2\/media\/21787"}],"wp:attachment":[{"href":"https:\/\/galicianparts.com\/shop\/wp-json\/wp\/v2\/media?parent=21786"}],"wp:term":[{"taxonomy":"product_cat","embeddable":true,"href":"https:\/\/galicianparts.com\/shop\/wp-json\/wp\/v2\/product_cat?post=21786"},{"taxonomy":"product_tag","embeddable":true,"href":"https:\/\/galicianparts.com\/shop\/wp-json\/wp\/v2\/product_tag?post=21786"}],"curies":[{"name":"wp","href":"https:\/\/api.w.org\/{rel}","templated":true}]}}