{"id":21805,"date":"2021-05-07T13:43:56","date_gmt":"2021-05-07T11:43:56","guid":{"rendered":"https:\/\/galicianparts.com\/shop\/producto\/5953422-tubo-izq-calefaccion-fiat-uno-1983-1989-nuevo-original\/"},"modified":"2021-05-07T13:47:37","modified_gmt":"2021-05-07T11:47:37","slug":"5953422-tubo-izq-calefaccion-fiat-uno-1983-1989-nuevo-original","status":"publish","type":"product","link":"https:\/\/galicianparts.com\/shop\/producto\/5953422-tubo-izq-calefaccion-fiat-uno-1983-1989-nuevo-original\/","title":{"rendered":"5953422 Tubo izq. calefacci\u00f3n Fiat Uno (1983-1989) NUEVO ORIGINAL"},"content":{"rendered":"<p>Conducto izquierdo del m\u00f3dulo de la calefacci\u00f3n de Fiat Uno (1983-1989)<\/p>\n<p>LA PIEZA ES NUEVA Y ORIGINAL.<\/p>\n","protected":false},"excerpt":{"rendered":"<p>Conducto izquierdo del m\u00f3dulo de la calefacci\u00f3n de Fiat Uno (1983-1989) LA PIEZA ES NUEVA Y ORIGINAL.<\/p>\n","protected":false},"featured_media":21806,"template":"","meta":{"_seopress_robots_primary_cat":"","_seopress_titles_title":"","_seopress_titles_desc":"","_seopress_robots_index":""},"product_cat":[20,114],"product_tag":[],"class_list":{"0":"post-21805","1":"product","2":"type-product","3":"status-publish","4":"has-post-thumbnail","6":"product_cat-recambios-fiat","7":"product_cat-recambios-fiat-uno","9":"first","10":"instock","11":"taxable","12":"shipping-taxable","13":"purchasable","14":"product-type-simple"},"_links":{"self":[{"href":"https:\/\/galicianparts.com\/shop\/wp-json\/wp\/v2\/product\/21805"}],"collection":[{"href":"https:\/\/galicianparts.com\/shop\/wp-json\/wp\/v2\/product"}],"about":[{"href":"https:\/\/galicianparts.com\/shop\/wp-json\/wp\/v2\/types\/product"}],"wp:featuredmedia":[{"embeddable":true,"href":"https:\/\/galicianparts.com\/shop\/wp-json\/wp\/v2\/media\/21806"}],"wp:attachment":[{"href":"https:\/\/galicianparts.com\/shop\/wp-json\/wp\/v2\/media?parent=21805"}],"wp:term":[{"taxonomy":"product_cat","embeddable":true,"href":"https:\/\/galicianparts.com\/shop\/wp-json\/wp\/v2\/product_cat?post=21805"},{"taxonomy":"product_tag","embeddable":true,"href":"https:\/\/galicianparts.com\/shop\/wp-json\/wp\/v2\/product_tag?post=21805"}],"curies":[{"name":"wp","href":"https:\/\/api.w.org\/{rel}","templated":true}]}}