{"id":21947,"date":"2021-05-11T10:05:44","date_gmt":"2021-05-11T08:05:44","guid":{"rendered":"https:\/\/galicianparts.com\/shop\/producto\/4254740-eje-primario-l-278mm-cambio-fiat-lancia-clasico-nuevo-original\/"},"modified":"2021-05-11T10:55:16","modified_gmt":"2021-05-11T08:55:16","slug":"4254740-eje-primario-l-278mm-cambio-fiat-lancia-clasico-nuevo-original","status":"publish","type":"product","link":"https:\/\/galicianparts.com\/shop\/producto\/4254740-eje-primario-l-278mm-cambio-fiat-lancia-clasico-nuevo-original\/","title":{"rendered":"4264740 Eje primario cambio Fiat 127 CL \/ Fiorino \/ Autobianchi A112 NUEVO ORIGINAL"},"content":{"rendered":"<p>Eje primario de la caja de cambios de:<br \/>\nFiat 127 CL 1050cc<br \/>\nFiat Fiorino 1050cc<br \/>\nAutobianchi A112<\/p>\n<p>Largo 278mm<br \/>\nEstriado embrague 20 dientes<br \/>\nPi\u00f1\u00f3n marcha atr\u00e1s 13 dientes<br \/>\nPi\u00f1\u00f3n 4\u00aa velocidad 45 dientes<\/p>\n<p>LA PIEZA ES NUEVA Y ORIGINAL.<\/p>\n","protected":false},"excerpt":{"rendered":"<p>Eje primario de la caja de cambios de: Fiat 127 CL 1050cc Fiat Fiorino 1050cc Autobianchi A112 Largo 278mm Estriado embrague 20 dientes Pi\u00f1\u00f3n marcha atr\u00e1s 13 dientes Pi\u00f1\u00f3n 4\u00aa velocidad 45 dientes LA PIEZA ES NUEVA Y ORIGINAL.<\/p>\n","protected":false},"featured_media":21953,"template":"","meta":{"_seopress_robots_primary_cat":"","_seopress_titles_title":"","_seopress_titles_desc":"","_seopress_robots_index":""},"product_cat":[68,63,25,20,91],"product_tag":[],"class_list":{"0":"post-21947","1":"product","2":"type-product","3":"status-publish","4":"has-post-thumbnail","6":"product_cat-recambios-fiat-127","7":"product_cat-recambios-autobianchi-a112","8":"product_cat-recambios-autobianchi","9":"product_cat-recambios-fiat","10":"product_cat-recambios-fiat-fiorino","12":"first","13":"instock","14":"taxable","15":"shipping-taxable","16":"purchasable","17":"product-type-simple"},"_links":{"self":[{"href":"https:\/\/galicianparts.com\/shop\/wp-json\/wp\/v2\/product\/21947"}],"collection":[{"href":"https:\/\/galicianparts.com\/shop\/wp-json\/wp\/v2\/product"}],"about":[{"href":"https:\/\/galicianparts.com\/shop\/wp-json\/wp\/v2\/types\/product"}],"wp:featuredmedia":[{"embeddable":true,"href":"https:\/\/galicianparts.com\/shop\/wp-json\/wp\/v2\/media\/21953"}],"wp:attachment":[{"href":"https:\/\/galicianparts.com\/shop\/wp-json\/wp\/v2\/media?parent=21947"}],"wp:term":[{"taxonomy":"product_cat","embeddable":true,"href":"https:\/\/galicianparts.com\/shop\/wp-json\/wp\/v2\/product_cat?post=21947"},{"taxonomy":"product_tag","embeddable":true,"href":"https:\/\/galicianparts.com\/shop\/wp-json\/wp\/v2\/product_tag?post=21947"}],"curies":[{"name":"wp","href":"https:\/\/api.w.org\/{rel}","templated":true}]}}