{"id":21963,"date":"2021-05-11T10:38:29","date_gmt":"2021-05-11T08:38:29","guid":{"rendered":"https:\/\/galicianparts.com\/shop\/producto\/7565415-tubo-gases-admision-lancia-delta-hf-turbo-1986-1992-nuevo-original\/"},"modified":"2021-06-08T11:15:12","modified_gmt":"2021-06-08T09:15:12","slug":"7565415-tubo-gases-admision-lancia-delta-hf-turbo-1986-1992-nuevo-original","status":"publish","type":"product","link":"https:\/\/galicianparts.com\/shop\/producto\/7565415-tubo-gases-admision-lancia-delta-hf-turbo-1986-1992-nuevo-original\/","title":{"rendered":"7565415 Tubo gases admisi\u00f3n Lancia Delta HF TURBO (1986-1992) NUEVO ORIGINAL"},"content":{"rendered":"<p>Tubo met\u00e1lico de los gases de la admisi\u00f3n de:<br \/>\nLANCIA &#8211; TB DELTA R.86 HF TURBO \/ 1600CC MPI TB   (1986-1992)<\/p>\n<p>LA PIEZA ES NUEVA Y ORIGINAL.<\/p>\n","protected":false},"excerpt":{"rendered":"<p>Tubo met\u00e1lico de los gases de la admisi\u00f3n de: LANCIA &#8211; TB DELTA R.86 HF TURBO \/ 1600CC MPI TB (1986-1992) LA PIEZA ES NUEVA Y ORIGINAL.<\/p>\n","protected":false},"featured_media":21964,"template":"","meta":{"_seopress_robots_primary_cat":"","_seopress_titles_title":"","_seopress_titles_desc":"","_seopress_robots_index":""},"product_cat":[118,21],"product_tag":[],"class_list":{"0":"post-21963","1":"product","2":"type-product","3":"status-publish","4":"has-post-thumbnail","6":"product_cat-recambios-lancia-delta","7":"product_cat-recambios-lancia","9":"first","10":"outofstock","11":"taxable","12":"shipping-taxable","13":"purchasable","14":"product-type-simple"},"_links":{"self":[{"href":"https:\/\/galicianparts.com\/shop\/wp-json\/wp\/v2\/product\/21963"}],"collection":[{"href":"https:\/\/galicianparts.com\/shop\/wp-json\/wp\/v2\/product"}],"about":[{"href":"https:\/\/galicianparts.com\/shop\/wp-json\/wp\/v2\/types\/product"}],"wp:featuredmedia":[{"embeddable":true,"href":"https:\/\/galicianparts.com\/shop\/wp-json\/wp\/v2\/media\/21964"}],"wp:attachment":[{"href":"https:\/\/galicianparts.com\/shop\/wp-json\/wp\/v2\/media?parent=21963"}],"wp:term":[{"taxonomy":"product_cat","embeddable":true,"href":"https:\/\/galicianparts.com\/shop\/wp-json\/wp\/v2\/product_cat?post=21963"},{"taxonomy":"product_tag","embeddable":true,"href":"https:\/\/galicianparts.com\/shop\/wp-json\/wp\/v2\/product_tag?post=21963"}],"curies":[{"name":"wp","href":"https:\/\/api.w.org\/{rel}","templated":true}]}}