{"id":22296,"date":"2021-05-13T11:01:45","date_gmt":"2021-05-13T09:01:45","guid":{"rendered":"https:\/\/galicianparts.com\/shop\/producto\/7612204-tapa-distribucion-fiat-uno-1-4cc-td-1989-1995-nueva-original\/"},"modified":"2021-05-13T11:07:48","modified_gmt":"2021-05-13T09:07:48","slug":"7612204-tapa-distribucion-fiat-uno-1-4cc-td-1989-1995-nueva-original","status":"publish","type":"product","link":"https:\/\/galicianparts.com\/shop\/producto\/7612204-tapa-distribucion-fiat-uno-1-4cc-td-1989-1995-nueva-original\/","title":{"rendered":"7612204 Tapa distribuci\u00f3n Fiat Uno 1.4cc TD (1989-1995) NUEVA ORIGINAL"},"content":{"rendered":"<p>7580779 Tapa met\u00e1lica protectora de la distribuci\u00f3n de:<br \/>\nFIAT &#8211; MU UNO 1367CC TURBO DIESEL R\/89 (1989-1995)<\/p>\n<p>LA PIEZA ES NUEVA Y ORIGINAL.<\/p>\n","protected":false},"excerpt":{"rendered":"<p>7580779 Tapa met\u00e1lica protectora de la distribuci\u00f3n de: FIAT &#8211; MU UNO 1367CC TURBO DIESEL R\/89 (1989-1995) LA PIEZA ES NUEVA Y ORIGINAL.<\/p>\n","protected":false},"featured_media":22297,"template":"","meta":{"_seopress_robots_primary_cat":"","_seopress_titles_title":"","_seopress_titles_desc":"","_seopress_robots_index":""},"product_cat":[20,114],"product_tag":[],"class_list":{"0":"post-22296","1":"product","2":"type-product","3":"status-publish","4":"has-post-thumbnail","6":"product_cat-recambios-fiat","7":"product_cat-recambios-fiat-uno","9":"first","10":"instock","11":"taxable","12":"shipping-taxable","13":"purchasable","14":"product-type-simple"},"_links":{"self":[{"href":"https:\/\/galicianparts.com\/shop\/wp-json\/wp\/v2\/product\/22296"}],"collection":[{"href":"https:\/\/galicianparts.com\/shop\/wp-json\/wp\/v2\/product"}],"about":[{"href":"https:\/\/galicianparts.com\/shop\/wp-json\/wp\/v2\/types\/product"}],"wp:featuredmedia":[{"embeddable":true,"href":"https:\/\/galicianparts.com\/shop\/wp-json\/wp\/v2\/media\/22297"}],"wp:attachment":[{"href":"https:\/\/galicianparts.com\/shop\/wp-json\/wp\/v2\/media?parent=22296"}],"wp:term":[{"taxonomy":"product_cat","embeddable":true,"href":"https:\/\/galicianparts.com\/shop\/wp-json\/wp\/v2\/product_cat?post=22296"},{"taxonomy":"product_tag","embeddable":true,"href":"https:\/\/galicianparts.com\/shop\/wp-json\/wp\/v2\/product_tag?post=22296"}],"curies":[{"name":"wp","href":"https:\/\/api.w.org\/{rel}","templated":true}]}}