{"id":22681,"date":"2021-05-18T13:43:46","date_gmt":"2021-05-18T11:43:46","guid":{"rendered":"https:\/\/galicianparts.com\/shop\/producto\/9945928-filtro-de-gasoil-fiat-lancia-alfa-seat-citroen-peugeot-nuevo-original\/"},"modified":"2024-09-11T20:00:57","modified_gmt":"2024-09-11T18:00:57","slug":"9945928-filtro-de-gasoil-fiat-lancia-alfa-seat-citroen-peugeot-nuevo-original","status":"publish","type":"product","link":"https:\/\/galicianparts.com\/shop\/producto\/9945928-filtro-de-gasoil-fiat-lancia-alfa-seat-citroen-peugeot-nuevo-original\/","title":{"rendered":"9945928 Filtro gasoil Fiat \/Lancia \/Alfa \/Seat \/Citro\u00ebn \/Peugeot ORIGINAL"},"content":{"rendered":"<p>71736113 Filtro de combustible de:<br \/>\nM\u00e9trica: 16&#215;1,5<br \/>\nDi\u00e1metro: 87 mm<br \/>\nDi\u00e1metro interior 2: 70,63 mm<br \/>\nAltura: 154 mm<\/p>\n<p>FIAT Regata (138)<br \/>\n1.7 Di\u00e9sel 60, A\u00f1o 09.1983 &#8211; 12.1986, 1714 ccm, 58 cv<br \/>\n1.7 Di\u00e9sel 60, A\u00f1o 05.1985 &#8211; 03.1989, 1698 ccm, 60 cv<br \/>\n1.9 Di\u00e9sel 65, A\u00f1o 04.1984 &#8211; 07.1989, 1929 ccm, 65 cv<br \/>\n1.9 Turbodi\u00e9sel 80, A\u00f1o 05.1986 &#8211; 07.1989, 1929 ccm, 80 cv<br \/>\nFIAT Ritmo I Hatchback (138)<br \/>\n1.7 Diesel, A\u00f1o 10.1979 &#8211; 09.1982, 1714 ccm, 55 cv<br \/>\n1.7 Diesel, A\u00f1o 05.1985 &#8211; 12.1987, 1698 ccm, 60 cv<br \/>\n1.9 TD, A\u00f1o 12.1985 &#8211; 12.1987, 1929 ccm, 80 cv<br \/>\nFIAT 127 Hatchback (127)<br \/>\n1.3 Di\u00e9sel, A\u00f1o 04.1981 &#8211; 12.1986, 1301 ccm, 45 cv<br \/>\nFIAT Croma I Hatchback (154)<br \/>\n2.5 D, A\u00f1o 12.1985 &#8211; 12.1989, 2499 ccm, 75 cv<br \/>\n2.5 TD, A\u00f1o 12.1985 &#8211; 08.1989, 2445 ccm, 101 cv<br \/>\n2.5 TD, A\u00f1o 05.1989 &#8211; 08.1996, 2500 ccm, 115 cv<br \/>\n2.5 TDE, A\u00f1o 12.1991 &#8211; 08.1996, 2500 ccm, 105 cv<br \/>\nFIAT Ducato II (230L)<br \/>\n1.9 D, A\u00f1o 04.1998 &#8211; 04.2002, 1905 ccm, 68 cv<br \/>\n1.9 D, A\u00f1o 03.1994 &#8211; 04.2002, 1929 ccm, 69 cv<br \/>\n1.9 TD, A\u00f1o 03.1994 &#8211; 04.2002, 1929 ccm, 82 cv<br \/>\n1.9 TD, A\u00f1o 04.1998 &#8211; 04.2002, 1905 ccm, 90 cv<br \/>\n2.5 D, A\u00f1o 03.1994 &#8211; 04.2002, 2500 ccm, 84 cv<br \/>\n2.5 D 4&#215;4, A\u00f1o 03.1994 &#8211; 04.2002, 2500 ccm, 84 cv<br \/>\n2.5 TD, A\u00f1o 06.1994 &#8211; 08.1998, 2499 ccm, 109 cv<br \/>\n2.5 TD 4&#215;4, A\u00f1o 11.1994 &#8211; 04.1998, 2499 ccm, 109 cv<br \/>\n2.5 TD 4&#215;4, A\u00f1o 11.1994 &#8211; 04.1998, 2499 ccm, 116 cv<br \/>\n2.5 TDI, A\u00f1o 03.1994 &#8211; 04.2002, 2500 ccm, 116 cv<br \/>\n2.5 TDI 4&#215;4, A\u00f1o 05.1998 &#8211; 04.2002, 2500 ccm, 116 cv<br \/>\n2.8 D, A\u00f1o 05.1998 &#8211; 04.2002, 2800 ccm, 87 cv<br \/>\n2.8 D 4&#215;4, A\u00f1o 08.1998 &#8211; 04.2002, 2800 ccm, 87 cv<br \/>\nFIAT Ducato II Bus (230)<br \/>\n1.9 D, A\u00f1o 04.1998 &#8211; 04.2002, 1905 ccm, 68 cv<br \/>\n1.9 D Combinato, A\u00f1o 06.1995 &#8211; 04.2002, 1929 ccm, 69 cv<br \/>\n1.9 TD, A\u00f1o 04.1998 &#8211; 04.2002, 1905 ccm, 90 cv<br \/>\n1.9 TD Combinato, A\u00f1o 08.1994 &#8211; 04.2002, 1929 ccm, 80 cv<br \/>\n1.9 TD Panorama\/Combinato, A\u00f1o 03.1994 &#8211; 04.2002, 1929 ccm, 82 cv<br \/>\n2.5 D Combinato, A\u00f1o 08.1994 &#8211; 04.2002, 2500 ccm, 84 cv<br \/>\n2.5 TD 4&#215;4, A\u00f1o 11.1994 &#8211; 04.1998, 2499 ccm, 109 cv<br \/>\n2.5 TDI 4&#215;4, A\u00f1o 04.1997 &#8211; 04.2002, 2500 ccm, 116 cv<br \/>\n2.5 TDI Panorama\/Combinato, A\u00f1o 03.1994 &#8211; 04.2002, 2499 ccm, 116 cv<br \/>\n2.8 D, A\u00f1o 02.1998 &#8211; 04.2002, 2800 ccm, 87 cv<br \/>\nFIAT Ducato I (280)<br \/>\n2.4 D, A\u00f1o 01.1982 &#8211; 08.1990, 2428 ccm, 72 cv<br \/>\n2.5 D, A\u00f1o 01.1982 &#8211; 08.1990, 2500 ccm, 75 cv<br \/>\nFIAT Tempra (159)<br \/>\n1.9 D, A\u00f1o 07.1991 &#8211; 08.1996, 1929 ccm, 65 cv<br \/>\n1.9 TD, A\u00f1o 07.1992 &#8211; 08.1996, 1929 ccm, 80 cv<br \/>\n1.9 TD, A\u00f1o 05.1990 &#8211; 08.1996, 1929 ccm, 90 cv<br \/>\nFIAT Panda I Hatchback (141)<br \/>\n1.3 D, A\u00f1o 04.1986 &#8211; 12.1992, 1302 ccm, 37 cv<br \/>\nFIAT Tipo Hatchback (160)<br \/>\n1.7 D, A\u00f1o 01.1988 &#8211; 10.1994, 1697 ccm, 58 cv<br \/>\n1.7 D, A\u00f1o 01.1988 &#8211; 10.1995, 1697 ccm, 61 cv<br \/>\n1.9 D, A\u00f1o 07.1991 &#8211; 08.1995, 1929 ccm, 65 cv<br \/>\n1.9 TD, A\u00f1o 03.1992 &#8211; 06.1993, 1929 ccm, 80 cv<br \/>\n1.9 TD, A\u00f1o 09.1990 &#8211; 04.1995, 1929 ccm, 90 cv<br \/>\n1.9 TD (160AR), A\u00f1o 04.1990 &#8211; 10.1992, 1929 ccm, 94 cv<br \/>\nFIAT Fiorino II<br \/>\n1.7 D, A\u00f1o 01.1988 &#8211; 10.1999, 1697 ccm, 60 cv<br \/>\n1.7 TD, A\u00f1o 11.1996 &#8211; 05.2000, 1697 ccm, 63 cv<br \/>\n60 1.7 D, A\u00f1o 05.1988 &#8211; 10.1996, 1697 ccm, 57 cv<br \/>\n60 1.7 D, A\u00f1o 05.1988 &#8211; 05.2000, 1698 ccm, 60 cv<br \/>\n65 1.7 TD, A\u00f1o 01.1997 &#8211; 05.2001, 1698 ccm, 63 cv<br \/>\nFIAT Fiorino I Furg\u00f3n (147)<br \/>\n1.3 D, A\u00f1o 03.1982 &#8211; 01.1988, 1288 ccm, 45 cv<br \/>\nFIAT Uno Hatchback (146)<br \/>\n1.3 Super di\u00e9sel, A\u00f1o 06.1983 &#8211; 03.1992, 1302 ccm, 45 cv<br \/>\n1.9 D, A\u00f1o 09.1989 &#8211; 03.1994, 1929 ccm, 60 cv<br \/>\n1.7 Di\u00e9sel 60, A\u00f1o 07.1986 &#8211; 08.1989, 1698 ccm, 60 cv<br \/>\n60 Diesel 1.7 (146E), A\u00f1o 09.1989 &#8211; 12.1993, 1698 ccm, 57 cv<br \/>\n1.4 TD 70, A\u00f1o 10.1986 &#8211; 10.1990, 1367 ccm, 71 cv<br \/>\nFIAT 127 Panorama (127)<br \/>\n1.3 D, A\u00f1o 06.1981 &#8211; 12.1986, 1301 ccm, 45 cv<br \/>\nFIAT Duna Berlina (146)<br \/>\n1.7 DS, A\u00f1o 01.1987 &#8211; 12.1991, 1698 ccm, 60 cv<br \/>\nFIAT Fiorino II Pick-up (146)<br \/>\n1.7 D, A\u00f1o 10.1993 &#8211; 10.1999, 1697 ccm, 57 cv<br \/>\n1.7 D, A\u00f1o 05.1988 &#8211; 10.1999, 1698 ccm, 60 cv<br \/>\n1.7 TD, A\u00f1o 01.1997 &#8211; 05.2001, 1698 ccm, 63 cv<br \/>\nFIAT Fiorino Pick-up (147)<br \/>\n1.3 D, A\u00f1o 05.1984 &#8211; 12.1988, 1302 ccm, 45 cv<br \/>\nFIAT 147 Panorama<br \/>\n1.3 D, A\u00f1o 07.1982 &#8211; 07.1983, 1301 ccm, 45 cv<br \/>\nFIAT Elba<br \/>\n1.7 D, A\u00f1o 04.1991 &#8211; 10.1997, 1698 ccm, 57 cv<br \/>\n1.7 D, A\u00f1o 04.1989 &#8211; 12.1996, 1698 ccm, 58 cv<\/p>\n<p>ALFA ROMEO 155 (167)<br \/>\n2.5 TD (167.A1A, 167.A1G), A\u00f1o 04.1993 &#8211; 12.1997, 2499 ccm, 125 cv<br \/>\nALFA ROMEO 164 (164)<br \/>\n2.5 TD, A\u00f1o 06.1987 &#8211; 09.1992, 2499 ccm, 114 cv<br \/>\n2.5 TD, A\u00f1o 09.1992 &#8211; 09.1998, 2499 ccm, 125 cv<br \/>\nALFA ROMEO 33 Hatchback (905)<br \/>\n1.8 TD (905A4), A\u00f1o 01.1986 &#8211; 06.1990, 1779 ccm, 73 cv<br \/>\nALFA ROMEO 33 Hatchback (907A)<br \/>\n1.8 TD, A\u00f1o 07.1990 &#8211; 09.1994, 1779 ccm, 84 cv<br \/>\nALFA ROMEO 6 (119)<br \/>\n2.5 TD (119AA), A\u00f1o 07.1981 &#8211; 05.1986, 2494 ccm, 105 cv<br \/>\nALFA ROMEO 75 (162B)<br \/>\n2.0 TD, A\u00f1o 05.1985 &#8211; 09.1992, 1995 ccm, 95 cv<br \/>\n2.4 TD (162B5), A\u00f1o 01.1989 &#8211; 02.1992, 2393 ccm, 112 cv<br \/>\nALFA ROMEO 90 (162)<br \/>\n2.4 TD, A\u00f1o 10.1984 &#8211; 07.1987, 2393 ccm, 110 cv<br \/>\nALFA ROMEO Alfetta Berlina (116)<br \/>\n2.0 TD, A\u00f1o 10.1979 &#8211; 03.1983, 1995 ccm, 82 cv<br \/>\n2.4 TD, A\u00f1o 04.1983 &#8211; 12.1984, 2393 ccm, 95 cv<br \/>\nALFA ROMEO AR6 Bus (280)<br \/>\n1.9 D (280), A\u00f1o 04.1985 &#8211; 12.1989, 1929 ccm, 69 cv<br \/>\nALFA ROMEO AR6 Furg\u00f3n (280)<br \/>\n2.4 D (280), A\u00f1o 04.1985 &#8211; 02.1986, 2445 ccm, 72 cv<br \/>\n2.4 TD (280), A\u00f1o 09.1986 &#8211; 12.1989, 2445 ccm, 92 cv<br \/>\n2.5 D (280), A\u00f1o 03.1986 &#8211; 12.1989, 2499 ccm, 75 cv<br \/>\nALFA ROMEO AR8 (280)<br \/>\n2.4 TD (280), A\u00f1o 04.1985 &#8211; 12.1989, 2445 ccm, 92 cv<br \/>\n2.5 D (280), A\u00f1o 09.1986 &#8211; 12.1989, 2499 ccm, 75 cv<\/p>\n<p>CITRO\u00cbN Jumper I (230)<br \/>\n1.9 D, A\u00f1o 01.1999 &#8211; 04.2002, 1905 ccm, 69 cv<br \/>\n1.9 TD, A\u00f1o 08.1994 &#8211; 04.2002, 1905 ccm, 90 cv<br \/>\n1.9 TD, A\u00f1o 02.1994 &#8211; 04.2002, 1905 ccm, 92 cv<br \/>\n1.9 TD 4&#215;4, A\u00f1o 08.1996 &#8211; 04.2002, 1905 ccm, 92 cv<br \/>\n2.5 D, A\u00f1o 08.1994 &#8211; 04.2002, 2446 ccm, 86 cv<br \/>\n2.5 D 4&#215;4, A\u00f1o 08.1996 &#8211; 04.2002, 2446 ccm, 86 cv<br \/>\n2.5 TD, A\u00f1o 08.1994 &#8211; 04.2002, 2446 ccm, 103 cv<br \/>\n2.5 TD 4&#215;4, A\u00f1o 08.1996 &#8211; 04.2002, 2446 ccm, 103 cv<br \/>\n2.5 TDi, A\u00f1o 12.1996 &#8211; 11.2000, 2446 ccm, 107 cv<br \/>\n2.5 TDI 4&#215;4, A\u00f1o 12.1996 &#8211; 11.2000, 2446 ccm, 107 cv<br \/>\nCITRO\u00cbN Jumper I Furg\u00f3n (230)<br \/>\n1.9 D, A\u00f1o 07.1999 &#8211; 04.2002, 1905 ccm, 68 cv<br \/>\n1.9 D, A\u00f1o 02.1994 &#8211; 04.2002, 1905 ccm, 69 cv<br \/>\n1.9 TD, A\u00f1o 03.1994 &#8211; 04.2002, 1905 ccm, 90 cv<br \/>\n1.9 TD, A\u00f1o 03.1994 &#8211; 04.2002, 1905 ccm, 92 cv<br \/>\n2.5 D, A\u00f1o 03.1994 &#8211; 04.2002, 2446 ccm, 86 cv<br \/>\n2.5 D 4&#215;4, A\u00f1o 03.2000 &#8211; 04.2002, 2446 ccm, 86 cv<br \/>\n2.5 TD, A\u00f1o 03.1994 &#8211; 04.2002, 2446 ccm, 103 cv<br \/>\n2.5 TDi, A\u00f1o 12.1996 &#8211; 11.2000, 2446 ccm, 107 cv<br \/>\n2.5 TDi 4&#215;4, A\u00f1o 03.2000 &#8211; 11.2000, 2446 ccm, 107 cv<\/p>\n<p>LANCIA Kappa (838)<br \/>\n2.4 T.DS, A\u00f1o 08.1994 &#8211; 10.2001, 2387 ccm, 124 cv<br \/>\nLANCIA Delta I (831)<br \/>\n1.9 Turbo DS, A\u00f1o 10.1986 &#8211; 12.1989, 1929 ccm, 80 cv<br \/>\nLANCIA Thema (834)<br \/>\n2.4 2500 Turbo D, A\u00f1o 11.1984 &#8211; 09.1988, 2445 ccm, 101 cv<br \/>\n2.5 Turbo DS, A\u00f1o 06.1988 &#8211; 05.1992, 2499 ccm, 115 cv<br \/>\n2.5 Turbo DS, A\u00f1o 05.1992 &#8211; 07.1994, 2500 ccm, 116 cv<br \/>\nLANCIA Prisma (831)<br \/>\n1.9 Diesel (831AB), A\u00f1o 01.1983 &#8211; 02.1992, 1911 ccm, 65 cv<br \/>\n1.9 Turbo Diesel (831AB), A\u00f1o 05.1985 &#8211; 12.1989, 1928 ccm, 80 cv<\/p>\n<p>PEUGEOT Boxer Bus (230)<br \/>\n1.9 D, A\u00f1o 03.1994 &#8211; 04.2002, 1905 ccm, 69 cv<br \/>\n1.9 TD, A\u00f1o 08.1994 &#8211; 04.2002, 1905 ccm, 90 cv<br \/>\n1.9 TD, A\u00f1o 03.1994 &#8211; 04.2002, 1905 ccm, 92 cv<br \/>\n1.9 TD 4&#215;4, A\u00f1o 07.1996 &#8211; 04.2002, 1905 ccm, 92 cv<br \/>\n2.5 D, A\u00f1o 08.1994 &#8211; 04.2002, 2446 ccm, 86 cv<br \/>\n2.5 D 4&#215;4, A\u00f1o 07.1996 &#8211; 04.2002, 2446 ccm, 86 cv<br \/>\n2.5 DT, A\u00f1o 10.1997 &#8211; 11.2001, 2499 ccm, 84 cv<br \/>\n2.5 TDI, A\u00f1o 01.1997 &#8211; 04.2002, 2446 ccm, 107 cv<br \/>\n2.5 TDI 4&#215;4, A\u00f1o 01.1997 &#8211; 04.2002, 2446 ccm, 107 cv<br \/>\nPEUGEOT Boxer Furg\u00f3n (230)<br \/>\n1.9 D, A\u00f1o 07.1999 &#8211; 04.2002, 1905 ccm, 68 cv<br \/>\n1.9 D, A\u00f1o 03.1994 &#8211; 04.2002, 1905 ccm, 69 cv<br \/>\n1.9 TD, A\u00f1o 07.1999 &#8211; 04.2002, 1905 ccm, 90 cv<br \/>\n1.9 TD, A\u00f1o 03.1994 &#8211; 04.2002, 1905 ccm, 92 cv<br \/>\n2.5 D, A\u00f1o 03.1994 &#8211; 04.2002, 2446 ccm, 86 cv<br \/>\n2.5 D 4&#215;4, A\u00f1o 07.1999 &#8211; 04.2002, 2446 ccm, 86 cv<br \/>\n2.5 DT, A\u00f1o 10.1997 &#8211; 11.2001, 2499 ccm, 84 cv<br \/>\n2.5 TDI, A\u00f1o 01.1997 &#8211; 04.2002, 2446 ccm, 107 cv<br \/>\n2.5 TDI 4&#215;4, A\u00f1o 07.1999 &#8211; 04.2002, 2446 ccm, 107 cv<\/p>\n<p>SEAT Ronda (022A)<br \/>\n1.7 Di\u00e9sel, A\u00f1o 06.1982 &#8211; 12.1986, 1714 ccm, 54 cv<br \/>\n1.7 Di\u00e9sel, A\u00f1o 06.1982 &#8211; 12.1986, 1714 ccm, 56 cv<br \/>\nSEAT Malaga (023A)<br \/>\n1.7 D, A\u00f1o 05.1985 &#8211; 12.1993, 1714 ccm, 54 cv<br \/>\n1.7 D, A\u00f1o 05.1990 &#8211; 12.1993, 1714 ccm, 57 cv<br \/>\nSEAT Ibiza I Hatchback (021A)<br \/>\n1.7 D, A\u00f1o 06.1984 &#8211; 05.1993, 1714 ccm, 54 cv<br \/>\n1.7 D, A\u00f1o 08.1990 &#8211; 05.1993, 1714 ccm, 57 cv<br \/>\nSEAT Ritmo (138)<br \/>\n1.7 D, A\u00f1o 10.1979 &#8211; 09.1983, 1714 ccm, 56 cv<\/p>\n<p>LA PIEZA ES NUEVA Y ORIGINAL.<\/p>\n","protected":false},"excerpt":{"rendered":"<p>71736113 Filtro de combustible de: M\u00e9trica: 16&#215;1,5 Di\u00e1metro: 87 mm Di\u00e1metro interior 2: 70,63 mm Altura: 154 mm FIAT Regata (138) 1.7 Di\u00e9sel 60, A\u00f1o 09.1983 &#8211; 12.1986, 1714 ccm, 58 cv 1.7 Di\u00e9sel 60, A\u00f1o 05.1985 &#8211; 03.1989, 1698 ccm, 60 cv 1.9 Di\u00e9sel 65, A\u00f1o 04.1984 &#8211; 07.1989, 1929 ccm, 65 cv 1.9 [&hellip;]<\/p>\n","protected":false},"featured_media":80236,"template":"","meta":{"_seopress_robots_primary_cat":"","_seopress_titles_title":"","_seopress_titles_desc":"","_seopress_robots_index":""},"product_cat":[68,222,48,54,43,352,58,342,16,180,184,185,155,23,86,118,88,89,90,20,91,162,137,119,21,164,99,24,123,102,198,103,165,26,111,124,112,114],"product_tag":[],"class_list":{"0":"post-22681","1":"product","2":"type-product","3":"status-publish","4":"has-post-thumbnail","6":"product_cat-recambios-fiat-127","7":"product_cat-recambios-fiat-147","8":"product_cat-recambios-alfa-romeo-155","9":"product_cat-recambios-alfa-romeo-164","10":"product_cat-recambios-alfa-romeo-33","11":"product_cat-recambios-alfa-romeo-6","12":"product_cat-recambios-alfa-romeo-75","13":"product_cat-recambios-alfa-romeo-90","14":"product_cat-recambios-alfa-romeo","15":"product_cat-recambios-alfa-romeo-alfetta","16":"product_cat-recambios-alfa-romeo-ar6","17":"product_cat-recambios-alfa-romeo-ar8","18":"product_cat-recambios-peugeot-boxer","19":"product_cat-recambios-citroen","20":"product_cat-recambios-fiat-croma","21":"product_cat-recambios-lancia-delta","22":"product_cat-recambios-fiat-ducato","23":"product_cat-recambios-fiat-duna","24":"product_cat-recambios-fiat-elba","25":"product_cat-recambios-fiat","26":"product_cat-recambios-fiat-fiorino","27":"product_cat-recambios-seat-ibiza","28":"product_cat-recambios-citroen-jumper","29":"product_cat-recambios-lancia-kappa","30":"product_cat-recambios-lancia","31":"product_cat-recambios-seat-malaga","32":"product_cat-recambios-fiat-panda","33":"product_cat-recambios-peugeot","34":"product_cat-recambios-lancia-prisma","35":"product_cat-recambios-fiat-regata","36":"product_cat-recambios-seat-ritmo","37":"product_cat-recambios-fiat-ritmo","38":"product_cat-recambios-seat-ronda","39":"product_cat-recambios-seat","40":"product_cat-recambios-fiat-tempra","41":"product_cat-recambios-lancia-thema","42":"product_cat-recambios-fiat-tipo","43":"product_cat-recambios-fiat-uno","45":"first","46":"instock","47":"taxable","48":"shipping-taxable","49":"purchasable","50":"product-type-simple"},"_links":{"self":[{"href":"https:\/\/galicianparts.com\/shop\/wp-json\/wp\/v2\/product\/22681"}],"collection":[{"href":"https:\/\/galicianparts.com\/shop\/wp-json\/wp\/v2\/product"}],"about":[{"href":"https:\/\/galicianparts.com\/shop\/wp-json\/wp\/v2\/types\/product"}],"wp:featuredmedia":[{"embeddable":true,"href":"https:\/\/galicianparts.com\/shop\/wp-json\/wp\/v2\/media\/80236"}],"wp:attachment":[{"href":"https:\/\/galicianparts.com\/shop\/wp-json\/wp\/v2\/media?parent=22681"}],"wp:term":[{"taxonomy":"product_cat","embeddable":true,"href":"https:\/\/galicianparts.com\/shop\/wp-json\/wp\/v2\/product_cat?post=22681"},{"taxonomy":"product_tag","embeddable":true,"href":"https:\/\/galicianparts.com\/shop\/wp-json\/wp\/v2\/product_tag?post=22681"}],"curies":[{"name":"wp","href":"https:\/\/api.w.org\/{rel}","templated":true}]}}