{"id":22698,"date":"2021-05-18T20:14:25","date_gmt":"2021-05-18T18:14:25","guid":{"rendered":"https:\/\/galicianparts.com\/shop\/producto\/9947189-conjunto-rotula-axial-direccion-lancia-kappa-1994-2001-nuevo-original\/"},"modified":"2024-08-09T09:46:36","modified_gmt":"2024-08-09T07:46:36","slug":"9947189-conjunto-rotula-axial-direccion-lancia-kappa-1994-2001-nuevo-original","status":"publish","type":"product","link":"https:\/\/galicianparts.com\/shop\/producto\/9947189-conjunto-rotula-axial-direccion-lancia-kappa-1994-2001-nuevo-original\/","title":{"rendered":"9947189 Conjunto r\u00f3tula axial \/direcci\u00f3n Lancia Kappa (1994-2001) ORIGINAL"},"content":{"rendered":"<p>Brazo, tirante, conjunto de las r\u00f3tulas axial y de direcci\u00f3n de la cremallera de: <\/p>\n<p>LANCIA Kappa (838)<br \/>\n2.0 16V Turbo, A\u00f1o 02.1995 &#8211; 10.2001, 1995 , 205<br \/>\n2.0 20V, A\u00f1o 10.1994 &#8211; 10.2001, 1998 , 146<br \/>\n2.0 20V, A\u00f1o 07.1996 &#8211; 10.2001, 1998 , 155<br \/>\n2.0 20V Turbo, A\u00f1o 06.1998 &#8211; 10.2001, 1998 , 220<br \/>\n2.4 20V, A\u00f1o 08.1994 &#8211; 10.2001, 2446 , 175<br \/>\n2.4 JTD, A\u00f1o 06.1998 &#8211; 10.2001, 2387 , 136<br \/>\n2.4 T.DS, A\u00f1o 08.1994 &#8211; 10.2001, 2387 , 124<br \/>\n3.0 24V, A\u00f1o 08.1994 &#8211; 10.2001, 2959 , 204<\/p>\n<p>LA PIEZA ES NUEVA Y ORIGINAL.<\/p>\n","protected":false},"excerpt":{"rendered":"<p>Brazo, tirante, conjunto de las r\u00f3tulas axial y de direcci\u00f3n de la cremallera de: LANCIA Kappa (838) 2.0 16V Turbo, A\u00f1o 02.1995 &#8211; 10.2001, 1995 , 205 2.0 20V, A\u00f1o 10.1994 &#8211; 10.2001, 1998 , 146 2.0 20V, A\u00f1o 07.1996 &#8211; 10.2001, 1998 , 155 2.0 20V Turbo, A\u00f1o 06.1998 &#8211; 10.2001, 1998 , 220 [&hellip;]<\/p>\n","protected":false},"featured_media":75543,"template":"","meta":{"_seopress_robots_primary_cat":"","_seopress_titles_title":"","_seopress_titles_desc":"","_seopress_robots_index":""},"product_cat":[119,21],"product_tag":[],"class_list":{"0":"post-22698","1":"product","2":"type-product","3":"status-publish","4":"has-post-thumbnail","6":"product_cat-recambios-lancia-kappa","7":"product_cat-recambios-lancia","9":"first","10":"outofstock","11":"taxable","12":"shipping-taxable","13":"purchasable","14":"product-type-simple"},"_links":{"self":[{"href":"https:\/\/galicianparts.com\/shop\/wp-json\/wp\/v2\/product\/22698"}],"collection":[{"href":"https:\/\/galicianparts.com\/shop\/wp-json\/wp\/v2\/product"}],"about":[{"href":"https:\/\/galicianparts.com\/shop\/wp-json\/wp\/v2\/types\/product"}],"wp:featuredmedia":[{"embeddable":true,"href":"https:\/\/galicianparts.com\/shop\/wp-json\/wp\/v2\/media\/75543"}],"wp:attachment":[{"href":"https:\/\/galicianparts.com\/shop\/wp-json\/wp\/v2\/media?parent=22698"}],"wp:term":[{"taxonomy":"product_cat","embeddable":true,"href":"https:\/\/galicianparts.com\/shop\/wp-json\/wp\/v2\/product_cat?post=22698"},{"taxonomy":"product_tag","embeddable":true,"href":"https:\/\/galicianparts.com\/shop\/wp-json\/wp\/v2\/product_tag?post=22698"}],"curies":[{"name":"wp","href":"https:\/\/api.w.org\/{rel}","templated":true}]}}