{"id":22736,"date":"2021-05-19T09:49:24","date_gmt":"2021-05-19T07:49:24","guid":{"rendered":"https:\/\/galicianparts.com\/shop\/producto\/4451419-muelle-valvulas-fiat-nuova-ritmo-diesel-nuevo-original\/"},"modified":"2023-09-22T12:48:08","modified_gmt":"2023-09-22T10:48:08","slug":"4451419-muelle-valvulas-fiat-nuova-ritmo-diesel-nuevo-original","status":"publish","type":"product","link":"https:\/\/galicianparts.com\/shop\/producto\/4451419-muelle-valvulas-fiat-nuova-ritmo-diesel-nuevo-original\/","title":{"rendered":"4451419 Muelle v\u00e1lvulas Fiat Nuova Ritmo Diesel NUEVO ORIGINAL"},"content":{"rendered":"<p>Muelle de v\u00e1lvula del motor di\u00e9sel de:<br \/>\nFIAT &#8211; NUOVA RITMO<\/p>\n<p>LA PIEZA ES NUEVA Y ORIGINAL.<\/p>\n","protected":false},"excerpt":{"rendered":"<p>Muelle de v\u00e1lvula del motor di\u00e9sel de: FIAT &#8211; NUOVA RITMO LA PIEZA ES NUEVA Y ORIGINAL.<\/p>\n","protected":false},"featured_media":78568,"template":"","meta":{"_seopress_robots_primary_cat":"","_seopress_titles_title":"","_seopress_titles_desc":"","_seopress_robots_index":""},"product_cat":[20,103],"product_tag":[],"class_list":{"0":"post-22736","1":"product","2":"type-product","3":"status-publish","4":"has-post-thumbnail","6":"product_cat-recambios-fiat","7":"product_cat-recambios-fiat-ritmo","9":"first","10":"instock","11":"taxable","12":"shipping-taxable","13":"purchasable","14":"product-type-simple"},"_links":{"self":[{"href":"https:\/\/galicianparts.com\/shop\/wp-json\/wp\/v2\/product\/22736"}],"collection":[{"href":"https:\/\/galicianparts.com\/shop\/wp-json\/wp\/v2\/product"}],"about":[{"href":"https:\/\/galicianparts.com\/shop\/wp-json\/wp\/v2\/types\/product"}],"wp:featuredmedia":[{"embeddable":true,"href":"https:\/\/galicianparts.com\/shop\/wp-json\/wp\/v2\/media\/78568"}],"wp:attachment":[{"href":"https:\/\/galicianparts.com\/shop\/wp-json\/wp\/v2\/media?parent=22736"}],"wp:term":[{"taxonomy":"product_cat","embeddable":true,"href":"https:\/\/galicianparts.com\/shop\/wp-json\/wp\/v2\/product_cat?post=22736"},{"taxonomy":"product_tag","embeddable":true,"href":"https:\/\/galicianparts.com\/shop\/wp-json\/wp\/v2\/product_tag?post=22736"}],"curies":[{"name":"wp","href":"https:\/\/api.w.org\/{rel}","templated":true}]}}