{"id":22785,"date":"2021-05-19T11:38:04","date_gmt":"2021-05-19T09:38:04","guid":{"rendered":"https:\/\/galicianparts.com\/shop\/producto\/4375666-tapacubo-aluminio-d-164mm-fiat-clasico-original\/"},"modified":"2022-10-10T10:49:15","modified_gmt":"2022-10-10T08:49:15","slug":"4375666-tapacubo-aluminio-d-164mm-fiat-clasico-original","status":"publish","type":"product","link":"https:\/\/galicianparts.com\/shop\/producto\/4375666-tapacubo-aluminio-d-164mm-fiat-clasico-original\/","title":{"rendered":"4375666 Tapacubo aluminio D 164mm Fiat Cl\u00e1sico ORIGINAL"},"content":{"rendered":"<p>Tapacubos de aluminio, embellecedor central de 164mm de di\u00e1metro de las llantas de Fiat Cl\u00e1sico.<\/p>\n<p>LA PIEZA ES NUEVA Y ORIGINAL.<\/p>\n","protected":false},"excerpt":{"rendered":"<p>Tapacubos de aluminio, embellecedor central de 164mm de di\u00e1metro de las llantas de Fiat Cl\u00e1sico. LA PIEZA ES NUEVA Y ORIGINAL.<\/p>\n","protected":false},"featured_media":22791,"template":"","meta":{"_seopress_robots_primary_cat":"","_seopress_titles_title":"","_seopress_titles_desc":"","_seopress_robots_index":""},"product_cat":[20],"product_tag":[],"class_list":{"0":"post-22785","1":"product","2":"type-product","3":"status-publish","4":"has-post-thumbnail","6":"product_cat-recambios-fiat","8":"first","9":"outofstock","10":"taxable","11":"shipping-taxable","12":"purchasable","13":"product-type-simple"},"_links":{"self":[{"href":"https:\/\/galicianparts.com\/shop\/wp-json\/wp\/v2\/product\/22785"}],"collection":[{"href":"https:\/\/galicianparts.com\/shop\/wp-json\/wp\/v2\/product"}],"about":[{"href":"https:\/\/galicianparts.com\/shop\/wp-json\/wp\/v2\/types\/product"}],"wp:featuredmedia":[{"embeddable":true,"href":"https:\/\/galicianparts.com\/shop\/wp-json\/wp\/v2\/media\/22791"}],"wp:attachment":[{"href":"https:\/\/galicianparts.com\/shop\/wp-json\/wp\/v2\/media?parent=22785"}],"wp:term":[{"taxonomy":"product_cat","embeddable":true,"href":"https:\/\/galicianparts.com\/shop\/wp-json\/wp\/v2\/product_cat?post=22785"},{"taxonomy":"product_tag","embeddable":true,"href":"https:\/\/galicianparts.com\/shop\/wp-json\/wp\/v2\/product_tag?post=22785"}],"curies":[{"name":"wp","href":"https:\/\/api.w.org\/{rel}","templated":true}]}}